{"id":545296,"date":"2026-03-12T16:45:53","date_gmt":"2026-03-12T16:45:53","guid":{"rendered":"https:\/\/harristweed-shop.be\/product\/harris-tweed-dames-jasje-ava-in-colorful-tartan\/"},"modified":"2026-04-21T15:54:33","modified_gmt":"2026-04-21T15:54:33","slug":"harris-tweed-dames-jasje-ava-in-colorful-tartan","status":"publish","type":"product","link":"https:\/\/harristweed-shop.be\/fr\/produit\/veste-femme-en-tweed-harris-ava-a-carreaux-colores\/","title":{"rendered":"Veste femme Harris Tweed Ava en tartan color\u00e9"},"content":{"rendered":"<p>Tradition et innovation se conjuguent dans cet \u00e9l\u00e9gant blazer en Harris Tweed, mod\u00e8le \u201c\u00a0Ava\u00a0\u201d, dont la confection est irr\u00e9prochable. La laine soigneusement s\u00e9lectionn\u00e9e est tiss\u00e9e \u00e0 la main dans les H\u00e9brides ext\u00e9rieures d&#039;\u00c9cosse, offrant une chaleur confortable et une allure raffin\u00e9e. Ce blazer \u00e0 trois boutons pr\u00e9sente une silhouette f\u00e9minine et cintr\u00e9e, une coupe l\u00e9g\u00e8rement plus courte, un col \u00e0 revers, des pinces \u00e0 la poitrine et une fente au dos. Parmi ses d\u00e9tails exquis, on note la doublure en polaire de laine contrastante sous le col et les boutons effet corne. Classique et intemporel, ce magnifique blazer se marie avec style \u00e0 des cardigans, des jupes, des jeans ou des pantalons en laine.<\/p>\n<p>\u2013 Une poche int\u00e9rieure<br \/>- Enti\u00e8rement doubl\u00e9<br \/>\u2013 Harris Tweed \u2013 tiss\u00e9 \u00e0 la main en \u00c9cosse<br \/>\u2013 Blazer court<br \/>\u2013 \u00c9tiquette nominative<br \/>\u2013 Dessous de col en feutre de laine contrastant<br \/>\u2013 Deux poches \u00e0 rabat<\/p>\n<p>Mensurations du mannequin\u00a0: Le mannequin mesure 174\u00a0cm et porte une taille\u00a036.<br \/>Coupe : moderne, courte<br \/>Dimensions du produit (taille 36)\u00a0: \u2013 Longueur dos\u00a0: 62\u00a0cm \u2013 Longueur des manches (depuis l\u2019ourlet)\u00a0: 62,3\u00a0cm \u2013 Tour de poitrine (demi-tour de poitrine)\u00a0: 50,5\u00a0cm \u2013 Tour de taille (demi-tour de poitrine)\u00a0: 44\u00a0cm<\/p>\n<p>Tissu ext\u00e9rieur : pure laine vierge 100%<br \/>Doublure : 55% polyester, 45% viscose<br \/>Doublure des manches : viscose 100%<\/p>","protected":false},"excerpt":{"rendered":"<p>Veste femme en tweed Harris Ava en tartan color\u00e9 568.<\/p>\n<p>Tradition et innovation se conjuguent dans cet \u00e9l\u00e9gant blazer en Harris Tweed, \u201c\u00a0Ava\u00a0\u201d, qui excelle par son savoir-faire. La laine soigneusement s\u00e9lectionn\u00e9e est tiss\u00e9e \u00e0 la main dans les H\u00e9brides ext\u00e9rieures d&#039;\u00c9cosse et offre une chaleur confortable et une allure raffin\u00e9e.<\/p>","protected":false},"featured_media":545307,"template":"","meta":[],"product_brand":[],"product_cat":[1159,592,353,1084,15,478],"product_tag":[],"class_list":{"0":"post-545296","1":"product","2":"type-product","3":"status-publish","4":"has-post-thumbnail","6":"product_cat-harris-tweed-blazer-damen","7":"product_cat-harris-tweed-blazer-fur-damen","8":"product_cat-harris-tweed-dames-jasjes","9":"product_cat-harris-tweed-jasjes-dames","10":"product_cat-harris-tweed-colberts","11":"product_cat-tweed-sakkos","12":"pa_merk-harristweed","14":"first","15":"instock","16":"taxable","17":"shipping-taxable","18":"purchasable","19":"product-type-variable"},"df_price":379.95,"df_sale_price":"","df_regular_price":379.95,"df_image_link":"https:\/\/harristweed-shop.be\/wp-content\/uploads\/2026\/03\/e9cded9e2cb5b7e2235d8ea1738c0291_Harris_tweed_Dames_Jasje_Ava_In_Colorful_Tartan-225x300.jpeg","_links":{"self":[{"href":"https:\/\/harristweed-shop.be\/fr\/wp-json\/wp\/v2\/product\/545296","targetHints":{"allow":["GET"]}}],"collection":[{"href":"https:\/\/harristweed-shop.be\/fr\/wp-json\/wp\/v2\/product"}],"about":[{"href":"https:\/\/harristweed-shop.be\/fr\/wp-json\/wp\/v2\/types\/product"}],"wp:featuredmedia":[{"embeddable":true,"href":"https:\/\/harristweed-shop.be\/fr\/wp-json\/wp\/v2\/media\/545307"}],"wp:attachment":[{"href":"https:\/\/harristweed-shop.be\/fr\/wp-json\/wp\/v2\/media?parent=545296"}],"wp:term":[{"taxonomy":"product_brand","embeddable":true,"href":"https:\/\/harristweed-shop.be\/fr\/wp-json\/wp\/v2\/product_brand?post=545296"},{"taxonomy":"product_cat","embeddable":true,"href":"https:\/\/harristweed-shop.be\/fr\/wp-json\/wp\/v2\/product_cat?post=545296"},{"taxonomy":"product_tag","embeddable":true,"href":"https:\/\/harristweed-shop.be\/fr\/wp-json\/wp\/v2\/product_tag?post=545296"}],"curies":[{"name":"wp","href":"https:\/\/api.w.org\/{rel}","templated":true}]}}