{"id":545127,"date":"2026-03-05T16:05:44","date_gmt":"2026-03-05T16:05:44","guid":{"rendered":"https:\/\/harristweed-shop.be\/product\/harris-tweed-vestje-met-revers-wales-in-cream-tweed\/"},"modified":"2026-04-21T12:17:52","modified_gmt":"2026-04-21T12:17:52","slug":"harris-tweed-vestje-met-revers-wales-in-cream-tweed","status":"publish","type":"product","link":"https:\/\/harristweed-shop.be\/fr\/produit\/gilet-en-tweed-harris-a-revers-pays-de-galles-en-tweed-creme\/","title":{"rendered":"Gilet en tweed Harris \u00e0 revers, couleur cr\u00e8me."},"content":{"rendered":"<p>Gilet Harris Tweed \u00ab Wales \u00bb \u2013 pour les hommes avec style, raffinement et sens de la tradition.<\/p>\n<p>\u00ab L&#039;un des plus beaux tweeds au monde \u00bb \u2013 Le Harris Tweed m\u00e9rite cette distinction \u00e0 juste titre. Le gilet classique pour homme \u00ab Wales \u00bb, en laine vierge 100%, allie savoir-faire traditionnel et polyvalence moderne. Tiss\u00e9 \u00e0 la main dans les H\u00e9brides ext\u00e9rieures \u00e9cossaises, le Harris Tweed exclusif est bien plus qu&#039;un simple tissu\u00a0: c&#039;est une tradition vivante, un v\u00e9ritable savoir-faire et un t\u00e9moignage de l&#039;histoire culturelle britannique. Depuis plus d&#039;un si\u00e8cle, le Harris Tweed est synonyme de qualit\u00e9 authentique et d&#039;une production durable et naturelle in\u00e9gal\u00e9e. Le Harris Tweed est non seulement esth\u00e9tique, mais aussi fonctionnel\u00a0: respirant, thermor\u00e9gulateur et durable, il offre un confort ultime, toute l&#039;ann\u00e9e\u00a0!<\/p>\n<p>Avec son \u00e9l\u00e9gant col \u00e0 revers et son dos confectionn\u00e9s dans le m\u00eame tissu ext\u00e9rieur de haute qualit\u00e9, ce gilet d\u00e9gage une \u00e9l\u00e9gance intemporelle. Cinq boutons effet corne raffin\u00e9e, deux poches \u00e0 rabat classiques, une poche poitrine authentique et une poche int\u00e9rieure pratique rehaussent son design \u00e9l\u00e9gant. Gr\u00e2ce au dos r\u00e9glable, la coupe est personnalisable, pour une tenue parfaite en toute occasion.<\/p>\n<p>Que vous le combiniez avec la veste Harris Tweed assortie \u00ab London \u00bb, de mani\u00e8re d\u00e9contract\u00e9e avec un jean ou de mani\u00e8re classique avec un chino et un pantalon en velours c\u00f4tel\u00e9, le gilet \u00ab Wales \u00bb s&#039;av\u00e8re \u00eatre un v\u00eatement polyvalent avec du caract\u00e8re et est une expression de style, de qualit\u00e9 et d&#039;individualit\u00e9.<\/p>\n<p>\u2013 100% pure laine vierge<br \/>\u2013 Une poche poitrine<br \/>\u2013 Une poche int\u00e9rieure<br \/>\u2013 Doublure color\u00e9e<br \/>- L\u00e9g\u00e8rement ajust\u00e9<br \/>\u2013 Col \u00e0 revers<br \/>\u2013 Devant et dos enti\u00e8rement en Harris Tweed<br \/>\u2013 L\u00e8vre r\u00e9glable en largeur \u00e0 l\u2019arri\u00e8re&nbsp;<br \/>\u2013 Deux poches \u00e0 rabat et une poche ticket sur le c\u00f4t\u00e9 droit<\/p>\n<p>Mensurations du mod\u00e8le : Le mannequin mesure 189 cm et porte une taille 50.<br \/>Coupe : Gilet moderne et ajust\u00e9 avec une sangle r\u00e9glable \u00e0 l&#039;arri\u00e8re pour un ajustement personnalis\u00e9.<br \/>Dimensions : Pour la taille 50 les mesures sont : Longueur dos : 61 cm \u2013 Poitrine : 55 cm \u2013 Taille : 53 cm<\/p>\n<p>Tissu ext\u00e9rieur : laine vierge 100%<br \/>Doublure : 55% polyester, 45% viscose<\/p>","protected":false},"excerpt":{"rendered":"<p>Gilet en tweed Harris avec revers Pays de Galles en tweed cr\u00e8me 524.<\/p>\n<p>Le gilet classique \u00ab\u00a0Wales\u00a0\u00bb pour homme, confectionn\u00e9 en laine vierge 100%, allie savoir-faire traditionnel et polyvalence moderne. Tiss\u00e9 \u00e0 la main dans les H\u00e9brides ext\u00e9rieures \u00e9cossaises, le Harris Tweed exclusif est bien plus qu&#039;un simple tissu\u00a0: c&#039;est une tradition vivante, un v\u00e9ritable savoir-faire et un t\u00e9moignage de l&#039;histoire culturelle britannique.<\/p>","protected":false},"featured_media":545139,"template":"","meta":[],"product_brand":[],"product_cat":[1212,1088,1156,510,1078,512,88,511],"product_tag":[],"class_list":{"0":"post-545127","1":"product","2":"type-product","3":"status-publish","4":"has-post-thumbnail","6":"product_cat-harris-tweed","7":"product_cat-harris-tweed-vestjes-en-gilets-heren","8":"product_cat-harris-tweed-westen-und-gilets-herren","9":"product_cat-heren-vestjes","10":"product_cat-heren-vestjes-harris-tweed","11":"product_cat-herren-westen-und-gilets","12":"product_cat-vestjes-en-gilets","13":"product_cat-westen-und-gilets","14":"pa_merk-harristweed","16":"first","17":"instock","18":"taxable","19":"shipping-taxable","20":"purchasable","21":"product-type-variable"},"df_price":179.95,"df_sale_price":"","df_regular_price":179.95,"df_image_link":"https:\/\/harristweed-shop.be\/wp-content\/uploads\/2026\/03\/84d6cc97a9b65f66017b00b666b9015f_Harris_Tweed_Vestje_Met_Revers_Wales_in_Cream_Tweed-225x300.jpeg","_links":{"self":[{"href":"https:\/\/harristweed-shop.be\/fr\/wp-json\/wp\/v2\/product\/545127","targetHints":{"allow":["GET"]}}],"collection":[{"href":"https:\/\/harristweed-shop.be\/fr\/wp-json\/wp\/v2\/product"}],"about":[{"href":"https:\/\/harristweed-shop.be\/fr\/wp-json\/wp\/v2\/types\/product"}],"wp:featuredmedia":[{"embeddable":true,"href":"https:\/\/harristweed-shop.be\/fr\/wp-json\/wp\/v2\/media\/545139"}],"wp:attachment":[{"href":"https:\/\/harristweed-shop.be\/fr\/wp-json\/wp\/v2\/media?parent=545127"}],"wp:term":[{"taxonomy":"product_brand","embeddable":true,"href":"https:\/\/harristweed-shop.be\/fr\/wp-json\/wp\/v2\/product_brand?post=545127"},{"taxonomy":"product_cat","embeddable":true,"href":"https:\/\/harristweed-shop.be\/fr\/wp-json\/wp\/v2\/product_cat?post=545127"},{"taxonomy":"product_tag","embeddable":true,"href":"https:\/\/harristweed-shop.be\/fr\/wp-json\/wp\/v2\/product_tag?post=545127"}],"curies":[{"name":"wp","href":"https:\/\/api.w.org\/{rel}","templated":true}]}}