{"id":545068,"date":"2026-03-05T15:07:09","date_gmt":"2026-03-05T15:07:09","guid":{"rendered":"https:\/\/harristweed-shop.be\/product\/heren-korte-jas-flynston-met-vest-inzetstuk-in-navy\/"},"modified":"2026-04-07T05:40:35","modified_gmt":"2026-04-07T05:40:35","slug":"heren-korte-jas-flynston-met-vest-inzetstuk-in-navy","status":"publish","type":"product","link":"https:\/\/harristweed-shop.be\/fr\/produit\/veste-courte-flynston-pour-homme-avec-empiecement-gilet-coloris-marine\/","title":{"rendered":"Veste courte Flynston pour homme avec empi\u00e8cement gilet, coloris marine"},"content":{"rendered":"<p>Veste homme \u201c Flynston \u201d \u2013 avec empi\u00e8cement gilet pratique<\/p>\n<p>La veste homme \u201c Flynston \u201d est confectionn\u00e9e en tweed de laine et cachemire de haute qualit\u00e9, avec un petit plus bien chaud\u00a0: une doublure en gilet et une capuche amovible. Cette veste homme se porte avec un jean d\u00e9contract\u00e9 ou, sans la doublure et la capuche, avec un costume \u00e9l\u00e9gant. Ses poches en biais confortables et sa courte fente au dos assurent un confort optimal. Cette veste homme est particuli\u00e8rement chaude gr\u00e2ce \u00e0 son rembourrage suppl\u00e9mentaire au niveau du torse et des manches\u00a0; la doublure en nylon matelass\u00e9 est doubl\u00e9e d&#039;une confortable doublure en jersey de coton. Un mod\u00e8le polyvalent moderne et haut de gamme, caract\u00e9ris\u00e9 par sa fonctionnalit\u00e9 et le souci du d\u00e9tail.<\/p>\n<p>\u2013 Capuche amovible<br \/>\u2013 Fermeture \u00e0 glissi\u00e8re et \u00e0 bouton<br \/>\u2013 Doublure en jacquard de canard<br \/>- Ventilation \u00e0 l&#039;arri\u00e8re<br \/>\u2013 Poches lat\u00e9rales<br \/>\u2013 D\u00e9ploiement de la forteresse<br \/>\u2013 Deux poches int\u00e9rieures<\/p>\n<p>Mensurations du mod\u00e8le : Le mannequin mesure 184 cm et porte une taille 50.<br \/>Coupe : Confortable, coupe droite<br \/>Dimensions de l&#039;article : Pour la taille 50 : Longueur du dos : 88 cm \u2013 Longueur des manches \u00e0 partir du ballon : 66 cm \u2013 Largeur demi-poitrine : 58 cm \u2013 Largeur demi-taille : 55 cm<\/p>\n<p>Tissu ext\u00e9rieur : 95% laine vierge, 5% cachemire<br \/>Doublure : 60% viscose, 40% polyester<br \/>Doublure des manches : polyester 100%<\/p>","protected":false},"excerpt":{"rendered":"<p>Veste courte pour homme Flynston avec empi\u00e8cement gilet, bleu marine, taille 10.<\/p>\n<p>Cette veste pour homme peut \u00eatre combin\u00e9e de mani\u00e8re d\u00e9contract\u00e9e avec un jean ou, sans l&#039;insert de gilet et la capuche, de mani\u00e8re \u00e9l\u00e9gante avec un costume.<\/p>","protected":false},"featured_media":545079,"template":"","meta":[],"product_brand":[],"product_cat":[1087,1157,530,87,482],"product_tag":[],"class_list":{"0":"post-545068","1":"product","2":"type-product","3":"status-publish","4":"has-post-thumbnail","6":"product_cat-harris-tweed-jassen-en-jacks-heren","7":"product_cat-harris-tweed-mantel-und-jacken-fur-herren","8":"product_cat-heren-jassen-en-jacks","9":"product_cat-jassen-en-jacks","10":"product_cat-mantel-und-jacken","11":"pa_merk-wellington","13":"first","14":"instock","15":"taxable","16":"shipping-taxable","17":"purchasable","18":"product-type-variable"},"df_price":299.95,"df_sale_price":"","df_regular_price":299.95,"df_image_link":"https:\/\/harristweed-shop.be\/wp-content\/uploads\/2026\/03\/c4f68da7ba5df8e57c9c1efab5e33699_Heren_Korte_Jas_Flynston_Met_Vest_Inzetstuk_In_Navy-225x300.jpeg","_links":{"self":[{"href":"https:\/\/harristweed-shop.be\/fr\/wp-json\/wp\/v2\/product\/545068","targetHints":{"allow":["GET"]}}],"collection":[{"href":"https:\/\/harristweed-shop.be\/fr\/wp-json\/wp\/v2\/product"}],"about":[{"href":"https:\/\/harristweed-shop.be\/fr\/wp-json\/wp\/v2\/types\/product"}],"wp:featuredmedia":[{"embeddable":true,"href":"https:\/\/harristweed-shop.be\/fr\/wp-json\/wp\/v2\/media\/545079"}],"wp:attachment":[{"href":"https:\/\/harristweed-shop.be\/fr\/wp-json\/wp\/v2\/media?parent=545068"}],"wp:term":[{"taxonomy":"product_brand","embeddable":true,"href":"https:\/\/harristweed-shop.be\/fr\/wp-json\/wp\/v2\/product_brand?post=545068"},{"taxonomy":"product_cat","embeddable":true,"href":"https:\/\/harristweed-shop.be\/fr\/wp-json\/wp\/v2\/product_cat?post=545068"},{"taxonomy":"product_tag","embeddable":true,"href":"https:\/\/harristweed-shop.be\/fr\/wp-json\/wp\/v2\/product_tag?post=545068"}],"curies":[{"name":"wp","href":"https:\/\/api.w.org\/{rel}","templated":true}]}}