{"id":545028,"date":"2026-03-05T14:35:23","date_gmt":"2026-03-05T14:35:23","guid":{"rendered":"https:\/\/harristweed-shop.be\/product\/harris-tweed-jacket-london-in-houndstooth-tweed\/"},"modified":"2026-04-07T05:40:35","modified_gmt":"2026-04-07T05:40:35","slug":"harris-tweed-jacket-london-in-houndstooth-tweed","status":"publish","type":"product","link":"https:\/\/harristweed-shop.be\/fr\/produit\/veste-en-tweed-harris-london-a-motif-pied-de-poule\/","title":{"rendered":"Veste en tweed Harris London \u00e0 motif pied-de-poule"},"content":{"rendered":"<p>Veste en tweed Harris \u00ab London \u00bb \u2013 La tradition rencontre le style<\/p>\n<p>D\u00e9couvrez un v\u00e9ritable classique de la mode masculine britannique avec la veste Harris Tweed \u00ab\u00a0London\u00a0\u00bb. Confectionn\u00e9e en laine vierge 100% et tiss\u00e9e \u00e0 la main dans les H\u00e9brides ext\u00e9rieures en \u00c9cosse, la veste Harris Tweed est consid\u00e9r\u00e9e \u00e0 juste titre comme \u00ab\u00a0l&#039;un des plus beaux tweeds au monde\u00a0\u00bb et garantit depuis des g\u00e9n\u00e9rations savoir-faire, authenticit\u00e9 et style intemporel. Le certificat d&#039;authenticit\u00e9 officiel de la Harris Tweed Authority, cousu \u00e0 l&#039;int\u00e9rieur, atteste de l&#039;origine et de la qualit\u00e9 incontestables du tissu.<\/p>\n<p>Cette \u00e9l\u00e9gante veste se ferme gr\u00e2ce \u00e0 deux boutons effet corne. Gr\u00e2ce \u00e0 sa confection soign\u00e9e, ses deux poches \u00e0 rabat, sa poche \u00e0 la taille, ses quatre poches int\u00e9rieures pratiques et ses deux fentes au dos, elle est depuis longtemps un incontournable du vestiaire britannique. Cette veste pour homme est con\u00e7ue avec le plus grand soin\u00a0: le dessous de col contrast\u00e9 en feutre de laine apporte une touche subtile, tandis que les manches en cuir v\u00e9ritable expriment le charme britannique.<\/p>\n<p>Cette veste allie le meilleur des deux mondes : l&#039;\u00e9l\u00e9gance britannique classique et la polyvalence moderne. Que vous la portiez avec un cardigan, un jean, un chino ou un pantalon en velours c\u00f4tel\u00e9, elle vous garantit un look \u00e9l\u00e9gant, affirm\u00e9 et unique. Un v\u00e9ritable coup de c\u0153ur pour tous ceux qui recherchent une pi\u00e8ce unique !<\/p>\n<p>\u2013 Patchs de manche en cuir v\u00e9ritable<br \/>\u2013 Une poche poitrine<br \/>\u2013 Harris Tweed \u2013 tiss\u00e9 \u00e0 la main en \u00c9cosse<br \/>\u2013 \u00c9tiquette nominative<br \/>\u2013 Dessous de col contrast\u00e9 en feutre de laine<br \/>\u2013 Quatre poches int\u00e9rieures<br \/>\u2013 Deux poches \u00e0 rabat et une poche ticket sur le c\u00f4t\u00e9 droit<br \/>\u2013 Deux fentes au dos<\/p>\n<p>Mensurations du mod\u00e8le : Le mannequin mesure 189 cm et porte une taille 50.<br \/>Coupe : La veste a une coupe moderne et une coupe sportive mais \u00e9l\u00e9gante.<br \/>Dimensions de l&#039;article : Pour la taille 50, les mesures sont : Longueur du dos : 74 cm \u2013 Longueur des manches \u00e0 partir du ballon : 64 cm \u2013 Demi-taille : 51 cm<\/p>\n<p>Tissu ext\u00e9rieur : laine vierge 100%<br \/>Doublure : 55% polyester, 45% viscose<br \/>Doublure des manches : viscose 100%<\/p>","protected":false},"excerpt":{"rendered":"<p>Veste Harris Tweed London en tweed pied-de-poule 525.<\/p>\n<p>D\u00e9couvrez un v\u00e9ritable classique de la mode masculine britannique avec la veste \u00ab\u00a0London\u00a0\u00bb en Harris Tweed. Confectionn\u00e9e en laine vierge 100% et tiss\u00e9e \u00e0 la main dans les H\u00e9brides ext\u00e9rieures en \u00c9cosse, le Harris Tweed est consid\u00e9r\u00e9 \u00e0 juste titre comme \u00ab\u00a0l&#039;un des plus beaux tweeds au monde\u00a0\u00bb et garantit savoir-faire, authenticit\u00e9 et style intemporel depuis des g\u00e9n\u00e9rations.<\/p>","protected":false},"featured_media":545029,"template":"","meta":[],"product_brand":[],"product_cat":[1091,1090,393,1083,479,15,478],"product_tag":[],"class_list":{"0":"post-545028","1":"product","2":"type-product","3":"status-publish","4":"has-post-thumbnail","6":"product_cat-colbert-tweed-colberts-en-jasjes","7":"product_cat-colberts-en-jasjes","8":"product_cat-harris-tweed-heren-jasjes","9":"product_cat-harris-tweed-jasjes-heren","10":"product_cat-harris-tweed-sakkos-fur-herren","11":"product_cat-harris-tweed-colberts","12":"product_cat-tweed-sakkos","13":"pa_merk-wellington","15":"first","16":"instock","17":"taxable","18":"shipping-taxable","19":"purchasable","20":"product-type-variable"},"df_price":379.95,"df_sale_price":"","df_regular_price":379.95,"df_image_link":"https:\/\/harristweed-shop.be\/wp-content\/uploads\/2026\/03\/e7b00d3a461ce715e188dbd3b4989713_Harris_Tweed_Jacket_London_In_Houndstooth_Tweed_1-225x300.jpeg","_links":{"self":[{"href":"https:\/\/harristweed-shop.be\/fr\/wp-json\/wp\/v2\/product\/545028","targetHints":{"allow":["GET"]}}],"collection":[{"href":"https:\/\/harristweed-shop.be\/fr\/wp-json\/wp\/v2\/product"}],"about":[{"href":"https:\/\/harristweed-shop.be\/fr\/wp-json\/wp\/v2\/types\/product"}],"wp:featuredmedia":[{"embeddable":true,"href":"https:\/\/harristweed-shop.be\/fr\/wp-json\/wp\/v2\/media\/545029"}],"wp:attachment":[{"href":"https:\/\/harristweed-shop.be\/fr\/wp-json\/wp\/v2\/media?parent=545028"}],"wp:term":[{"taxonomy":"product_brand","embeddable":true,"href":"https:\/\/harristweed-shop.be\/fr\/wp-json\/wp\/v2\/product_brand?post=545028"},{"taxonomy":"product_cat","embeddable":true,"href":"https:\/\/harristweed-shop.be\/fr\/wp-json\/wp\/v2\/product_cat?post=545028"},{"taxonomy":"product_tag","embeddable":true,"href":"https:\/\/harristweed-shop.be\/fr\/wp-json\/wp\/v2\/product_tag?post=545028"}],"curies":[{"name":"wp","href":"https:\/\/api.w.org\/{rel}","templated":true}]}}