{"id":544996,"date":"2026-03-05T14:35:05","date_gmt":"2026-03-05T14:35:05","guid":{"rendered":"https:\/\/harristweed-shop.be\/product\/harris-tweed-overjas-barney-green-overcheck\/"},"modified":"2026-04-21T11:26:55","modified_gmt":"2026-04-21T11:26:55","slug":"harris-tweed-overjas-barney-green-overcheck","status":"publish","type":"product","link":"https:\/\/harristweed-shop.be\/fr\/produit\/manteau-en-tweed-harris-surchemise-a-carreaux-barney-green\/","title":{"rendered":"Manteau en tweed Harris Barney \u00e0 carreaux verts"},"content":{"rendered":"<p>Tradition et innovation se rencontrent dans cette veste en tweed pour homme, \u201c\u00a0Barney\u00a0\u201d, confectionn\u00e9e en v\u00e9ritable Harris Tweed. C&#039;est l&#039;exemple parfait d&#039;un manteau en laine moderne \u00e0 col \u00e0 revers, associ\u00e9 \u00e0 un tweed qui a fait ses preuves depuis des d\u00e9cennies. Cette veste pour homme convient aussi bien aux tenues professionnelles qu&#039;aux tenues de soir\u00e9e \u00e9l\u00e9gantes. Elle est dot\u00e9e d&#039;une fermeture boutonn\u00e9e sur le devant et de poches passepoil\u00e9es confortables. Une courte fente au dos offre une grande libert\u00e9 de mouvement. Les boutons en corne v\u00e9ritable cousus main et le logo grav\u00e9 apportent une touche d&#039;\u00e9l\u00e9gance. Ce manteau en laine impressionne par sa qualit\u00e9 de fabrication et son souci du d\u00e9tail, comme en t\u00e9moignent le dessous de col \u00e0 bordure en feutre contrastante et la doublure soign\u00e9e. Un incontournable pour l&#039;homme \u00e9l\u00e9gant\u00a0!<\/p>\n<p>\u2013 Zoom avec division<br \/>\u2013 Harris Tweed \u2013 tiss\u00e9 \u00e0 la main en \u00c9cosse<br \/>\u2013 Poche int\u00e9rieure avec bouton<br \/>\u2013 Poche int\u00e9rieure avec fermeture \u00e9clair<br \/>\u2013 \u00c9tiquette nominative<br \/>\u2013 Poches lat\u00e9rales<br \/>\u2013 Dessous de col en feutre de laine contrast\u00e9<\/p>\n<p>Tissu ext\u00e9rieur : laine vierge 100%<br \/>Doublure : 60% viscose, 40% polyester<br \/>Doublure des manches : 60% viscose, 40% polyester<\/p>","protected":false},"excerpt":{"rendered":"<p>Manteau en tweed Harris \u00e0 carreaux verts Barney.<\/p>\n<p>Un exemple parfait d&#039;un manteau en laine moderne avec un col \u00e0 revers, associ\u00e9 \u00e0 un tweed qui a fait ses preuves depuis des d\u00e9cennies.<\/p>","protected":false},"featured_media":545024,"template":"","meta":[],"product_brand":[],"product_cat":[1212,1087,1157,1151,530,87,482,531],"product_tag":[],"class_list":{"0":"post-544996","1":"product","2":"type-product","3":"status-publish","4":"has-post-thumbnail","6":"product_cat-harris-tweed","7":"product_cat-harris-tweed-jassen-en-jacks-heren","8":"product_cat-harris-tweed-mantel-und-jacken-fur-herren","9":"product_cat-harris-tweed-overjassen-heren","10":"product_cat-heren-jassen-en-jacks","11":"product_cat-jassen-en-jacks","12":"product_cat-mantel-und-jacken","13":"product_cat-mantel-und-jacken-fur-herren","14":"pa_merk-wellington","16":"first","17":"instock","18":"taxable","19":"shipping-taxable","20":"purchasable","21":"product-type-variable"},"df_price":398,"df_sale_price":"","df_regular_price":398,"df_image_link":"https:\/\/harristweed-shop.be\/wp-content\/uploads\/2026\/03\/0adb6cc0c80f319059d3c2769e6cdd33_Harris_Tweed_Overjas_Barney_Green_Overcheck-225x300.jpeg","_links":{"self":[{"href":"https:\/\/harristweed-shop.be\/fr\/wp-json\/wp\/v2\/product\/544996","targetHints":{"allow":["GET"]}}],"collection":[{"href":"https:\/\/harristweed-shop.be\/fr\/wp-json\/wp\/v2\/product"}],"about":[{"href":"https:\/\/harristweed-shop.be\/fr\/wp-json\/wp\/v2\/types\/product"}],"wp:featuredmedia":[{"embeddable":true,"href":"https:\/\/harristweed-shop.be\/fr\/wp-json\/wp\/v2\/media\/545024"}],"wp:attachment":[{"href":"https:\/\/harristweed-shop.be\/fr\/wp-json\/wp\/v2\/media?parent=544996"}],"wp:term":[{"taxonomy":"product_brand","embeddable":true,"href":"https:\/\/harristweed-shop.be\/fr\/wp-json\/wp\/v2\/product_brand?post=544996"},{"taxonomy":"product_cat","embeddable":true,"href":"https:\/\/harristweed-shop.be\/fr\/wp-json\/wp\/v2\/product_cat?post=544996"},{"taxonomy":"product_tag","embeddable":true,"href":"https:\/\/harristweed-shop.be\/fr\/wp-json\/wp\/v2\/product_tag?post=544996"}],"curies":[{"name":"wp","href":"https:\/\/api.w.org\/{rel}","templated":true}]}}