{"id":544902,"date":"2026-03-05T14:05:22","date_gmt":"2026-03-05T14:05:22","guid":{"rendered":"https:\/\/harristweed-shop.be\/product\/harris-tweed-jacket-london-in-light-grey\/"},"modified":"2026-04-07T05:55:45","modified_gmt":"2026-04-07T05:55:45","slug":"harris-tweed-jacket-london-in-light-grey","status":"publish","type":"product","link":"https:\/\/harristweed-shop.be\/fr\/produit\/veste-en-tweed-harris-london-gris-clair\/","title":{"rendered":"Veste Harris Tweed London en gris clair"},"content":{"rendered":"<p>Veste Harris Tweed \u00ab London \u00bb \u2013 la tradition rencontre le style<\/p>\n<p>D\u00e9couvrez un v\u00e9ritable classique de la mode masculine britannique avec la veste Harris Tweed \u00ab\u00a0London\u00a0\u00bb. Confectionn\u00e9e en laine vierge 100% et tiss\u00e9e \u00e0 la main dans les H\u00e9brides ext\u00e9rieures en \u00c9cosse, la veste Harris Tweed est consid\u00e9r\u00e9e \u00e0 juste titre comme \u00ab\u00a0l&#039;un des plus beaux tweeds au monde\u00a0\u00bb et garantit depuis des g\u00e9n\u00e9rations savoir-faire, authenticit\u00e9 et style intemporel. Le certificat d&#039;authenticit\u00e9 officiel de la Harris Tweed Authority, cousu \u00e0 l&#039;int\u00e9rieur, atteste de l&#039;origine et de la qualit\u00e9 incontestables du tissu.<\/p>\n<p>Cette \u00e9l\u00e9gante veste se ferme par deux boutons effet corne. Dot\u00e9e de deux poches \u00e0 rabat, d&#039;une poche portefeuille, de quatre poches int\u00e9rieures pratiques et de deux fentes au dos, elle est depuis longtemps un \u00e9l\u00e9ment essentiel du style britannique. Cette veste pour homme est con\u00e7ue avec le souci du d\u00e9tail\u00a0: le dessous de col contrast\u00e9 en feutre de laine apporte une touche subtile, tandis que les manches en cuir v\u00e9ritable expriment le charme britannique.<\/p>\n<p>Cette veste allie le meilleur des deux mondes : l&#039;\u00e9l\u00e9gance britannique classique et la polyvalence moderne. Que vous la portiez avec un gilet, un jean, un chino ou un pantalon en velours c\u00f4tel\u00e9, elle vous garantit un look \u00e9l\u00e9gant, affirm\u00e9 et unique. Un v\u00e9ritable coup de c\u0153ur pour tous ceux qui recherchent une pi\u00e8ce unique !<\/p>\n<p>\u2013 Patchs de manche en cuir v\u00e9ritable<br \/>\u2013 Une poche de poitrine<br \/>\u2013 Harris Tweed <br \/>\u2013 Tiss\u00e9 \u00e0 la main en \u00c9cosse<br \/>\u2013 \u00c9tiquette nominative<br \/>\u2013 Dessous de col en feutre de laine contrast\u00e9<br \/>\u2013 Quatre poches int\u00e9rieures<br \/>\u2013 Deux poches \u00e0 rabat et une poche ticket sur le c\u00f4t\u00e9 droit<br \/>\u2013 Deux fentes au dos<\/p>\n<p>Taille du mod\u00e8le : Le mannequin mesure 189 cm et porte la taille 50.<br \/>Coupe : La veste a une coupe moderne et une coupe sportive et \u00e9l\u00e9gante.<br \/>Taille de l&amp;#039;article : Pour la taille 50 les dimensions sont :&lt;br&gt; Longueur du dos : 74 cm -&lt;br&gt; Longueur des manches &agrave; partir du ballon : 64 cm -&lt;br&gt; Largeur &agrave; mi-taille : 51 cm<\/p>\n<p>Tissu ext\u00e9rieur : laine vierge 100%<br \/>Doublure : 55% polyester, 45% viscose<br \/>Doublure des manches : viscose 100%<\/p>","protected":false},"excerpt":{"rendered":"<p>Veste Harris Tweed London en gris clair 602.<\/p>\n<p>D\u00e9couvrez un v\u00e9ritable classique du vestiaire masculin britannique avec la veste \u00ab\u00a0London\u00a0\u00bb en Harris Tweed. Confectionn\u00e9e en laine vierge 100% et tiss\u00e9e \u00e0 la main dans les H\u00e9brides ext\u00e9rieures en \u00c9cosse, la veste Harris Tweed est consid\u00e9r\u00e9e \u00e0 juste titre comme \u00ab\u00a0l&#039;un des plus beaux tweeds au monde\u00a0\u00bb et garantit savoir-faire, authenticit\u00e9 et style intemporel depuis des g\u00e9n\u00e9rations.<\/p>","protected":false},"featured_media":544930,"template":"","meta":[],"product_brand":[],"product_cat":[1091,1090,393,1083,479,1155,15,478],"product_tag":[],"class_list":{"0":"post-544902","1":"product","2":"type-product","3":"status-publish","4":"has-post-thumbnail","6":"product_cat-colbert-tweed-colberts-en-jasjes","7":"product_cat-colberts-en-jasjes","8":"product_cat-harris-tweed-heren-jasjes","9":"product_cat-harris-tweed-jasjes-heren","10":"product_cat-harris-tweed-sakkos-fur-herren","11":"product_cat-harris-tweed-sakkos-herren","12":"product_cat-harris-tweed-colberts","13":"product_cat-tweed-sakkos","14":"pa_merk-wellington","16":"first","17":"instock","18":"taxable","19":"shipping-taxable","20":"purchasable","21":"product-type-variable"},"df_price":379.95,"df_sale_price":"","df_regular_price":379.95,"df_image_link":"https:\/\/harristweed-shop.be\/wp-content\/uploads\/2026\/03\/18acd945e78441ea59f9188943b32c83_Harris_Tweed_Jacket_London_In_Light_Grey-225x300.jpeg","_links":{"self":[{"href":"https:\/\/harristweed-shop.be\/fr\/wp-json\/wp\/v2\/product\/544902","targetHints":{"allow":["GET"]}}],"collection":[{"href":"https:\/\/harristweed-shop.be\/fr\/wp-json\/wp\/v2\/product"}],"about":[{"href":"https:\/\/harristweed-shop.be\/fr\/wp-json\/wp\/v2\/types\/product"}],"wp:featuredmedia":[{"embeddable":true,"href":"https:\/\/harristweed-shop.be\/fr\/wp-json\/wp\/v2\/media\/544930"}],"wp:attachment":[{"href":"https:\/\/harristweed-shop.be\/fr\/wp-json\/wp\/v2\/media?parent=544902"}],"wp:term":[{"taxonomy":"product_brand","embeddable":true,"href":"https:\/\/harristweed-shop.be\/fr\/wp-json\/wp\/v2\/product_brand?post=544902"},{"taxonomy":"product_cat","embeddable":true,"href":"https:\/\/harristweed-shop.be\/fr\/wp-json\/wp\/v2\/product_cat?post=544902"},{"taxonomy":"product_tag","embeddable":true,"href":"https:\/\/harristweed-shop.be\/fr\/wp-json\/wp\/v2\/product_tag?post=544902"}],"curies":[{"name":"wp","href":"https:\/\/api.w.org\/{rel}","templated":true}]}}