{"id":544863,"date":"2026-02-28T14:35:06","date_gmt":"2026-02-28T14:35:06","guid":{"rendered":"https:\/\/harristweed-shop.be\/product\/ribbroek-noterman-taupe\/"},"modified":"2026-04-07T05:55:45","modified_gmt":"2026-04-07T05:55:45","slug":"ribbroek-noterman-taupe","status":"publish","type":"product","link":"https:\/\/harristweed-shop.be\/fr\/produit\/pantalon-en-velours-cotele-taupe-noterman\/","title":{"rendered":"Pantalon en velours c\u00f4tel\u00e9 taupe Noterman"},"content":{"rendered":"","protected":false},"excerpt":{"rendered":"<p>Pantalon c\u00f4tel\u00e9 Noterman, taupe \u2013 anthracite<\/p>","protected":false},"featured_media":544874,"template":"","meta":[],"product_brand":[],"product_cat":[513,607,608,603,602,601],"product_tag":[],"class_list":{"0":"post-544863","1":"product","2":"type-product","3":"status-publish","4":"has-post-thumbnail","6":"product_cat-broeken","7":"product_cat-chinos-broeken","8":"product_cat-chinos-hosen","9":"product_cat-cord-hosen","10":"product_cat-hosen","11":"product_cat-ribbroeken","12":"pa_merk-atelier-noterman","14":"first","15":"instock","16":"taxable","17":"shipping-taxable","18":"purchasable","19":"product-type-variable"},"df_price":199.95,"df_sale_price":"","df_regular_price":199.95,"df_image_link":"https:\/\/harristweed-shop.be\/wp-content\/uploads\/2026\/02\/0c7ecd1f53b45230ff39c8d9c2c82cd3_Ribbroek_Noterman_Taupe-225x300.jpeg","_links":{"self":[{"href":"https:\/\/harristweed-shop.be\/fr\/wp-json\/wp\/v2\/product\/544863","targetHints":{"allow":["GET"]}}],"collection":[{"href":"https:\/\/harristweed-shop.be\/fr\/wp-json\/wp\/v2\/product"}],"about":[{"href":"https:\/\/harristweed-shop.be\/fr\/wp-json\/wp\/v2\/types\/product"}],"wp:featuredmedia":[{"embeddable":true,"href":"https:\/\/harristweed-shop.be\/fr\/wp-json\/wp\/v2\/media\/544874"}],"wp:attachment":[{"href":"https:\/\/harristweed-shop.be\/fr\/wp-json\/wp\/v2\/media?parent=544863"}],"wp:term":[{"taxonomy":"product_brand","embeddable":true,"href":"https:\/\/harristweed-shop.be\/fr\/wp-json\/wp\/v2\/product_brand?post=544863"},{"taxonomy":"product_cat","embeddable":true,"href":"https:\/\/harristweed-shop.be\/fr\/wp-json\/wp\/v2\/product_cat?post=544863"},{"taxonomy":"product_tag","embeddable":true,"href":"https:\/\/harristweed-shop.be\/fr\/wp-json\/wp\/v2\/product_tag?post=544863"}],"curies":[{"name":"wp","href":"https:\/\/api.w.org\/{rel}","templated":true}]}}