{"id":544845,"date":"2026-02-28T14:06:03","date_gmt":"2026-02-28T14:06:03","guid":{"rendered":"https:\/\/harristweed-shop.be\/product\/ribbroek-noterman-beige\/"},"modified":"2026-04-07T05:55:45","modified_gmt":"2026-04-07T05:55:45","slug":"ribbroek-noterman-beige","status":"publish","type":"product","link":"https:\/\/harristweed-shop.be\/fr\/produit\/pantalon-en-velours-cotele-beige-noterman\/","title":{"rendered":"Pantalon c\u00f4tel\u00e9 beige Noterman"},"content":{"rendered":"","protected":false},"excerpt":{"rendered":"<p>Pantalon en velours c\u00f4tel\u00e9 Noterman, beige.<\/p>","protected":false},"featured_media":544856,"template":"","meta":[],"product_brand":[],"product_cat":[513,607,608,603,602,601],"product_tag":[],"class_list":{"0":"post-544845","1":"product","2":"type-product","3":"status-publish","4":"has-post-thumbnail","6":"product_cat-broeken","7":"product_cat-chinos-broeken","8":"product_cat-chinos-hosen","9":"product_cat-cord-hosen","10":"product_cat-hosen","11":"product_cat-ribbroeken","12":"pa_merk-atelier-noterman","14":"first","15":"instock","16":"taxable","17":"shipping-taxable","18":"purchasable","19":"product-type-variable"},"df_price":199.95,"df_sale_price":"","df_regular_price":199.95,"df_image_link":"https:\/\/harristweed-shop.be\/wp-content\/uploads\/2026\/02\/ac69986e9e55a8e82d4e7f26389e2160_Ribbroek_Noterman_Beige_1-225x300.jpeg","_links":{"self":[{"href":"https:\/\/harristweed-shop.be\/fr\/wp-json\/wp\/v2\/product\/544845","targetHints":{"allow":["GET"]}}],"collection":[{"href":"https:\/\/harristweed-shop.be\/fr\/wp-json\/wp\/v2\/product"}],"about":[{"href":"https:\/\/harristweed-shop.be\/fr\/wp-json\/wp\/v2\/types\/product"}],"wp:featuredmedia":[{"embeddable":true,"href":"https:\/\/harristweed-shop.be\/fr\/wp-json\/wp\/v2\/media\/544856"}],"wp:attachment":[{"href":"https:\/\/harristweed-shop.be\/fr\/wp-json\/wp\/v2\/media?parent=544845"}],"wp:term":[{"taxonomy":"product_brand","embeddable":true,"href":"https:\/\/harristweed-shop.be\/fr\/wp-json\/wp\/v2\/product_brand?post=544845"},{"taxonomy":"product_cat","embeddable":true,"href":"https:\/\/harristweed-shop.be\/fr\/wp-json\/wp\/v2\/product_cat?post=544845"},{"taxonomy":"product_tag","embeddable":true,"href":"https:\/\/harristweed-shop.be\/fr\/wp-json\/wp\/v2\/product_tag?post=544845"}],"curies":[{"name":"wp","href":"https:\/\/api.w.org\/{rel}","templated":true}]}}