{"id":544814,"date":"2026-02-28T13:34:39","date_gmt":"2026-02-28T13:34:39","guid":{"rendered":"https:\/\/harristweed-shop.be\/product\/chino-noterman-beige-3\/"},"modified":"2026-05-02T11:06:06","modified_gmt":"2026-05-02T11:06:06","slug":"chino-noterman-beige-3","status":"publish","type":"product","link":"https:\/\/harristweed-shop.be\/fr\/produit\/chino-noterman-beige-3\/","title":{"rendered":"Chino Noterman Beige"},"content":{"rendered":"<p>Le chino parfait en toutes circonstances. Un chino de qualit\u00e9 est un indispensable de votre garde-robe. Avant tout, il doit \u00eatre parfaitement ajust\u00e9\u00a0: ni trop serr\u00e9, ni trop large, juste comme il faut. Selon les v\u00eatements avec lesquels vous l\u2019associez, vous pouvez le porter aussi bien de fa\u00e7on d\u00e9contract\u00e9e que formelle.<\/p>","protected":false},"excerpt":{"rendered":"<p>Chino beige Noterman. <\/p>","protected":false},"featured_media":544825,"template":"","meta":[],"product_brand":[],"product_cat":[513,607,608,602],"product_tag":[],"class_list":{"0":"post-544814","1":"product","2":"type-product","3":"status-publish","4":"has-post-thumbnail","6":"product_cat-broeken","7":"product_cat-chinos-broeken","8":"product_cat-chinos-hosen","9":"product_cat-hosen","10":"pa_merk-atelier-noterman","12":"first","13":"instock","14":"taxable","15":"shipping-taxable","16":"purchasable","17":"product-type-variable"},"df_price":199.95,"df_sale_price":"","df_regular_price":199.95,"df_image_link":"https:\/\/harristweed-shop.be\/wp-content\/uploads\/2026\/02\/1a365ba65a9f765f8fb0b7544e0de3ff_Chino_Noterman_Beige_4-225x300.jpeg","_links":{"self":[{"href":"https:\/\/harristweed-shop.be\/fr\/wp-json\/wp\/v2\/product\/544814","targetHints":{"allow":["GET"]}}],"collection":[{"href":"https:\/\/harristweed-shop.be\/fr\/wp-json\/wp\/v2\/product"}],"about":[{"href":"https:\/\/harristweed-shop.be\/fr\/wp-json\/wp\/v2\/types\/product"}],"wp:featuredmedia":[{"embeddable":true,"href":"https:\/\/harristweed-shop.be\/fr\/wp-json\/wp\/v2\/media\/544825"}],"wp:attachment":[{"href":"https:\/\/harristweed-shop.be\/fr\/wp-json\/wp\/v2\/media?parent=544814"}],"wp:term":[{"taxonomy":"product_brand","embeddable":true,"href":"https:\/\/harristweed-shop.be\/fr\/wp-json\/wp\/v2\/product_brand?post=544814"},{"taxonomy":"product_cat","embeddable":true,"href":"https:\/\/harristweed-shop.be\/fr\/wp-json\/wp\/v2\/product_cat?post=544814"},{"taxonomy":"product_tag","embeddable":true,"href":"https:\/\/harristweed-shop.be\/fr\/wp-json\/wp\/v2\/product_tag?post=544814"}],"curies":[{"name":"wp","href":"https:\/\/api.w.org\/{rel}","templated":true}]}}