{"id":544705,"date":"2026-02-28T12:09:47","date_gmt":"2026-02-28T12:09:47","guid":{"rendered":"https:\/\/harristweed-shop.be\/product\/south-africa-rugby-shirt-1953\/"},"modified":"2026-05-05T02:59:39","modified_gmt":"2026-05-05T02:59:39","slug":"south-africa-rugby-shirt-1953","status":"publish","type":"product","link":"https:\/\/harristweed-shop.be\/fr\/produit\/maillot-de-rugby-de-lafrique-du-sud-1953\/","title":{"rendered":"Maillot de rugby de l&#039;Afrique du Sud 1953"},"content":{"rendered":"<p>Pr\u00e9sentation du maillot de rugby sud-africain de 1953<\/p>\n<p>Le maillot de rugby sud-africain de 1953. Notre source d&#039;inspiration. Le maillot Ellis Rugby s&#039;inspire de la c\u00e9l\u00e8bre \u00e9quipe sud-africaine de rugby de 1953 qui a disput\u00e9 une s\u00e9rie de quatre tests contre l&#039;Australie. Cette \u00e9quipe \u00e9tait men\u00e9e par Hennie Muller.<\/p>\n<\/p>\n<p>S\u00e9rie de tests Afrique du Sud - Australie 1953<\/p>\n<p>La s\u00e9rie de quatre tests-matchs contre les Wallabies australiens en 1953 d\u00e9buta \u00e0 Ellis Park, \u00e0 Johannesburg. 72\u00a0000 spectateurs \u00e9taient pr\u00e9sents. Les Sud-Africains s&#039;impos\u00e8rent facilement 25 \u00e0 3, inscrivant cinq essais par l&#039;interm\u00e9diaire de Salty du Rand, Tjol Lategan et Buks Marais. Hansie Oelofse et le capitaine Hennie Muller jou\u00e8rent \u00e9galement un r\u00f4le important.<\/p>\n<p>Les Wallabies se sont repris lors du deuxi\u00e8me test-match au stade Newlands du Cap. Ils ont surpris leurs h\u00f4tes en s&#039;imposant 18-14. Les deux \u00e9quipes ont inscrit quatre essais. C&#039;est la pr\u00e9cision au pied de Ray Colbert et d&#039;Eddie Stapleton qui a fait la diff\u00e9rence.<\/p>\n<p>L&#039;Afrique du Sud a ensuite remport\u00e9 la s\u00e9rie gr\u00e2ce \u00e0 ses victoires contre l&#039;Australie. Elle a gagn\u00e9 le troisi\u00e8me test-match \u00e0 Kingsmead, \u00e0 Durban, sur le score de 18 \u00e0 8. Enfin, l&#039;Afrique du Sud a remport\u00e9 le quatri\u00e8me test-match au Crusader&#039;s Ground de Port Elizabeth sur le score de 22 \u00e0 9.<\/p>\n<\/p>\n<p>Capitaine l\u00e9gendaire des Springboks \u2013 Hennie Muller<\/p>\n<p>Le capitaine de l&#039;\u00e9quipe sud-africaine \u00e9tait le l\u00e9gendaire Hennie Muller. Il est c\u00e9l\u00e8bre pour le style de jeu novateur qu&#039;il a introduit pour le poste de num\u00e9ro 8, apr\u00e8s la Seconde Guerre mondiale. Surnomm\u00e9 \u2018 Windhond \u2019, le l\u00e9vrier, il \u00e9tait, lors de ses d\u00e9buts internationaux en 1949, sans doute le troisi\u00e8me ligne le plus rapide de l&#039;histoire. Sa vitesse, d\u00e9j\u00e0 l\u00e9gendaire, \u00e9tait mise \u00e0 profit avec brio. Excellent joueur de rugby, intelligent et rapide, il ma\u00eetrisait le ballon comme un arri\u00e8re et pouvait botter des deux pieds. Il a \u00e9t\u00e9 capitaine de l&#039;Afrique du Sud \u00e0 neuf reprises.<\/p>\n<p>L&#039;Afrique du Sud d&#039;Hennie Muller en 1951\/52 \u00e9tait une \u00e9quipe d\u00e9termin\u00e9e. Elle encha\u00eena les victoires contre les quatre nations britanniques et la France. Mais aucun match ne pouvait \u00e9galer sa victoire \u00e9crasante contre l&#039;\u00c9cosse lors du premier match international de la tourn\u00e9e, le 24 novembre. Dans une rencontre entr\u00e9e dans la l\u00e9gende sud-africaine, surnomm\u00e9e le \u2018\u00a0massacre de Murrayfield\u00a0\u2019, Muller inscrivit l&#039;un des neuf essais de son \u00e9quipe, dans une d\u00e9monstration magistrale de rugby \u00e0 la puissance. Les Sud-Africains l&#039;emport\u00e8rent 44-0, un score presque in\u00e9dit \u00e0 l&#039;\u00e9poque.<\/p>\n<p>La performance de Muller fut une d\u00e9monstration magistrale de jeu en troisi\u00e8me ligne, livr\u00e9e avec l&#039;intensit\u00e9 qu&#039;on attend d&#039;un homme qui a admis avoir cess\u00e9 de parler \u00e0 sa femme trois jours avant un match test parce qu&#039;il pensait \u00e0 ce qu&#039;il allait faire pendant le match.<\/p>\n<\/p>\n<p>Production<\/p>\n<p>Maillot de rugby sud-africain de 1953. Confectionn\u00e9 en coton 100% d&#039;une douceur satin\u00e9e, ce maillot arbore un \u00e9cusson du club brod\u00e9 avec pr\u00e9cision. Remarque\u00a0: la couleur \u00e9cru remplace le blanc pur pour lui conf\u00e9rer un aspect vintage et vieilli. On note \u00e9galement un motif \u00e0 chevrons sur les fentes et une bande de propret\u00e9 \u00e0 l&#039;encolure. D\u00e9couvrez aussi notre collection vintage de rugby sud-africain.<\/p>","protected":false},"excerpt":{"rendered":"<p>Maillot de rugby de l&#039;Afrique du Sud 1953.<\/p>\n<p>Le maillot de rugby sud-africain de 1953. Notre source d&#039;inspiration. Le maillot Ellis Rugby s&#039;inspire de la c\u00e9l\u00e8bre \u00e9quipe sud-africaine de rugby de 1953 qui a disput\u00e9 une s\u00e9rie de quatre tests contre l&#039;Australie. Cette \u00e9quipe \u00e9tait men\u00e9e par Hennie Muller.<\/p>","protected":false},"featured_media":544713,"template":"","meta":[],"product_brand":[],"product_cat":[394,955,569,960,555],"product_tag":[],"class_list":{"0":"post-544705","1":"product","2":"type-product","3":"status-publish","4":"has-post-thumbnail","6":"product_cat-rugby-shirts-2","7":"product_cat-shop-by-country-club","8":"product_cat-six-nations-vintage-rugby-shirts","9":"product_cat-south-africa-springboks-shop-by-country-club","10":"product_cat-vintage-rugby-shirts","11":"pa_merk-ellis-rugby","13":"first","14":"instock","15":"taxable","16":"shipping-taxable","17":"purchasable","18":"product-type-variable"},"df_price":89.95,"df_sale_price":"","df_regular_price":89.95,"df_image_link":"https:\/\/harristweed-shop.be\/wp-content\/uploads\/2026\/02\/ed693869748145d92f75840fe4380027_South_Africa_Rugby_Shirt_1953-300x300.jpeg","_links":{"self":[{"href":"https:\/\/harristweed-shop.be\/fr\/wp-json\/wp\/v2\/product\/544705","targetHints":{"allow":["GET"]}}],"collection":[{"href":"https:\/\/harristweed-shop.be\/fr\/wp-json\/wp\/v2\/product"}],"about":[{"href":"https:\/\/harristweed-shop.be\/fr\/wp-json\/wp\/v2\/types\/product"}],"wp:featuredmedia":[{"embeddable":true,"href":"https:\/\/harristweed-shop.be\/fr\/wp-json\/wp\/v2\/media\/544713"}],"wp:attachment":[{"href":"https:\/\/harristweed-shop.be\/fr\/wp-json\/wp\/v2\/media?parent=544705"}],"wp:term":[{"taxonomy":"product_brand","embeddable":true,"href":"https:\/\/harristweed-shop.be\/fr\/wp-json\/wp\/v2\/product_brand?post=544705"},{"taxonomy":"product_cat","embeddable":true,"href":"https:\/\/harristweed-shop.be\/fr\/wp-json\/wp\/v2\/product_cat?post=544705"},{"taxonomy":"product_tag","embeddable":true,"href":"https:\/\/harristweed-shop.be\/fr\/wp-json\/wp\/v2\/product_tag?post=544705"}],"curies":[{"name":"wp","href":"https:\/\/api.w.org\/{rel}","templated":true}]}}