{"id":544690,"date":"2026-02-28T11:55:24","date_gmt":"2026-02-28T11:55:24","guid":{"rendered":"https:\/\/harristweed-shop.be\/product\/jonah-lomu-1995-rugby-shirt\/"},"modified":"2026-04-21T11:59:28","modified_gmt":"2026-04-21T11:59:28","slug":"jonah-lomu-1995-rugby-shirt","status":"publish","type":"product","link":"https:\/\/harristweed-shop.be\/fr\/produit\/maillot-de-rugby-de-jonah-lomu-de-1995\/","title":{"rendered":"Maillot de rugby Jonah Lomu 1995"},"content":{"rendered":"<p>L&#039;inspiration derri\u00e8re le maillot de rugby de Jonah Lomu de 1995<\/p>\n<p>Le maillot de rugby Jonah Lomu 1995 rend hommage \u00e0 l&#039;un des moments les plus marquants de l&#039;histoire du rugby. Inspir\u00e9 par la performance sensationnelle de Jonah Lomu lors de la Coupe du Monde de Rugby 1995, ce maillot incarne la force, la fiert\u00e9 et la passion. Malgr\u00e9 seulement deux s\u00e9lections avec les All Blacks, la participation de Jonah Lomu \u00e0 la Coupe du Monde de Rugby 1995 a r\u00e9volutionn\u00e9 le rugby. Ses courses inoubliables, notamment lors de la demi-finale contre l&#039;Angleterre o\u00f9 il a inscrit quatre essais, ont captiv\u00e9 l&#039;imagination des fans du monde entier.<\/p>\n<p>De plus, son premier essai contre l&#039;Angleterre \u2013 lorsqu&#039;il a mis Mike Catt au tapis \u2013 est devenu l&#039;un des moments les plus embl\u00e9matiques de l&#039;histoire du sport. Cet exploit a propuls\u00e9 Jonah Lomu au rang de star mondiale, symbole d&#039;une force in\u00e9branlable et d&#039;une humilit\u00e9 sans faille. Le maillot de rugby Jonah Lomu 1995 s&#039;inspire directement de ces moments de gloire.<\/p>\n<\/p>\n<p>Une collaboration en hommage \u00e0 l&#039;h\u00e9ritage de Jonah<\/p>\n<p>Cette collection a \u00e9t\u00e9 con\u00e7ue en \u00e9troite collaboration avec la famille de Jonah Lomu\u00a0: sa d\u00e9funte \u00e9pouse, Nadene, et ses fils, Brayley et Dhyreille. Soucieux de perp\u00e9tuer la m\u00e9moire de Jonah, ils ont \u00e9t\u00e9 ravis de collaborer avec Ellis Rugby. Ils ont \u00e9galement salu\u00e9 l\u2019approche d\u2019Ellis Rugby, ax\u00e9e sur le respect du patrimoine et le souci du d\u00e9tail, garantissant que chaque point raconte l\u2019histoire de Jonah.<\/p>\n<p>De plus, cette collaboration garantit l&#039;authenticit\u00e9 et la profondeur \u00e9motionnelle du produit. Outre son style \u00e9l\u00e9gant, le maillot de rugby Jonah Lomu 1995 rend hommage \u00e0 l&#039;influence durable de Jonah sur ce sport. L&#039;implication de sa famille assure que le design refl\u00e8te non seulement ses exploits rugbystiques, mais aussi sa fiert\u00e9 culturelle et ses valeurs familiales.<\/p>\n<\/p>\n<p>Des d\u00e9tails de design qui racontent une histoire<\/p>\n<p>Le maillot de rugby Jonah Lomu 1995 est confectionn\u00e9 avec soin et pr\u00e9cision. Il pr\u00e9sente un col en gabardine de haute qualit\u00e9, des appliqu\u00e9s raffin\u00e9s et une broderie \u00e9l\u00e9gante. Fabriqu\u00e9 en coton 100%, il offre un toucher doux pour un confort et une durabilit\u00e9 exceptionnels.<\/p>\n<\/p>\n<p>Le dessin contient des symboles significatifs\u00a0:<\/p>\n<p>Num\u00e9ro 11 \u2013 Le num\u00e9ro l\u00e9gendaire de Jonah chez les All Blacks, \u00e9galement tatou\u00e9 sur sa poitrine avec le motif unique d&#039;un \u2018 1 \u2019 contre un \u2018 1 \u2019.<\/p>\n<p>L\u2019embl\u00e8me \u201c INARR\u00caTABLE \u201d \u2013 Le mot qui d\u00e9crivait le mieux son style de jeu intr\u00e9pide.<\/p>\n<p>La foug\u00e8re argent\u00e9e \u2013 Un symbole intemporel de la fiert\u00e9 n\u00e9o-z\u00e9landaise.<\/p>\n<p>Motifs traditionnels tongiens \u2013 Un hommage au fier h\u00e9ritage culturel et aux profondes racines familiales de Jonah.<\/p>\n<\/p>\n<p>Un h\u00e9ritage tiss\u00e9 dans le tissu<\/p>\n<p>Le maillot de rugby de Jonah Lomu de 1995 est bien plus qu&#039;un simple v\u00eatement\u00a0: c&#039;est un h\u00e9ritage familial. Il relie les supporters \u00e0 l&#039;esprit d&#039;un homme qui a r\u00e9volutionn\u00e9 le rugby. Poss\u00e9der ce maillot, c&#039;est perp\u00e9tuer l&#039;histoire d&#039;une l\u00e9gende qui a inspir\u00e9 des millions de personnes par son courage, son humilit\u00e9 et sa d\u00e9termination in\u00e9branlable.<\/p>\n<p>Le maillot de rugby Jonah Lomu 1995 d&#039;Ellis Rugby est avant tout un hommage \u00e0 une ic\u00f4ne \u2013 une c\u00e9l\u00e9bration de la force, de la fiert\u00e9 et de l&#039;h\u00e9ritage de Jonah Lomu, dont le nom est \u00e0 jamais grav\u00e9 dans l&#039;histoire du rugby.<\/p>","protected":false},"excerpt":{"rendered":"<p>Maillot de rugby de Jonah Lomu, 1995.<\/p>\n<p>Le maillot de rugby Jonah Lomu 1995 rend hommage \u00e0 l&#039;un des moments les plus marquants de l&#039;histoire du rugby. Inspir\u00e9 par la performance sensationnelle de Jonah Lomu lors de la Coupe du monde de rugby de 1995, ce maillot incarne la force, la fiert\u00e9 et la passion.<\/p>","protected":false},"featured_media":544698,"template":"","meta":[],"product_brand":[],"product_cat":[1011,394,955],"product_tag":[],"class_list":{"0":"post-544690","1":"product","2":"type-product","3":"status-publish","4":"has-post-thumbnail","6":"product_cat-all-blacks-new-zealand","7":"product_cat-rugby-shirts-2","8":"product_cat-shop-by-country-club","9":"pa_merk-ellis-rugby","11":"first","12":"instock","13":"taxable","14":"shipping-taxable","15":"purchasable","16":"product-type-variable"},"df_price":89.95,"df_sale_price":"","df_regular_price":89.95,"df_image_link":"https:\/\/harristweed-shop.be\/wp-content\/uploads\/2026\/02\/edcd2761956f085e2bbe85ee23748993_Jonah_Lomu_1995_Rugby_Shirt-300x300.jpeg","_links":{"self":[{"href":"https:\/\/harristweed-shop.be\/fr\/wp-json\/wp\/v2\/product\/544690","targetHints":{"allow":["GET"]}}],"collection":[{"href":"https:\/\/harristweed-shop.be\/fr\/wp-json\/wp\/v2\/product"}],"about":[{"href":"https:\/\/harristweed-shop.be\/fr\/wp-json\/wp\/v2\/types\/product"}],"wp:featuredmedia":[{"embeddable":true,"href":"https:\/\/harristweed-shop.be\/fr\/wp-json\/wp\/v2\/media\/544698"}],"wp:attachment":[{"href":"https:\/\/harristweed-shop.be\/fr\/wp-json\/wp\/v2\/media?parent=544690"}],"wp:term":[{"taxonomy":"product_brand","embeddable":true,"href":"https:\/\/harristweed-shop.be\/fr\/wp-json\/wp\/v2\/product_brand?post=544690"},{"taxonomy":"product_cat","embeddable":true,"href":"https:\/\/harristweed-shop.be\/fr\/wp-json\/wp\/v2\/product_cat?post=544690"},{"taxonomy":"product_tag","embeddable":true,"href":"https:\/\/harristweed-shop.be\/fr\/wp-json\/wp\/v2\/product_tag?post=544690"}],"curies":[{"name":"wp","href":"https:\/\/api.w.org\/{rel}","templated":true}]}}