{"id":544677,"date":"2026-02-28T11:49:43","date_gmt":"2026-02-28T11:49:43","guid":{"rendered":"https:\/\/harristweed-shop.be\/product\/fiji-rugby-shirt-1952-tour\/"},"modified":"2026-05-05T02:59:39","modified_gmt":"2026-05-05T02:59:39","slug":"fiji-rugby-shirt-1952-tour","status":"publish","type":"product","link":"https:\/\/harristweed-shop.be\/fr\/produit\/tournee-des-maillots-de-rugby-des-fidji-en-1952\/","title":{"rendered":"Tourn\u00e9e des maillots de rugby des Fidji en 1952"},"content":{"rendered":"<p>Pr\u00e9sentation du maillot de rugby fidjien de la tourn\u00e9e de 1952<\/p>\n<p>Maillot de rugby des Fidji de la tourn\u00e9e de 1952. Notre source d&#039;inspiration. Le maillot Ellis Rugby s&#039;inspire du c\u00e9l\u00e8bre maillot alternatif port\u00e9 par l&#039;\u00e9quipe des Fidji lors de sa tourn\u00e9e en Australie en 1952, sous le capitanat d&#039;Apakuki Tuitava.<\/p>\n<\/p>\n<p>Tourn\u00e9e de rugby des Fidji en Australie en 1952<\/p>\n<p>La toute premi\u00e8re visite d&#039;une \u00e9quipe fidjienne en tourn\u00e9e en Australie a eu lieu durant l&#039;\u00e9t\u00e9 1952. Cette tourn\u00e9e comprenait initialement neuf matchs, dont un match contre la Nouvelle-Galles du Sud au Sydney Cricket Ground et un premier match test historique contre l&#039;Australie le 26 juillet 1952.<\/p>\n<p>Cependant, la tourn\u00e9e s&#039;av\u00e9ra un immense succ\u00e8s commercial. Par cons\u00e9quent, il fut d\u00e9cid\u00e9 d&#039;ajouter un match test suppl\u00e9mentaire. Celui-ci eut lieu \u00e0 la fin de la tourn\u00e9e, le 9 ao\u00fbt, au Sydney Cricket Ground.<\/p>\n<p>Les Fidji ont tir\u00e9 les le\u00e7ons de leur d\u00e9faite lors du premier test-match (15-9). Et lors de ce deuxi\u00e8me test-match, ils menaient 9-6 \u00e0 la mi-temps. Dans une derni\u00e8re p\u00e9riode incroyable, les Fidji ont cr\u00e9\u00e9 la surprise en battant les Wallabies 17-15. Un d\u00e9nouement parfait pour une tourn\u00e9e remarquable et historique.<\/p>\n<\/p>\n<p>La premi\u00e8re star du rugby fidjien \u2013 Joe Levula<\/p>\n<p>La star de l&#039;\u00e9quipe fidjienne \u00e9tait le sensationnel ailier de 21 ans, Josefa Levula. Du haut de ses 1,88 m\u00e8tre et de ses 99 kilos, il \u00e9tait \u00e9galement champion fidjien du 220 m\u00e8tres. Il s&#039;\u00e9tait fait remarquer en inscrivant deux essais lors du test-match des Fidji contre les Maoris de Nouvelle-Z\u00e9lande. En 1952, il fut \u00e9lu parmi les cinq meilleurs joueurs de l&#039;ann\u00e9e par l&#039;Almanach du rugby n\u00e9o-z\u00e9landais. Avant m\u00eame le premier test-match, Jo Levula avait d\u00e9j\u00e0 marqu\u00e9 sept essais en six s\u00e9lections.<\/p>\n<p>En 1961, Jo Levula quitte le rugby \u00e0 XV pour rejoindre l&#039;\u00e9quipe de rugby \u00e0 XIII des Rochdale Hornets en Angleterre, en compagnie de son compatriote Orisi Dawai. Ils sont ensuite rejoints par les Fidjiens Voate Drui et Liatia Ravouvou. Quelques ann\u00e9es plus tard, Levula \u00e9volue au Bradford Northern. Il est intronis\u00e9 au Temple de la renomm\u00e9e sportive des Fidji en 1990.<\/p>\n<\/p>\n<p>Production<\/p>\n<p>Maillot de rugby fidjien 1952. Confectionn\u00e9 en coton 100% d&#039;une douceur satin\u00e9e, ce maillot arbore un \u00e9cusson brod\u00e9 avec pr\u00e9cision. Remarque\u00a0: nous avons opt\u00e9 pour une teinte \u00e9cru plut\u00f4t que blanche afin de lui conf\u00e9rer un aspect vintage et vieilli. Il pr\u00e9sente \u00e9galement un motif \u00e0 chevrons sur les goussets et un lien \u00e0 nouer au col. D\u00e9couvrez aussi notre collection vintage de rugby fidjien.<\/p>","protected":false},"excerpt":{"rendered":"<p>Maillot de rugby des Fidji, tourn\u00e9e de 1952.<\/p>\n<p>Maillot de rugby des Fidji de la tourn\u00e9e de 1952. Notre source d&#039;inspiration. Le maillot Ellis Rugby s&#039;inspire du c\u00e9l\u00e8bre maillot alternatif port\u00e9 par l&#039;\u00e9quipe des Fidji lors de sa tourn\u00e9e en Australie en 1952, sous le capitanat d&#039;Apakuki Tuitava.<\/p>","protected":false},"featured_media":544685,"template":"","meta":[],"product_brand":[],"product_cat":[1023,394,955],"product_tag":[],"class_list":{"0":"post-544677","1":"product","2":"type-product","3":"status-publish","4":"has-post-thumbnail","6":"product_cat-fiji","7":"product_cat-rugby-shirts-2","8":"product_cat-shop-by-country-club","9":"pa_merk-ellis-rugby","11":"first","12":"instock","13":"taxable","14":"shipping-taxable","15":"purchasable","16":"product-type-variable"},"df_price":89.95,"df_sale_price":"","df_regular_price":89.95,"df_image_link":"https:\/\/harristweed-shop.be\/wp-content\/uploads\/2026\/02\/923f0509334780f722ee9e7c2a30b720_Fiji_Rugby_Shirt_1952_Tour-300x300.jpeg","_links":{"self":[{"href":"https:\/\/harristweed-shop.be\/fr\/wp-json\/wp\/v2\/product\/544677","targetHints":{"allow":["GET"]}}],"collection":[{"href":"https:\/\/harristweed-shop.be\/fr\/wp-json\/wp\/v2\/product"}],"about":[{"href":"https:\/\/harristweed-shop.be\/fr\/wp-json\/wp\/v2\/types\/product"}],"wp:featuredmedia":[{"embeddable":true,"href":"https:\/\/harristweed-shop.be\/fr\/wp-json\/wp\/v2\/media\/544685"}],"wp:attachment":[{"href":"https:\/\/harristweed-shop.be\/fr\/wp-json\/wp\/v2\/media?parent=544677"}],"wp:term":[{"taxonomy":"product_brand","embeddable":true,"href":"https:\/\/harristweed-shop.be\/fr\/wp-json\/wp\/v2\/product_brand?post=544677"},{"taxonomy":"product_cat","embeddable":true,"href":"https:\/\/harristweed-shop.be\/fr\/wp-json\/wp\/v2\/product_cat?post=544677"},{"taxonomy":"product_tag","embeddable":true,"href":"https:\/\/harristweed-shop.be\/fr\/wp-json\/wp\/v2\/product_tag?post=544677"}],"curies":[{"name":"wp","href":"https:\/\/api.w.org\/{rel}","templated":true}]}}