{"id":544638,"date":"2026-02-28T11:04:46","date_gmt":"2026-02-28T11:04:46","guid":{"rendered":"https:\/\/harristweed-shop.be\/product\/harris-tweed-damesjas-emilia-in-scottish-blue\/"},"modified":"2026-04-21T11:59:28","modified_gmt":"2026-04-21T11:59:28","slug":"harris-tweed-damesjas-emilia-in-scottish-blue","status":"publish","type":"product","link":"https:\/\/harristweed-shop.be\/fr\/produit\/manteau-emilia-pour-femme-en-tweed-harris-bleu-ecossais\/","title":{"rendered":"Veste Emilia pour femme en tweed Harris, couleur bleu \u00e9cossais"},"content":{"rendered":"<p>Le manteau \u201c\u00a0Emilia\u00a0\u201d, confectionn\u00e9 en v\u00e9ritable tweed Harris tiss\u00e9 \u00e0 la main en \u00c9cosse, s\u00e9duit par ses touches de couleur \u00e9clatantes et son confort exceptionnel. Ce blazer intemporel, aux finitions impeccables, pr\u00e9sente des d\u00e9coupes princesse et une coupe l\u00e9g\u00e8rement cintr\u00e9e. <\/p>\n<p>Confectionn\u00e9 en pure laine vierge 100%, ce manteau offre une chaleur agr\u00e9able par temps frais et s\u00e9duit par sa qualit\u00e9 et son toucher. Il pr\u00e9sente un col crant\u00e9 et se ferme par trois boutons en corne v\u00e9ritable personnalis\u00e9s. Outre les poches \u00e0 rabat, des poches passepoil\u00e9es int\u00e9gr\u00e9es \u00e0 la couture centrale offrent un espace de rangement g\u00e9n\u00e9reux. Un d\u00e9tail soign\u00e9 : le dessous de col en feutre de laine assorti, provenant d&#039;un petit fabricant bavarois. Un manteau intemporel et haut de gamme qui vous accompagnera avec \u00e9l\u00e9gance durant la mi-saison.<\/p>\n<p>\u2013 Une poche int\u00e9rieure avec fermeture \u00e9clair<br \/>\u2013 Harris Tweed \u2013 tiss\u00e9 \u00e0 la main en \u00c9cosse<br \/>\u2013 Dessous de col doubl\u00e9 polaire<br \/>\u2013 \u00c9tiquette nominative<br \/>\u2013 Boutons personnalis\u00e9s en corne v\u00e9ritable<br \/>\u2013 Deux poches \u00e0 rabat et deux poches chauffe-mains pratiques<br \/>\u2013 Deux poches \u00e0 rabat<\/p>\n<p>Mensurations du mod\u00e8le : Le mannequin mesure 176 cm et porte une taille 36 sur la photo.<br \/>Coupe : L\u00e9g\u00e8rement ajust\u00e9e<br \/>Mesures du v\u00eatement\u00a0: pour la taille 36\u00a0: Demi-tour de poitrine\u00a0: 47\u00a0cm \u2013 Demi-tour de taille\u00a0: 42\u00a0cm \u2013 Largeur d\u2019\u00e9paules\u00a0: 11,2\u00a0cm \u2013 Longueur des manches (depuis l\u2019ourlet)\u00a0: 61,5\u00a0cm \u2013 Longueur dos\u00a0: 97\u00a0cm<\/p>\n<p>Tissu ext\u00e9rieur : laine 100%<br \/>Doublure : 55% polyester, 45% viscose<br \/>Doublure des manches : polyester 100%<\/p>","protected":false},"excerpt":{"rendered":"<p>Veste pour femme Harris Tweed Emilia en bleu \u00e9cossais 613.<\/p>\n<p>Le manteau \u201c\u00a0Emilia\u00a0\u201d, confectionn\u00e9 en v\u00e9ritable tweed Harris tiss\u00e9 \u00e0 la main en \u00c9cosse, s\u00e9duit par ses touches de couleur \u00e9clatantes et son confort exceptionnel. Ce blazer intemporel, aux finitions impeccables, pr\u00e9sente des d\u00e9coupes princesse et une coupe l\u00e9g\u00e8rement cintr\u00e9e.<\/p>","protected":false},"featured_media":544649,"template":"","meta":[],"product_brand":[],"product_cat":[481,1212,1089,1160,87,482,483],"product_tag":[],"class_list":{"0":"post-544638","1":"product","2":"type-product","3":"status-publish","4":"has-post-thumbnail","6":"product_cat-dames-jassen-en-jacks","7":"product_cat-harris-tweed","8":"product_cat-harris-tweed-jassen-en-jacks-dames","9":"product_cat-harris-tweed-mantel-und-jacken-fur-damen","10":"product_cat-jassen-en-jacks","11":"product_cat-mantel-und-jacken","12":"product_cat-mantel-und-jacken-fur-damen","13":"pa_merk-wellington","15":"first","16":"instock","17":"taxable","18":"shipping-taxable","19":"purchasable","20":"product-type-variable"},"df_price":389.95,"df_sale_price":"","df_regular_price":389.95,"df_image_link":"https:\/\/harristweed-shop.be\/wp-content\/uploads\/2026\/02\/6a6707eb22a390b85207d0f86b3a6950_Harris_Tweed_Damesjas_Emilia_In_Scottish_Blue-225x300.jpeg","_links":{"self":[{"href":"https:\/\/harristweed-shop.be\/fr\/wp-json\/wp\/v2\/product\/544638","targetHints":{"allow":["GET"]}}],"collection":[{"href":"https:\/\/harristweed-shop.be\/fr\/wp-json\/wp\/v2\/product"}],"about":[{"href":"https:\/\/harristweed-shop.be\/fr\/wp-json\/wp\/v2\/types\/product"}],"wp:featuredmedia":[{"embeddable":true,"href":"https:\/\/harristweed-shop.be\/fr\/wp-json\/wp\/v2\/media\/544649"}],"wp:attachment":[{"href":"https:\/\/harristweed-shop.be\/fr\/wp-json\/wp\/v2\/media?parent=544638"}],"wp:term":[{"taxonomy":"product_brand","embeddable":true,"href":"https:\/\/harristweed-shop.be\/fr\/wp-json\/wp\/v2\/product_brand?post=544638"},{"taxonomy":"product_cat","embeddable":true,"href":"https:\/\/harristweed-shop.be\/fr\/wp-json\/wp\/v2\/product_cat?post=544638"},{"taxonomy":"product_tag","embeddable":true,"href":"https:\/\/harristweed-shop.be\/fr\/wp-json\/wp\/v2\/product_tag?post=544638"}],"curies":[{"name":"wp","href":"https:\/\/api.w.org\/{rel}","templated":true}]}}