{"id":544626,"date":"2026-02-28T11:04:42","date_gmt":"2026-02-28T11:04:42","guid":{"rendered":"https:\/\/harristweed-shop.be\/product\/merino-vest-the-cardigan-met-harris-tweed-details-in-taupe\/"},"modified":"2026-04-10T13:35:16","modified_gmt":"2026-04-10T13:35:16","slug":"merino-vest-the-cardigan-met-harris-tweed-details-in-taupe","status":"publish","type":"product","link":"https:\/\/harristweed-shop.be\/fr\/produit\/gilet-en-merinos-avec-details-en-tweed-harris-taupe\/","title":{"rendered":"Gilet en m\u00e9rinos Mara avec d\u00e9tails en tweed Harris couleur taupe"},"content":{"rendered":"<p>Luxe et confort : Gilet pour femme \u201c Mara \u201d en pure laine m\u00e9rinos<\/p>\n<p>Le cardigan \u201c\u00a0Mara\u00a0\u201d pour femme est d&#039;une douceur et d&#039;une l\u00e9g\u00e8ret\u00e9 exceptionnelles. Confectionn\u00e9 en laine m\u00e9rinos luxueuse, il allie \u00e0 la perfection style et confort. Cette pure laine vierge est incroyablement douce au toucher, trois fois plus fine que la laine traditionnelle et compte parmi les mati\u00e8res les plus douces qui soient. Gr\u00e2ce \u00e0 ses excellentes propri\u00e9t\u00e9s isolantes contre le froid comme contre la chaleur, ce cardigan douillet est id\u00e9al en toute saison.<\/p>\n<p>Ce cardigan \u00e0 manches longues pr\u00e9sente une coupe classique l\u00e9g\u00e8rement cintr\u00e9e, un col en V et des poignets c\u00f4tel\u00e9s \u00e9troits. Confectionn\u00e9 dans un fil chin\u00e9 subtil, il est agr\u00e9ment\u00e9 de d\u00e9tails charmants tels que des poches tricot\u00e9es, des boutons effet corne et des empi\u00e8cements aux coudes en v\u00e9ritable Harris Tweed, pour un style champ\u00eatre authentique et \u00e9l\u00e9gant.<\/p>\n<p>Que vous le portiez seul ou associ\u00e9 \u00e0 un ensemble, ce cardigan est un v\u00e9ritable incontournable de votre garde-robe.<\/p>\n<p>\u2013 Merveilleusement doux pour la peau<br \/>\u2013 Pi\u00e8ces de manches en v\u00e9ritable Harris Tweed<br \/>\u2013 Stabilit\u00e9 dimensionnelle<br \/>\u2013 Fermeture \u00e0 bouton<br \/>\u2013 R\u00e9gulation climatique<br \/>\u2013 Col en V<br \/>\u2013 Options de combinaison polyvalentes<br \/>\u2013 Design intemporel<\/p>\n<p>Mensurations du mannequin\u00a0: Le mannequin mesure 176\u00a0cm et porte une taille 36<br \/>Coupe : ample, ajust\u00e9e<br \/>Dimensions de l&#039;article\u00a0: pour la taille 36, les mesures sont\u00a0: \u2013 tour de poitrine (demi-tour de poitrine)\u00a0: 46\u00a0cm \u2013 longueur de manche depuis le bonnet\u00a0: 61\u00a0cm \u2013 longueur dos\u00a0: 60\u00a0cm<\/p>\n<p>Tissu ext\u00e9rieur : laine m\u00e9rinos 100%<\/p>","protected":false},"excerpt":{"rendered":"<p>Gilet en m\u00e9rinos Mara Le gilet avec d\u00e9tails en tweed Harris en taupe 277.<\/p>\n<p>Le cardigan \u201c\u00a0Mara\u00a0\u201d pour femme est d&#039;une douceur et d&#039;une l\u00e9g\u00e8ret\u00e9 exceptionnelles. Confectionn\u00e9 en laine m\u00e9rinos de luxe, il allie \u00e0 la perfection style et confort. Cette pure laine vierge est incroyablement douce au toucher, trois fois plus fine que la laine traditionnelle et compte parmi les mati\u00e8res les plus douces qui soient.<\/p>","protected":false},"featured_media":544636,"template":"","meta":[],"product_brand":[],"product_cat":[1246,470,1189,486,1188,84,1124,1126,442,487],"product_tag":[],"class_list":{"0":"post-544626","1":"product","2":"type-product","3":"status-publish","4":"has-post-thumbnail","6":"product_cat-dames-vesten-met-harris-tweed-details","7":"product_cat-pull-over","8":"product_cat-pullover-mit-harris-tweed","9":"product_cat-pullover-und-westen","10":"product_cat-pullovers-met-harris-tweed-details","11":"product_cat-truien-en-pullovers","12":"product_cat-truien-met-harris-tweed-details","13":"product_cat-vesten-met-harris-tweed-details","14":"product_cat-wollen-truien","15":"product_cat-wollpullover","16":"pa_merk-wellington","18":"first","19":"instock","20":"taxable","21":"shipping-taxable","22":"purchasable","23":"product-type-variable"},"df_price":129.95,"df_sale_price":"","df_regular_price":129.95,"df_image_link":"https:\/\/harristweed-shop.be\/wp-content\/uploads\/2026\/02\/579d54733d6459bc0a2321a07583de4a_Merino_Vest_The_Cardigan_Met_Harris_Tweed_Details_In_Taupe-225x300.jpeg","_links":{"self":[{"href":"https:\/\/harristweed-shop.be\/fr\/wp-json\/wp\/v2\/product\/544626","targetHints":{"allow":["GET"]}}],"collection":[{"href":"https:\/\/harristweed-shop.be\/fr\/wp-json\/wp\/v2\/product"}],"about":[{"href":"https:\/\/harristweed-shop.be\/fr\/wp-json\/wp\/v2\/types\/product"}],"wp:featuredmedia":[{"embeddable":true,"href":"https:\/\/harristweed-shop.be\/fr\/wp-json\/wp\/v2\/media\/544636"}],"wp:attachment":[{"href":"https:\/\/harristweed-shop.be\/fr\/wp-json\/wp\/v2\/media?parent=544626"}],"wp:term":[{"taxonomy":"product_brand","embeddable":true,"href":"https:\/\/harristweed-shop.be\/fr\/wp-json\/wp\/v2\/product_brand?post=544626"},{"taxonomy":"product_cat","embeddable":true,"href":"https:\/\/harristweed-shop.be\/fr\/wp-json\/wp\/v2\/product_cat?post=544626"},{"taxonomy":"product_tag","embeddable":true,"href":"https:\/\/harristweed-shop.be\/fr\/wp-json\/wp\/v2\/product_tag?post=544626"}],"curies":[{"name":"wp","href":"https:\/\/api.w.org\/{rel}","templated":true}]}}