{"id":544582,"date":"2026-02-28T09:59:52","date_gmt":"2026-02-28T09:59:52","guid":{"rendered":"https:\/\/harristweed-shop.be\/product\/blackheath-retro-rugby-shirt\/"},"modified":"2026-05-05T03:00:39","modified_gmt":"2026-05-05T03:00:39","slug":"blackheath-retro-rugby-shirt","status":"publish","type":"product","link":"https:\/\/harristweed-shop.be\/fr\/produit\/maillot-de-rugby-retro-blackheath\/","title":{"rendered":"Maillot de rugby r\u00e9tro Blackheath"},"content":{"rendered":"<p>Origine du maillot de rugby r\u00e9tro Blackheath<\/p>\n<p>Le maillot de rugby r\u00e9tro Blackheath s&#039;inspire de l&#039;un des plus grands clubs de rugby de tous les temps. Fond\u00e9 \u00e0 Blackheath en 1858, il s&#039;agit du plus ancien club de rugby ouvert au monde encore en activit\u00e9. De plus, Blackheath a jou\u00e9 un r\u00f4le crucial dans les d\u00e9buts de ce sport, en contribuant \u00e0 l&#039;organisation du tout premier match international de rugby entre l&#039;Angleterre et l&#039;\u00c9cosse \u00e0 \u00c9dimbourg le 27 mars 1871. Cet esprit pionnier se refl\u00e8te dans chaque d\u00e9tail du maillot de rugby r\u00e9tro Blackheath.<\/p>\n<\/p>\n<p>Fondements de la gouvernance du rugby<\/p>\n<p>En 1888-1889, A.J. Budd et G.L. Jeffery, tous deux capitaines de Blackheath, fond\u00e8rent la London Society of Referees. Leur r\u00f4le d\u00e9terminant contribua \u00e0 la formalisation des d\u00e9buts de la gouvernance du rugby. \u00c0 P\u00e2ques de l&#039;ann\u00e9e suivante, Percy Carpmael, lui aussi capitaine renomm\u00e9, cr\u00e9a l&#039;\u00e9quipe itin\u00e9rante des Barbarians. Les traditions de Blackheath ont ainsi contribu\u00e9 \u00e0 la camaraderie qui r\u00e8gne dans le monde du rugby.<\/p>\n<p>Outre ces succ\u00e8s, trois joueurs de Blackheath \u2013 W.S.D. Craven, \u2018 Birdie \u2019 Partridge et Clive Liddell \u2013 fond\u00e8rent l&#039;Army Rugby Football Union en 1906-1907. Rectory Field, le terrain de Blackheath depuis 1883, devint par la suite la base londonienne de l&#039;arm\u00e9e pendant de nombreuses ann\u00e9es. L&#039;influence de Blackheath s&#039;\u00e9tendit ainsi au rugby civil et militaire.<\/p>\n<\/p>\n<p>L\u00e9gendes qui ont fa\u00e7onn\u00e9 le club<\/p>\n<p>Blackheath a form\u00e9 des joueurs exceptionnels dont les histoires inspirent encore aujourd&#039;hui le maillot r\u00e9tro de rugby du club. Fred Stokes a repr\u00e9sent\u00e9 Blackheath lors de la r\u00e9union historique qui a men\u00e9 \u00e0 la fondation de la RFU. Il en est devenu le deuxi\u00e8me pr\u00e9sident \u00e0 seulement 24 ans. Il a \u00e9galement \u00e9t\u00e9 capitaine de Blackheath et de la premi\u00e8re \u00e9quipe d&#039;Angleterre de rugby.<\/p>\n<p>Henry Holland \u201c Jumbo \u201d Vassall, capitaine en 1884-1885, est consid\u00e9r\u00e9 comme l&#039;un des plus grands strat\u00e8ges du rugby. Il a introduit la formation \u00e0 trois joueurs. Son innovation tactique a r\u00e9volutionn\u00e9 le jeu.<\/p>\n<p>Andrew Ernest Stoddart \u00e9tait une figure embl\u00e9matique du sport des ann\u00e9es 1890. Capitaine des \u00e9quipes d&#039;Angleterre de rugby et de cricket, il a disput\u00e9 plus de 190 matchs pour Blackheath. Son h\u00e9ritage demeure un \u00e9l\u00e9ment fondamental de l&#039;identit\u00e9 du club.<\/p>\n<p>Charles Burgess Fry, l&#039;un des athl\u00e8tes anglais les plus complets et talentueux, a \u00e9galement jou\u00e9 pour Blackheath et les Barbarians. William Percy \u201c Tottie \u201d Carpmael, fondateur et premier pr\u00e9sident des Barbarians, fut aussi capitaine du club et repr\u00e9senta les Ba-Baas \u00e0 vingt reprises.<\/p>\n<p>\u2018 Cherry \u2019 Pillman, international anglais, a contribu\u00e9 \u00e0 redresser la situation du club apr\u00e8s la Premi\u00e8re Guerre mondiale. Son leadership a insuffl\u00e9 une nouvelle vie \u00e0 Blackheath durant une p\u00e9riode difficile. Son fr\u00e8re, R.L. Pillman, a lui aussi jou\u00e9 au niveau international, mais n&#039;a pas surv\u00e9cu \u00e0 la guerre.<\/p>\n<p>Surnomm\u00e9 \u201c\u00a0Hercule de poche\u00a0\u201d, ce brillant demi de m\u00eal\u00e9e de Cambridge et de l&#039;Angleterre fut capitaine de Blackheath en 1926-1927. Mort tragiquement jeune, son influence demeure consid\u00e9rable. Outre ces l\u00e9gendes, Cyril Nelson \u201c\u00a0Kit\u00a0\u201d Lowe est le joueur de Blackheath ayant disput\u00e9 le plus de matchs internationaux anglais. Il a cumul\u00e9 25 s\u00e9lections cons\u00e9cutives entre 1913 et 1923. Il abattit \u00e9galement neuf avions ennemis durant la Premi\u00e8re Guerre mondiale, inspirant le personnage de pilote fictif \u201c\u00a0Biggles\u00a0\u201d, cr\u00e9\u00e9 par le capitaine W.E. Johns.<\/p>\n<\/p>\n<p>L&#039;h\u00e9ritage inspire l&#039;artisanat moderne<\/p>\n<p>Le maillot r\u00e9tro de rugby de Blackheath refl\u00e8te ce riche h\u00e9ritage. De plus, Ellis Rugby s&#039;appuie sur une philosophie de conception historique et r\u00e9fl\u00e9chie. Le maillot rend hommage aux traditions du club gr\u00e2ce \u00e0 des textures, des couleurs et des d\u00e9tails authentiques. Chaque maillot est un hommage \u00e0 la contribution de Blackheath \u00e0 l&#039;histoire du rugby.<\/p>\n<\/p>\n<p>Maillot de rugby classique d&#039;Ellis Rugby<\/p>\n<p>Le maillot de rugby r\u00e9tro Blackheath est confectionn\u00e9 en coton flamm\u00e9 100% teint en fil. Son toucher doux couleur p\u00eache lui conf\u00e8re confort et style. Il arbore le logo r\u00e9tro du club sur la poitrine. Son col blanc classique et son passepoil int\u00e9rieur lui donnent un look vintage. D&#039;\u00e9l\u00e9gantes \u00e9tiquettes tiss\u00e9es \u00e0 la couture du bas rendent hommage au partenariat entre le Blackheath Rugby Club et Ellis Rugby. Chaque maillot est livr\u00e9 dans un coffret int\u00e9rieur en carton de haute qualit\u00e9, retra\u00e7ant l&#039;histoire unique de Blackheath.<\/p>","protected":false},"excerpt":{"rendered":"<p>Maillot de rugby r\u00e9tro Blackheath.<\/p>\n<p>Le maillot de rugby r\u00e9tro Blackheath s&#039;inspire de l&#039;un des plus grands clubs de rugby de tous les temps. Fond\u00e9 \u00e0 Blackheath en 1858, il s&#039;agit du plus ancien club de rugby ouvert au monde \u00e0 avoir exist\u00e9 sans interruption.<\/p>","protected":false},"featured_media":544590,"template":"","meta":[],"product_brand":[],"product_cat":[1248,394,955],"product_tag":[],"class_list":{"0":"post-544582","1":"product","2":"type-product","3":"status-publish","4":"has-post-thumbnail","6":"product_cat-blackheath","7":"product_cat-rugby-shirts-2","8":"product_cat-shop-by-country-club","9":"pa_merk-ellis-rugby","11":"first","12":"instock","13":"taxable","14":"shipping-taxable","15":"purchasable","16":"product-type-variable"},"df_price":89.95,"df_sale_price":"","df_regular_price":89.95,"df_image_link":"https:\/\/harristweed-shop.be\/wp-content\/uploads\/2026\/02\/ecb37d5018a69b1f82079e44ae3b11bd_Blackheath_Retro_Rugby_Shirt-300x300.jpeg","_links":{"self":[{"href":"https:\/\/harristweed-shop.be\/fr\/wp-json\/wp\/v2\/product\/544582","targetHints":{"allow":["GET"]}}],"collection":[{"href":"https:\/\/harristweed-shop.be\/fr\/wp-json\/wp\/v2\/product"}],"about":[{"href":"https:\/\/harristweed-shop.be\/fr\/wp-json\/wp\/v2\/types\/product"}],"wp:featuredmedia":[{"embeddable":true,"href":"https:\/\/harristweed-shop.be\/fr\/wp-json\/wp\/v2\/media\/544590"}],"wp:attachment":[{"href":"https:\/\/harristweed-shop.be\/fr\/wp-json\/wp\/v2\/media?parent=544582"}],"wp:term":[{"taxonomy":"product_brand","embeddable":true,"href":"https:\/\/harristweed-shop.be\/fr\/wp-json\/wp\/v2\/product_brand?post=544582"},{"taxonomy":"product_cat","embeddable":true,"href":"https:\/\/harristweed-shop.be\/fr\/wp-json\/wp\/v2\/product_cat?post=544582"},{"taxonomy":"product_tag","embeddable":true,"href":"https:\/\/harristweed-shop.be\/fr\/wp-json\/wp\/v2\/product_tag?post=544582"}],"curies":[{"name":"wp","href":"https:\/\/api.w.org\/{rel}","templated":true}]}}