{"id":54456,"date":"2023-05-04T09:14:39","date_gmt":"2023-05-04T09:14:39","guid":{"rendered":"https:\/\/harristweed-shop.be\/product\/sokken-fuchsia\/"},"modified":"2026-04-09T03:11:25","modified_gmt":"2026-04-09T03:11:25","slug":"sokken-fuchsia","status":"publish","type":"product","link":"https:\/\/harristweed-shop.be\/fr\/produit\/chaussettes-fuchsia\/","title":{"rendered":"Chaussettes Homme Coton Tutti Colori Rose Fonc\u00e9"},"content":{"rendered":"<p>Les chaussettes de la&nbsp;<strong>Toutes les couleurs<\/strong>Les chaussettes en lots sont destin\u00e9es aux hommes qui veulent affirmer leur style. Rouge, jaune, rose poudr\u00e9 et autres teintes vives leur conf\u00e8rent caract\u00e8re et originalit\u00e9, sans pour autant sacrifier l&#039;\u00e9l\u00e9gance. Elles attirent subtilement le regard, ou au contraire, le d\u00e9tournent, selon la fa\u00e7on dont vous les portez.<br \/>&nbsp;<br \/>Fabriqu\u00e9 en&nbsp;<strong>coton \u00e9gyptien de haute qualit\u00e9<\/strong>, s\u00e9lectionn\u00e9s pour leur durabilit\u00e9, leur douceur et leur r\u00e9sistance des couleurs. Comme toujours, les chaussettes sont tricot\u00e9es et finies dans une entreprise familiale italienne, avec un souci du d\u00e9tail. L&#039;ajout de&nbsp;<strong>\u00e9lasthanne<\/strong>&nbsp;assure un ajustement parfait et un confort durable.<br \/>&nbsp;<br \/>Ces chaussettes montent l\u00e9g\u00e8rement plus haut sur le mollet et restent confortablement en place toute la journ\u00e9e. Le coton est certifi\u00e9 OEKO-TEX\u00ae Standard 100 et teint sans substances nocives. La couture des orteils est imperceptible et finie \u00e0 la main.<br \/>&nbsp;<br \/>Chaque chaussette est lav\u00e9e et repass\u00e9e avant de quitter l&#039;usine \u2013 pr\u00eate \u00e0 \u00eatre port\u00e9e imm\u00e9diatement.<\/p>\n<p>Toutes les chaussettes et bas haut de gamme de la marque Carlo Lanza sont confectionn\u00e9s artisanalement avec le plus grand soin dans une usine italienne. Ici, la fabrication de chaussettes est un v\u00e9ritable art. Au sein de cette entreprise familiale, seuls les tissus les plus fins au monde sont utilis\u00e9s pour garantir la qualit\u00e9 de leurs produits. Cependant, ces mati\u00e8res \u00e9tant d\u00e9licates, il est important de manipuler et de nettoyer vos chaussettes et bas haut de gamme avec pr\u00e9caution.<\/p>\n<p>Nos chaussettes de qualit\u00e9 finissent souvent par se retrouver dans le tas de linge sale et, malheureusement, elles ne re\u00e7oivent pas beaucoup d&#039;attention. Cependant, nous souhaitons vous donner quelques conseils pour laver vos chaussettes et pr\u00e9server ainsi leur belle couleur. Si vous suivez les conseils ci-dessous apr\u00e8s avoir achet\u00e9 nos chaussettes, vous constaterez qu&#039;ils prolongeront leur dur\u00e9e de vie\u00a0:<\/p>\n<ul>\n<li>Lavez vos chaussettes \u00e0 une temp\u00e9rature maximale de 30 degr\u00e9s.<\/li>\n<li>Il est pr\u00e9f\u00e9rable de laver ses chaussettes \u00e0 l&#039;envers.<\/li>\n<li>Faites s\u00e9cher vos chaussettes sur l&#039;\u00e9tendoir \u00e0 linge et non dans le s\u00e8che-linge.<\/li>\n<li>\u00c9vitez autant que possible de porter des chaussettes \u00e0 l&#039;int\u00e9rieur. Portez des chaussons ou des tongs confortables pour pr\u00e9server vos chaussettes.<\/li>\n<\/ul>\n<p>Marque : Carlo Lanza<br \/>\nMati\u00e8re : 80% coton \u00e9gyptien | 16% polyamide | 4% \u00e9lasthanne<br \/>\nTraitement suppl\u00e9mentaire : le fil d&#039;\u00e9cosse apporte un \u00e9clat soyeux sur les chaussettes<br \/>\nDisponible dans les tailles : S (39-43) et M (44-48).<br \/>\nLongueur de la chaussette \u00e0 partir du talon : \u00b1 27 cm<br \/>\nD\u00e9tails\u00a0: Bout remaill\u00e9 \u00e0 la main. Le bout et le talon sont renforc\u00e9s de nylon, ce qui les rend tr\u00e8s r\u00e9sistants.<br \/>\nLabel de qualit\u00e9 Oeko Tex\u00ae<br \/>\nFabriqu\u00e9 en Italie<\/p>","protected":false},"excerpt":{"rendered":"<p>Chaussettes Homme Coton Tutti Colori Rose Fonc\u00e9.<\/p>\n<p>Les chaussettes du lot Tutti Colori sont destin\u00e9es aux hommes qui aiment affirmer leur style. Rouge, jaune, rose poudr\u00e9 et autres teintes vives leur conf\u00e8rent caract\u00e8re et originalit\u00e9, sans pour autant sacrifier l&#039;\u00e9l\u00e9gance. Elles attirent subtilement l&#039;attention, ou peut-\u00eatre pas, selon la fa\u00e7on dont vous les portez.<\/p>","protected":false},"featured_media":54459,"template":"","meta":[],"product_brand":[],"product_cat":[925,134],"product_tag":[],"class_list":{"0":"post-54456","1":"product","2":"type-product","3":"status-publish","4":"has-post-thumbnail","6":"product_cat-socken","7":"product_cat-sokken","8":"pa_merk-carlolanza","10":"first","11":"instock","12":"taxable","13":"shipping-taxable","14":"purchasable","15":"product-type-variable"},"df_price":16.95,"df_sale_price":"","df_regular_price":16.95,"df_image_link":"https:\/\/harristweed-shop.be\/wp-content\/uploads\/2023\/05\/576c7b7e085e3eb505017f68a8446397_100048_20201_4528-300x300.jpg","_links":{"self":[{"href":"https:\/\/harristweed-shop.be\/fr\/wp-json\/wp\/v2\/product\/54456","targetHints":{"allow":["GET"]}}],"collection":[{"href":"https:\/\/harristweed-shop.be\/fr\/wp-json\/wp\/v2\/product"}],"about":[{"href":"https:\/\/harristweed-shop.be\/fr\/wp-json\/wp\/v2\/types\/product"}],"wp:featuredmedia":[{"embeddable":true,"href":"https:\/\/harristweed-shop.be\/fr\/wp-json\/wp\/v2\/media\/54459"}],"wp:attachment":[{"href":"https:\/\/harristweed-shop.be\/fr\/wp-json\/wp\/v2\/media?parent=54456"}],"wp:term":[{"taxonomy":"product_brand","embeddable":true,"href":"https:\/\/harristweed-shop.be\/fr\/wp-json\/wp\/v2\/product_brand?post=54456"},{"taxonomy":"product_cat","embeddable":true,"href":"https:\/\/harristweed-shop.be\/fr\/wp-json\/wp\/v2\/product_cat?post=54456"},{"taxonomy":"product_tag","embeddable":true,"href":"https:\/\/harristweed-shop.be\/fr\/wp-json\/wp\/v2\/product_tag?post=54456"}],"curies":[{"name":"wp","href":"https:\/\/api.w.org\/{rel}","templated":true}]}}