{"id":544558,"date":"2026-02-27T16:39:59","date_gmt":"2026-02-27T16:39:59","guid":{"rendered":"https:\/\/harristweed-shop.be\/product\/australia-rugby-league-1950-rugby-shirt\/"},"modified":"2026-04-07T15:34:11","modified_gmt":"2026-04-07T15:34:11","slug":"australia-rugby-league-1950-rugby-shirt","status":"publish","type":"product","link":"https:\/\/harristweed-shop.be\/fr\/produit\/maillot-de-rugby-a-xiii-australien-de-1950\/","title":{"rendered":"Maillot de rugby \u00e0 XIII australien de 1950"},"content":{"rendered":"<p>La victoire historique des Ashes de 1950<\/p>\n<p>Le maillot de l&#039;\u00e9quipe australienne de rugby \u00e0 XIII de 1950 s&#039;inspire d&#039;un des plus grands moments de l&#039;histoire de ce sport. La s\u00e9rie des Ashes de 1950 a marqu\u00e9 un tournant pour le rugby \u00e0 XIII et a mis fin \u00e0 des d\u00e9cennies de domination anglaise sur la sc\u00e8ne internationale.<\/p>\n<p>Le match test d\u00e9cisif \u00e0 Sydney s&#039;est d\u00e9roul\u00e9 dans des conditions \u00e9pouvantables. Le Sydney Cricket Ground \u00e9tait inond\u00e9 et en piteux \u00e9tat. Nombreux \u00e9taient ceux qui estimaient que la rencontre n&#039;aurait jamais d\u00fb avoir lieu. Pourtant, les Kangourous australiens ont livr\u00e9 une performance inoubliable, remportant une victoire m\u00e9morable 5-2 face \u00e0 la Grande-Bretagne. Gr\u00e2ce \u00e0 ce succ\u00e8s, les Ashes sont revenues en Australie pour la premi\u00e8re fois en 30 ans.<\/p>\n<\/p>\n<p>Les h\u00e9ros des cendres de 1950<\/p>\n<p>La s\u00e9rie de 1950 fut riche en moments m\u00e9morables. Ron Roberts marqua l&#039;essai d\u00e9cisif qui scella le triomphe historique. De plus, le l\u00e9gendaire Clive Churchill mena l&#039;\u00e9quipe avec courage et sang-froid. Il ajouta une p\u00e9nalit\u00e9 lors du dernier match, soulignant ainsi son influence d\u00e9terminante sur l&#039;issue de la rencontre.<\/p>\n<p>Churchill \u00e9tait bien plus qu&#039;un simple capitaine. Arri\u00e8re visionnaire, il a r\u00e9volutionn\u00e9 le jeu \u00e0 ce poste. Son talent offensif a transform\u00e9 le r\u00f4le \u00e0 jamais. Il a pris sa retraite en tant que joueur le plus cap\u00e9 de son \u00e9poque avec les Kangaroos et est devenu une v\u00e9ritable ic\u00f4ne du rugby \u00e0 XIII. Son h\u00e9ritage perdure et est aujourd&#039;hui honor\u00e9 par la prestigieuse m\u00e9daille Clive Churchill, remise lors de la grande finale de la NRL.<\/p>\n<\/p>\n<p>Collaboration Ellis Rugby x Clive Churchill<\/p>\n<p>Le maillot de rugby Ellis Rugby Australia RL 1950 est le fruit d&#039;une collaboration entre The Clive Churchill Brand et Ellis Rugby. Il rend hommage aux Kangaroos, vainqueurs des Ashes, et \u00e0 l&#039;h\u00e9ritage de leur capitaine.<\/p>\n<p>Ce maillot, d&#039;un vert profond, arbore fi\u00e8rement le c\u00e9l\u00e8bre double V dor\u00e9. Une application d\u00e9taill\u00e9e de l&#039;embl\u00e8me australien des ann\u00e9es 1950 orne la poitrine. Le col est rehauss\u00e9 de surpiq\u00fbres dor\u00e9es, sous lesquelles figurent les mots \u201c\u00a0AUSTRALIA\u00a0\u201d et \u201c\u00a0Pride in the Jersey\u00a0\u201d. Ainsi, chaque d\u00e9tail t\u00e9moigne de passion, d&#039;authenticit\u00e9 et de fiert\u00e9.<\/p>\n<\/p>\n<p>Un hommage \u00e0 l&#039;h\u00e9ritage du rugby \u00e0 XIII<\/p>\n<p>Le maillot de rugby \u00e0 XIII australien de 1950 est bien plus qu&#039;un simple v\u00eatement. Il symbolise la r\u00e9silience, le triomphe et la fiert\u00e9 nationale. Outre ce mod\u00e8le, Ellis Rugby propose \u00e9galement une collection r\u00e9tro vintage de rugby \u00e0 XIII, comprenant des polos et des maillots rendant hommage aux \u00e9quipes l\u00e9gendaires du pass\u00e9.<\/p>","protected":false},"excerpt":{"rendered":"<p>Maillot de rugby \u00e0 XIII australien de 1950.<\/p>\n<p>Le maillot de l&#039;\u00e9quipe australienne de rugby \u00e0 XIII de 1950 s&#039;inspire d&#039;un des plus grands moments de l&#039;histoire de ce sport\u00a0: la s\u00e9rie des Ashes de 1950.<\/p>","protected":false},"featured_media":544566,"template":"","meta":[],"product_brand":[],"product_cat":[964,397,394,955],"product_tag":[],"class_list":{"0":"post-544558","1":"product","2":"type-product","3":"status-publish","4":"has-post-thumbnail","6":"product_cat-australia-wallabies-shop-by-country-club","7":"product_cat-international","8":"product_cat-rugby-shirts-2","9":"product_cat-shop-by-country-club","10":"pa_merk-ellis-rugby","12":"first","13":"instock","14":"taxable","15":"shipping-taxable","16":"purchasable","17":"product-type-variable"},"df_price":89.95,"df_sale_price":"","df_regular_price":89.95,"df_image_link":"https:\/\/harristweed-shop.be\/wp-content\/uploads\/2026\/02\/812fa04859c0ba9af51136684f0185ff_Australia_Rugby_League_1950_Rugby_Shirt-300x300.jpeg","_links":{"self":[{"href":"https:\/\/harristweed-shop.be\/fr\/wp-json\/wp\/v2\/product\/544558","targetHints":{"allow":["GET"]}}],"collection":[{"href":"https:\/\/harristweed-shop.be\/fr\/wp-json\/wp\/v2\/product"}],"about":[{"href":"https:\/\/harristweed-shop.be\/fr\/wp-json\/wp\/v2\/types\/product"}],"wp:featuredmedia":[{"embeddable":true,"href":"https:\/\/harristweed-shop.be\/fr\/wp-json\/wp\/v2\/media\/544566"}],"wp:attachment":[{"href":"https:\/\/harristweed-shop.be\/fr\/wp-json\/wp\/v2\/media?parent=544558"}],"wp:term":[{"taxonomy":"product_brand","embeddable":true,"href":"https:\/\/harristweed-shop.be\/fr\/wp-json\/wp\/v2\/product_brand?post=544558"},{"taxonomy":"product_cat","embeddable":true,"href":"https:\/\/harristweed-shop.be\/fr\/wp-json\/wp\/v2\/product_cat?post=544558"},{"taxonomy":"product_tag","embeddable":true,"href":"https:\/\/harristweed-shop.be\/fr\/wp-json\/wp\/v2\/product_tag?post=544558"}],"curies":[{"name":"wp","href":"https:\/\/api.w.org\/{rel}","templated":true}]}}