{"id":544537,"date":"2026-02-27T16:29:41","date_gmt":"2026-02-27T16:29:41","guid":{"rendered":"https:\/\/harristweed-shop.be\/product\/england-rugby-prince-shirt-1936-polo\/"},"modified":"2026-05-05T03:01:31","modified_gmt":"2026-05-05T03:01:31","slug":"england-rugby-prince-shirt-1936-polo","status":"publish","type":"product","link":"https:\/\/harristweed-shop.be\/fr\/produit\/polo-prince-de-lequipe-dangleterre-de-rugby-1936\/","title":{"rendered":"Polo Prince de l&#039;\u00e9quipe d&#039;Angleterre de rugby, 1936"},"content":{"rendered":"<p>Pr\u00e9sentation du maillot Prince de Rugby anglais<\/p>\n<p>Produit par Ellis Rugby, le polo England Rugby Prince Shirt 1936 est d&#039;une qualit\u00e9 exceptionnelle. Son design s&#039;inspire de l&#039;histoire du prince Obolensky, surnomm\u00e9 \u201c\u00a0le Prince Volant\u00a0\u201d. Il arbore une couronne Oxford vintage ainsi qu&#039;une rose anglaise vintage appliqu\u00e9e sur la poitrine.<\/p>\n<p>L&#039;\u00e9quipe des All Blacks de Nouvelle-Z\u00e9lande en tourn\u00e9e en 1936 \u00e9tait men\u00e9e par John Manchester. Il a jou\u00e9 au rugby pour Christchurch. John a repr\u00e9sent\u00e9 Canterbury au niveau provincial. Il \u00e9voluait au poste de troisi\u00e8me ligne aile. De plus, il a fait ses d\u00e9buts internationaux en 1932. Au total, il a \u00e9t\u00e9 s\u00e9lectionn\u00e9 36 fois en \u00e9quipe nationale.<\/p>\n<p>Comme \u00e0 leur habitude, les touristes disposaient d&#039;une \u00e9quipe solide et ont remport\u00e9 des victoires contre Devon &amp; Cornwall, Midland Counties, Yorkshire &amp; Cumberland et Abertillery &amp; Cross Keys. Ils ont cependant connu une d\u00e9faite lors de leur match suivant contre Swansea \u00e0 St Helens, s&#039;inclinant 11 \u00e0 3.<\/p>\n<p>Ils ont disput\u00e9 14 autres matchs, qu&#039;ils ont tous remport\u00e9s, avant d&#039;affronter l&#039;\u00c9cosse pour leur premier match international de rugby \u00e0 XV. Ils ont facilement vaincu les \u00c9cossais sur le score de 18 \u00e0 8. Apr\u00e8s des rencontres contre le Nord de l&#039;\u00c9cosse et l&#039;Ulster, ce fut au tour de l&#039;Irlande. Les All Blacks se sont une fois de plus montr\u00e9s trop forts pour les Irlandais et ont facilement remport\u00e9 la victoire sur le score de 17 \u00e0 9.<\/p>\n<p>Deux autres victoires en matchs de pr\u00e9paration. Et une courte d\u00e9faite 13-12 face au Pays de Galles dans des circonstances controvers\u00e9es.<\/p>\n<p>Apr\u00e8s avoir battu les London Counties 25 \u00e0 4 \u00e0 Twickenham, ils affront\u00e8rent l&#039;Angleterre sur le m\u00eame terrain la semaine suivante. L&#039;Angleterre n&#039;avait jamais vaincu les All Blacks. Et apr\u00e8s leur victoire surprise contre le Pays de Galles, ils \u00e9taient les grands favoris pour bien terminer la partie britannique de leur tourn\u00e9e.<\/p>\n<p>En savoir plus<\/p>\n<p>Plus t\u00f4t dans l&#039;ann\u00e9e, les s\u00e9lectionneurs anglais avaient rep\u00e9r\u00e9 un jeune ailier talentueux \u00e9voluant \u00e0 l&#039;universit\u00e9 d&#039;Oxford. Le prince Alexander Obolensky \u00e9tait d&#039;origine russe. Une fois convaincu par le comit\u00e9 de s\u00e9lection, ce jeune espoir fut jug\u00e9 suffisamment prometteur pour jouer au niveau international. Un passeport britannique lui fut d\u00e9livr\u00e9 \u00e0 temps pour le match contre la Nouvelle-Z\u00e9lande.<\/p>\n<p>L&#039;Angleterre aborda donc ce match le 4 janvier 1936. En tant qu&#039;outsider, elle n&#039;avait jamais battu la Nouvelle-Z\u00e9lande auparavant. De plus, elle avait s\u00e9lectionn\u00e9 dans ses rangs un joueur inexp\u00e9riment\u00e9, Obolensky.<\/p>\n<p>Les supporters anglais n&#039;avaient pas \u00e0 s&#039;inqui\u00e9ter : Obolensky, servi par le centre Peter Cranmer, s&#039;est faufil\u00e9 entre deux d\u00e9fenseurs n\u00e9o-z\u00e9landais, a couru vers la ligne de touche et a marqu\u00e9 d&#039;un tir gliss\u00e9 dans le coin. Le public de Twickenham a manifest\u00e9 sa joie.<\/p>\n<p>Son deuxi\u00e8me essai est largement consid\u00e9r\u00e9 comme l&#039;un des plus beaux essais de l&#039;Angleterre. Il est le fruit d&#039;un excellent travail de soutien, Obolensky. Apr\u00e8s avoir re\u00e7u le ballon, il a ajust\u00e9 sa course pour repiquer \u00e0 l&#039;int\u00e9rieur et sprinter en diagonale vers le poteau de coin, poursuivi par quatre joueurs. Hal Sever, joueur de Sale et du Cheshire, a ajout\u00e9 un autre essai en seconde p\u00e9riode. L&#039;Angleterre a ainsi d\u00e9croch\u00e9 une victoire m\u00e9morable.<\/p>","protected":false},"excerpt":{"rendered":"<p>Le prince AS Obolensky \u00e9tait un prince rurikide dont la famille a fui la Russie apr\u00e8s la r\u00e9volution russe de 1917 et s&#039;est install\u00e9e \u00e0 Londres.<\/p>","protected":false},"featured_media":544538,"template":"","meta":[],"product_brand":[],"product_cat":[1024,957,406,1000,955],"product_tag":[],"class_list":{"0":"post-544537","1":"product","2":"type-product","3":"status-publish","4":"has-post-thumbnail","6":"product_cat-ellis-rugby-polos","7":"product_cat-england-shop-by-country-club","8":"product_cat-polos","9":"product_cat-poloshirts","10":"product_cat-shop-by-country-club","11":"pa_merk-ellis-rugby","13":"first","14":"instock","15":"taxable","16":"shipping-taxable","17":"purchasable","18":"product-type-variable"},"df_price":69.95,"df_sale_price":"","df_regular_price":69.95,"df_image_link":"https:\/\/harristweed-shop.be\/wp-content\/uploads\/2026\/02\/e3bad4b7994f5df7ec9c1c2127808eb8_England_Rugby_Prince_Shirt_1936_Polo-300x300.jpg","_links":{"self":[{"href":"https:\/\/harristweed-shop.be\/fr\/wp-json\/wp\/v2\/product\/544537","targetHints":{"allow":["GET"]}}],"collection":[{"href":"https:\/\/harristweed-shop.be\/fr\/wp-json\/wp\/v2\/product"}],"about":[{"href":"https:\/\/harristweed-shop.be\/fr\/wp-json\/wp\/v2\/types\/product"}],"wp:featuredmedia":[{"embeddable":true,"href":"https:\/\/harristweed-shop.be\/fr\/wp-json\/wp\/v2\/media\/544538"}],"wp:attachment":[{"href":"https:\/\/harristweed-shop.be\/fr\/wp-json\/wp\/v2\/media?parent=544537"}],"wp:term":[{"taxonomy":"product_brand","embeddable":true,"href":"https:\/\/harristweed-shop.be\/fr\/wp-json\/wp\/v2\/product_brand?post=544537"},{"taxonomy":"product_cat","embeddable":true,"href":"https:\/\/harristweed-shop.be\/fr\/wp-json\/wp\/v2\/product_cat?post=544537"},{"taxonomy":"product_tag","embeddable":true,"href":"https:\/\/harristweed-shop.be\/fr\/wp-json\/wp\/v2\/product_tag?post=544537"}],"curies":[{"name":"wp","href":"https:\/\/api.w.org\/{rel}","templated":true}]}}