{"id":544448,"date":"2026-02-26T16:50:10","date_gmt":"2026-02-26T16:50:10","guid":{"rendered":"https:\/\/harristweed-shop.be\/product\/viyella-blue-micro-check-tailored-fit-cotton-formal-shirt\/"},"modified":"2026-02-26T16:50:18","modified_gmt":"2026-02-26T16:50:18","slug":"viyella-blue-micro-check-tailored-fit-cotton-formal-shirt","status":"publish","type":"product","link":"https:\/\/harristweed-shop.be\/fr\/produit\/chemise-habillee-en-coton-bleu-a-micro-carreaux-viyella-coupe-ajustee-2\/","title":{"rendered":"Chemise habill\u00e9e en coton \u00e0 micro-carreaux bleus Viyella, coupe ajust\u00e9e"},"content":{"rendered":"<p>Viyella est r\u00e9put\u00e9e pour ses techniques de filage novatrices permettant d&#039;obtenir des fils ultrafins. Nous utilisons exclusivement les fibres de coton les plus fines et les plus longues, fil\u00e9es en fils ultrafins. Il en r\u00e9sulte un \u00e9clat subtil qui rehausse la couleur du tissu. Ce dernier subit ensuite un traitement de finition sp\u00e9cial qui lui conf\u00e8re une texture soyeuse et raffin\u00e9e.<\/p>\n<p>La collection de chemises habill\u00e9es Viyella en coton 100% pr\u00e9sente une coupe ajust\u00e9e, des pinces au dos, l&#039;absence de poche poitrine et une patte de boutonnage fran\u00e7aise pour une silhouette \u00e9pur\u00e9e. Ces chemises sont dot\u00e9es d&#039;un col classique et de poignets arrondis plus larges avec un seul bouton. Disponibles avec des cols de 38 \u00e0 47 cm, elles sont lavables en machine.<\/p>","protected":false},"excerpt":{"rendered":"<p>Chemise habill\u00e9e en coton \u00e0 micro-carreaux bleus Viyella, coupe ajust\u00e9e.<\/p>\n<p>-Coupe sur mesure<br \/>\n\u2013 Poignet simple<br \/>\n\u2013 Fermeture fran\u00e7aise sur le devant<br \/>\n\u2013 Places \u00e0 l&#039;arri\u00e8re<\/p>","protected":false},"featured_media":544485,"template":"","meta":[],"product_brand":[],"product_cat":[507,505,86,506,1025],"product_tag":[],"class_list":{"0":"post-544448","1":"product","2":"type-product","3":"status-publish","4":"has-post-thumbnail","6":"product_cat-dress-hemden","7":"product_cat-dress-shirts","8":"product_cat-shirts-en-overhemden","9":"product_cat-shirts-und-hemden","10":"product_cat-viyella","11":"pa_merk-viyella","13":"first","14":"instock","15":"taxable","16":"shipping-taxable","17":"purchasable","18":"product-type-variable"},"df_price":89.95,"df_sale_price":"","df_regular_price":89.95,"df_image_link":"https:\/\/harristweed-shop.be\/wp-content\/uploads\/2026\/02\/bd2b0e1c07868af46f170c23174f94e6_Viyella_Blue_Micro_Check_Tailored_Fit_Cotton_Formal_Shirt-225x300.jpeg","_links":{"self":[{"href":"https:\/\/harristweed-shop.be\/fr\/wp-json\/wp\/v2\/product\/544448","targetHints":{"allow":["GET"]}}],"collection":[{"href":"https:\/\/harristweed-shop.be\/fr\/wp-json\/wp\/v2\/product"}],"about":[{"href":"https:\/\/harristweed-shop.be\/fr\/wp-json\/wp\/v2\/types\/product"}],"wp:featuredmedia":[{"embeddable":true,"href":"https:\/\/harristweed-shop.be\/fr\/wp-json\/wp\/v2\/media\/544485"}],"wp:attachment":[{"href":"https:\/\/harristweed-shop.be\/fr\/wp-json\/wp\/v2\/media?parent=544448"}],"wp:term":[{"taxonomy":"product_brand","embeddable":true,"href":"https:\/\/harristweed-shop.be\/fr\/wp-json\/wp\/v2\/product_brand?post=544448"},{"taxonomy":"product_cat","embeddable":true,"href":"https:\/\/harristweed-shop.be\/fr\/wp-json\/wp\/v2\/product_cat?post=544448"},{"taxonomy":"product_tag","embeddable":true,"href":"https:\/\/harristweed-shop.be\/fr\/wp-json\/wp\/v2\/product_tag?post=544448"}],"curies":[{"name":"wp","href":"https:\/\/api.w.org\/{rel}","templated":true}]}}