{"id":544436,"date":"2026-02-26T13:33:28","date_gmt":"2026-02-26T13:33:28","guid":{"rendered":"https:\/\/harristweed-shop.be\/product\/klassieke-damesjas-emilia-in-navy\/"},"modified":"2026-04-07T06:40:38","modified_gmt":"2026-04-07T06:40:38","slug":"klassieke-damesjas-emilia-in-navy","status":"publish","type":"product","link":"https:\/\/harristweed-shop.be\/fr\/produit\/manteau-classique-pour-femme-emilia-bleu-marine\/","title":{"rendered":"Manteau classique Emilia pour femme, couleur marine"},"content":{"rendered":"<p>Affrontez l&#039;hiver avec une \u00e9l\u00e9gance intemporelle\u00a0: le manteau en laine \u201c\u00a0Emilia\u00a0\u201d, \u00e0 la coupe blazer, sublime la silhouette et offre une multitude de possibilit\u00e9s de style. Confectionn\u00e9 dans un m\u00e9lange exclusif de laine et de cachemire aux propri\u00e9t\u00e9s thermor\u00e9gulatrices et chaudes, ce manteau pr\u00e9sente des d\u00e9coupes princesse pour une silhouette \u00e9lanc\u00e9e. Il est dot\u00e9 d&#039;un col \u00e0 revers et se ferme par trois boutons en corne v\u00e9ritable personnalis\u00e9s. Outre les poches \u00e0 rabat, des poches lat\u00e9rales int\u00e9gr\u00e9es aux coutures offrent un espace de rangement g\u00e9n\u00e9reux. Un d\u00e9tail raffin\u00e9\u00a0: le dessous de col en feutre de laine assorti, provenant d&#039;une petite manufacture bavaroise. Un manteau intemporel et haut de gamme qui vous accompagnera avec style durant la mi-saison.<\/p>\n<p>\u2013 Une poche int\u00e9rieure zipp\u00e9e<br \/>- Enti\u00e8rement doubl\u00e9<br \/>\u2013 \u00c9tiquette nominative<br \/>\u2013 Revers \u00e0 encoche<br \/>\u2013 Deux poches \u00e0 rabat et deux poches lat\u00e9rales obliques<\/p>\n<p>Mensurations du mannequin\u00a0: Le mannequin mesure 176\u00a0cm et porte une taille\u00a036 sur la photo.<br \/>Coupe : L\u00e9g\u00e8rement ajust\u00e9e. Si vous h\u00e9sitez entre deux tailles, choisissez la plus grande.<br \/>Mesures du v\u00eatement\u00a0: Pour la taille 36, les mesures sont les suivantes\u00a0: Tour de poitrine (demi-tour de poitrine)\u00a0: 47\u00a0cm \u2013 Tour de taille (demi-tour de taille)\u00a0: 42\u00a0cm \u2013 Largeur d\u2019\u00e9paules\u00a0: 11,2\u00a0cm \u2013 Longueur des manches (depuis l\u2019emmanchure)\u00a0: 61,5\u00a0cm \u2013 Longueur dos\u00a0: 97\u00a0cm<\/p>\n<p>Tissu ext\u00e9rieur : 90% pure laine vierge, 10% cachemire<br \/>Doublure : 60% viscose, 40% polyester<br \/>Doublure des manches : polyester 100%<\/p>","protected":false},"excerpt":{"rendered":"<p>Manteau classique pour femme \u201d Emilia \u201d bleu marine, taille 10.<\/p>\n<p>Affrontez l&#039;hiver avec une \u00e9l\u00e9gance intemporelle \u2013 le manteau en laine \u201c Emilia \u201d, au style blazer et \u00e0 l&#039;allure soign\u00e9e, met en valeur la silhouette et offre d&#039;innombrables possibilit\u00e9s de style.<\/p>","protected":false},"featured_media":544437,"template":"","meta":[],"product_brand":[],"product_cat":[481,87,482,483],"product_tag":[],"class_list":{"0":"post-544436","1":"product","2":"type-product","3":"status-publish","4":"has-post-thumbnail","6":"product_cat-dames-jassen-en-jacks","7":"product_cat-jassen-en-jacks","8":"product_cat-mantel-und-jacken","9":"product_cat-mantel-und-jacken-fur-damen","10":"pa_merk-wellington","12":"first","13":"instock","14":"taxable","15":"shipping-taxable","16":"purchasable","17":"product-type-variable"},"df_price":298.95,"df_sale_price":"","df_regular_price":298.95,"df_image_link":"https:\/\/harristweed-shop.be\/wp-content\/uploads\/2026\/02\/aef4d141083ed2c515b79c8d41ed2e30_Wellington__Dames_Mantel_Marine-225x300.jpg","_links":{"self":[{"href":"https:\/\/harristweed-shop.be\/fr\/wp-json\/wp\/v2\/product\/544436","targetHints":{"allow":["GET"]}}],"collection":[{"href":"https:\/\/harristweed-shop.be\/fr\/wp-json\/wp\/v2\/product"}],"about":[{"href":"https:\/\/harristweed-shop.be\/fr\/wp-json\/wp\/v2\/types\/product"}],"wp:featuredmedia":[{"embeddable":true,"href":"https:\/\/harristweed-shop.be\/fr\/wp-json\/wp\/v2\/media\/544437"}],"wp:attachment":[{"href":"https:\/\/harristweed-shop.be\/fr\/wp-json\/wp\/v2\/media?parent=544436"}],"wp:term":[{"taxonomy":"product_brand","embeddable":true,"href":"https:\/\/harristweed-shop.be\/fr\/wp-json\/wp\/v2\/product_brand?post=544436"},{"taxonomy":"product_cat","embeddable":true,"href":"https:\/\/harristweed-shop.be\/fr\/wp-json\/wp\/v2\/product_cat?post=544436"},{"taxonomy":"product_tag","embeddable":true,"href":"https:\/\/harristweed-shop.be\/fr\/wp-json\/wp\/v2\/product_tag?post=544436"}],"curies":[{"name":"wp","href":"https:\/\/api.w.org\/{rel}","templated":true}]}}