{"id":544421,"date":"2026-02-26T10:35:49","date_gmt":"2026-02-26T10:35:49","guid":{"rendered":"https:\/\/harristweed-shop.be\/product\/riem-melik-bruin-suede\/"},"modified":"2026-04-07T06:40:39","modified_gmt":"2026-04-07T06:40:39","slug":"riem-melik-bruin-suede","status":"publish","type":"product","link":"https:\/\/harristweed-shop.be\/fr\/produit\/ceinture-melik-en-daim-marron\/","title":{"rendered":"Ceinture Melik en daim marron"},"content":{"rendered":"<p>Toutes nos ceintures sont confectionn\u00e9es en cuir de veau, daim ou nubuck de haute qualit\u00e9 et s&#039;accordent parfaitement avec nos chaussures. La doublure est exclusivement en nubuck. La boucle, en nickel mat, est r\u00e9sistante \u00e0 la rouille. Toutes nos ceintures sont facilement ajustables au niveau de la boucle. Il suffit de d\u00e9visser la boucle, de couper la ceinture \u00e0 la longueur souhait\u00e9e en fonction de votre tour de taille, de perforer un nouveau trou, puis de revisser la boucle.<\/p>\n<p>\u2013 Taille\u00a0: Largeur 3,50 cm<br \/>\u2013 Qualit\u00e9\u00a0: daim<br \/>\u2013 Composition : Cuir 100%<br \/>Boucle : carr\u00e9e noire en nickel mat<\/p>","protected":false},"excerpt":{"rendered":"<p>Ceinture Melik en daim marron.<\/p>\n<p>Toutes nos ceintures sont confectionn\u00e9es en cuir de veau, en daim ou en nubuck de haute qualit\u00e9 et s&#039;accordent parfaitement avec nos chaussures.<\/p>","protected":false},"featured_media":544426,"template":"","meta":[],"product_brand":[],"product_cat":[529,162],"product_tag":[],"class_list":{"0":"post-544421","1":"product","2":"type-product","3":"status-publish","4":"has-post-thumbnail","6":"product_cat-gurtel","7":"product_cat-riemen","8":"pa_merk-melik","10":"first","11":"instock","12":"taxable","13":"shipping-taxable","14":"purchasable","15":"product-type-variable"},"df_price":89.95,"df_sale_price":"","df_regular_price":89.95,"df_image_link":"https:\/\/harristweed-shop.be\/wp-content\/uploads\/2026\/02\/0406d11d1dcc2a7c85ebe7bf8497cdf6_Riem_Melik_Bruin_Su_de-300x300.jpeg","_links":{"self":[{"href":"https:\/\/harristweed-shop.be\/fr\/wp-json\/wp\/v2\/product\/544421","targetHints":{"allow":["GET"]}}],"collection":[{"href":"https:\/\/harristweed-shop.be\/fr\/wp-json\/wp\/v2\/product"}],"about":[{"href":"https:\/\/harristweed-shop.be\/fr\/wp-json\/wp\/v2\/types\/product"}],"wp:featuredmedia":[{"embeddable":true,"href":"https:\/\/harristweed-shop.be\/fr\/wp-json\/wp\/v2\/media\/544426"}],"wp:attachment":[{"href":"https:\/\/harristweed-shop.be\/fr\/wp-json\/wp\/v2\/media?parent=544421"}],"wp:term":[{"taxonomy":"product_brand","embeddable":true,"href":"https:\/\/harristweed-shop.be\/fr\/wp-json\/wp\/v2\/product_brand?post=544421"},{"taxonomy":"product_cat","embeddable":true,"href":"https:\/\/harristweed-shop.be\/fr\/wp-json\/wp\/v2\/product_cat?post=544421"},{"taxonomy":"product_tag","embeddable":true,"href":"https:\/\/harristweed-shop.be\/fr\/wp-json\/wp\/v2\/product_tag?post=544421"}],"curies":[{"name":"wp","href":"https:\/\/api.w.org\/{rel}","templated":true}]}}