{"id":544304,"date":"2026-02-24T14:05:22","date_gmt":"2026-02-24T14:05:22","guid":{"rendered":"https:\/\/harristweed-shop.be\/product\/heren-sokken-katoen-classico-ocean-blue\/"},"modified":"2026-05-05T03:03:38","modified_gmt":"2026-05-05T03:03:38","slug":"heren-sokken-katoen-classico-ocean-blue","status":"publish","type":"product","link":"https:\/\/harristweed-shop.be\/fr\/produit\/chaussettes-homme-en-coton-classique-bleu-ocean\/","title":{"rendered":"Chaussettes homme en coton Classico bleu oc\u00e9an"},"content":{"rendered":"<p>Les chaussettes de la collection Classico sont la base de toute garde-robe masculine soign\u00e9e. Noir profond, bleu marine, marron fonc\u00e9 et anthracite : des couleurs intemporelles, en toute saison, pour toutes les occasions et avec toutes les chaussures. Un style sobre et \u00e9l\u00e9gant, une qualit\u00e9 irr\u00e9prochable.<\/p>\n<p>Comme toutes les chaussettes en coton pour homme Carlo Lanza, ces chaussettes Classico sont confectionn\u00e9es par une entreprise familiale italienne de renom. Leur fabrication suit un processus rigoureux qui privil\u00e9gie la durabilit\u00e9, le confort et le choix des mati\u00e8res. Chaque paire est r\u00e9alis\u00e9e en coton \u00e9gyptien de haute qualit\u00e9, reconnu mondialement pour sa r\u00e9sistance, sa douceur et sa tenue des couleurs.<\/p>\n<p>Ces chaussettes ont \u00e9t\u00e9 test\u00e9es et perfectionn\u00e9es en collaboration avec un panel de consommateurs exigeants. Gr\u00e2ce \u00e0 leurs retours, elles montent d\u00e9sormais jusqu&#039;au-dessus du mollet et sont d\u00e9sormais plus \u00e9lastiques. Elles restent ainsi parfaitement en place toute la journ\u00e9e.<\/p>\n<p>Le coton est certifi\u00e9 OEKO-TEX\u00ae Standard 100 et teint sans produits chimiques nocifs, gage de douceur pour la peau et de savoir-faire responsable. Dans l&#039;usine italienne, les chaussettes sont tricot\u00e9es avec pr\u00e9cision puis finies \u00e0 la main. La couture des orteils est invisible, la finition impeccable.<\/p>\n<p>Toutes les chaussettes sont lav\u00e9es et repass\u00e9es avant l&#039;exp\u00e9dition. Ainsi, vous avez la garantie que les produits Carlo Lanza que vous recevrez r\u00e9pondront parfaitement \u00e0 vos attentes.<\/p>\n<p>Toutes les chaussettes et bas haut de gamme de la marque Carlo Lanza sont confectionn\u00e9s artisanalement avec le plus grand soin dans une usine italienne. Ici, la fabrication de chaussettes est un v\u00e9ritable art. Au sein de cette entreprise familiale, seuls les tissus les plus fins au monde sont utilis\u00e9s pour garantir la qualit\u00e9 de leurs produits. Cependant, ces mati\u00e8res \u00e9tant d\u00e9licates, il est important de manipuler et de nettoyer vos chaussettes et bas haut de gamme avec pr\u00e9caution.<\/p>\n<p>Nos chaussettes de qualit\u00e9 finissent souvent par se retrouver dans le tas de linge sale et, malheureusement, elles ne re\u00e7oivent pas beaucoup d&#039;attention. Cependant, nous souhaitons vous donner quelques conseils pour laver vos chaussettes et pr\u00e9server ainsi leur belle couleur. Si vous suivez les conseils ci-dessous apr\u00e8s avoir achet\u00e9 nos chaussettes, vous constaterez qu&#039;ils prolongeront leur dur\u00e9e de vie\u00a0:<\/p>\n<ul>\n<li>Lavez vos chaussettes \u00e0 une temp\u00e9rature maximale de 30 degr\u00e9s.<\/li>\n<li>Il est pr\u00e9f\u00e9rable de laver ses chaussettes \u00e0 l&#039;envers.<\/li>\n<li>Faites s\u00e9cher vos chaussettes sur l&#039;\u00e9tendoir \u00e0 linge et non dans le s\u00e8che-linge.<\/li>\n<li>\u00c9vitez autant que possible de porter des chaussettes \u00e0 l&#039;int\u00e9rieur. Portez des chaussons ou des tongs confortables pour pr\u00e9server vos chaussettes.<\/li>\n<\/ul>\n<p>Marque : Carlo Lanza<br \/>\nMati\u00e8re : 80% coton \u00e9gyptien | 16% polyamide | 4% \u00e9lasthanne<br \/>\nTraitement suppl\u00e9mentaire : le fil d&#039;\u00e9cosse apporte un \u00e9clat soyeux sur les chaussettes<br \/>\nDisponible dans les tailles : S (39-43) et M (44-48).<br \/>\nLongueur de la chaussette \u00e0 partir du talon : \u00b1 27 cm<br \/>\nD\u00e9tails\u00a0: Bout remaill\u00e9 \u00e0 la main. Le bout et le talon sont renforc\u00e9s de nylon, ce qui les rend tr\u00e8s r\u00e9sistants.<br \/>\nLabel de qualit\u00e9 Oeko Tex\u00ae<br \/>\nFabriqu\u00e9 en Italie<\/p>","protected":false},"excerpt":{"rendered":"<p>Chaussettes pour hommes en coton Classico bleu oc\u00e9an.<\/p>\n<p>Les chaussettes de la collection Classico sont la base de toute garde-robe masculine soign\u00e9e. Noir profond, bleu marine, marron fonc\u00e9 et anthracite : des couleurs intemporelles, en toute saison, pour toutes les occasions et avec toutes les chaussures. Un style sobre et \u00e9l\u00e9gant, une qualit\u00e9 irr\u00e9prochable.<\/p>","protected":false},"featured_media":544307,"template":"","meta":[],"product_brand":[],"product_cat":[925,134],"product_tag":[],"class_list":{"0":"post-544304","1":"product","2":"type-product","3":"status-publish","4":"has-post-thumbnail","6":"product_cat-socken","7":"product_cat-sokken","8":"pa_merk-carlolanza","10":"first","11":"instock","12":"taxable","13":"shipping-taxable","14":"purchasable","15":"product-type-variable"},"df_price":17.95,"df_sale_price":"","df_regular_price":17.95,"df_image_link":"https:\/\/harristweed-shop.be\/wp-content\/uploads\/2026\/02\/dd41dd01378bc1bfe1caa1fc09476b41_Heren_Sokken_Katoen_Classico_Ocean_Blue-300x300.jpeg","_links":{"self":[{"href":"https:\/\/harristweed-shop.be\/fr\/wp-json\/wp\/v2\/product\/544304","targetHints":{"allow":["GET"]}}],"collection":[{"href":"https:\/\/harristweed-shop.be\/fr\/wp-json\/wp\/v2\/product"}],"about":[{"href":"https:\/\/harristweed-shop.be\/fr\/wp-json\/wp\/v2\/types\/product"}],"wp:featuredmedia":[{"embeddable":true,"href":"https:\/\/harristweed-shop.be\/fr\/wp-json\/wp\/v2\/media\/544307"}],"wp:attachment":[{"href":"https:\/\/harristweed-shop.be\/fr\/wp-json\/wp\/v2\/media?parent=544304"}],"wp:term":[{"taxonomy":"product_brand","embeddable":true,"href":"https:\/\/harristweed-shop.be\/fr\/wp-json\/wp\/v2\/product_brand?post=544304"},{"taxonomy":"product_cat","embeddable":true,"href":"https:\/\/harristweed-shop.be\/fr\/wp-json\/wp\/v2\/product_cat?post=544304"},{"taxonomy":"product_tag","embeddable":true,"href":"https:\/\/harristweed-shop.be\/fr\/wp-json\/wp\/v2\/product_tag?post=544304"}],"curies":[{"name":"wp","href":"https:\/\/api.w.org\/{rel}","templated":true}]}}