{"id":544280,"date":"2026-02-24T12:36:13","date_gmt":"2026-02-24T12:36:13","guid":{"rendered":"https:\/\/harristweed-shop.be\/product\/heren-sokken-katoen-classico-royal-blue\/"},"modified":"2026-04-21T16:38:31","modified_gmt":"2026-04-21T16:38:31","slug":"heren-sokken-katoen-classico-royal-blue","status":"publish","type":"product","link":"https:\/\/harristweed-shop.be\/fr\/produit\/chaussettes-homme-en-coton-classique-bleu-royal\/","title":{"rendered":"Chaussettes homme en coton Classico bleu royal"},"content":{"rendered":"<p>Chaussettes bleu roi pour homme \u2013 l&#039;incarnation du raffinement italien. Les chaussettes bleu roi Carlo Lanza allient style classique et coupe moderne, confectionn\u00e9es dans nos ateliers italiens. Fabriqu\u00e9es en coton \u00e9gyptien respirant, elles sont con\u00e7ues pour les hommes qui savent qu&#039;une bonne chaussette fait toute la diff\u00e9rence. Choisir des chaussettes pour homme, c&#039;est bien plus qu&#039;une question de couleur\u00a0: c&#039;est aussi une question de confort, de mati\u00e8re et de qualit\u00e9. Pas de coutures irritantes, pas de glissement\u00a0: un confort et un ajustement parfaits. Chez Carlo Lanza, nous sommes convaincus que les meilleures chaussettes sont non seulement esth\u00e9tiques, mais aussi confortables et durables. Que vous recherchiez des chaussettes en coton pour tous les jours ou un cadeau \u00e9l\u00e9gant, ce mod\u00e8le bleu roi r\u00e9pondra \u00e0 toutes vos attentes. Conseils d&#039;entretien\u00a0: lavez-les \u00e0 l&#039;envers \u00e0 30\u00a0\u00b0C maximum, s\u00e9chez-les sur un \u00e9tendoir et portez-les avec des chaussons \u00e0 l&#039;int\u00e9rieur. Vous prolongerez ainsi leur dur\u00e9e de vie et pr\u00e9serverez l&#039;\u00e9clat de leur couleur. Parfaites pour le bureau, un d\u00eener ou simplement pour ajouter une touche d&#039;\u00e9l\u00e9gance \u00e0 votre journ\u00e9e.<\/p>\n<p>Toutes les chaussettes et bas haut de gamme de la marque Carlo Lanza sont confectionn\u00e9s artisanalement avec le plus grand soin dans une usine italienne. Ici, la fabrication de chaussettes est un v\u00e9ritable art. Au sein de cette entreprise familiale, seuls les tissus les plus fins au monde sont utilis\u00e9s pour garantir la qualit\u00e9 de leurs produits. Cependant, ces mati\u00e8res \u00e9tant d\u00e9licates, il est important de manipuler et de nettoyer vos chaussettes et bas haut de gamme avec pr\u00e9caution.<\/p>\n<p>Nos chaussettes de qualit\u00e9 finissent souvent par se retrouver dans le tas de linge sale et, malheureusement, elles ne re\u00e7oivent pas beaucoup d&#039;attention. Cependant, nous souhaitons vous donner quelques conseils pour laver vos chaussettes et pr\u00e9server ainsi leur belle couleur. Si vous suivez les conseils ci-dessous apr\u00e8s avoir achet\u00e9 nos chaussettes, vous constaterez qu&#039;ils prolongeront leur dur\u00e9e de vie\u00a0:<\/p>\n<ul>\n<li>Lavez vos chaussettes \u00e0 une temp\u00e9rature maximale de 30 degr\u00e9s.<\/li>\n<li>Il est pr\u00e9f\u00e9rable de laver ses chaussettes \u00e0 l&#039;envers.<\/li>\n<li>Faites s\u00e9cher vos chaussettes sur l&#039;\u00e9tendoir \u00e0 linge et non dans le s\u00e8che-linge.<\/li>\n<li>\u00c9vitez autant que possible de porter des chaussettes \u00e0 l&#039;int\u00e9rieur. Portez des chaussons ou des tongs confortables pour pr\u00e9server vos chaussettes.<\/li>\n<\/ul>\n<p>Marque : Carlo Lanza<br \/>\nMati\u00e8re : 80% coton \u00e9gyptien | 16% polyamide | 4% \u00e9lasthanne<br \/>\nTraitement suppl\u00e9mentaire : le fil d&#039;\u00e9cosse apporte un \u00e9clat soyeux sur les chaussettes<br \/>\nDisponible dans les tailles : S (39-43) et M (44-48).<br \/>\nLongueur de la chaussette \u00e0 partir du talon : \u00b1 27 cm<br \/>\nD\u00e9tails\u00a0: Bout remaill\u00e9 \u00e0 la main. Le bout et le talon sont renforc\u00e9s de nylon, ce qui les rend tr\u00e8s r\u00e9sistants.<br \/>\nLabel de qualit\u00e9 Oeko Tex\u00ae<br \/>\nFabriqu\u00e9 en Italie<\/p>","protected":false},"excerpt":{"rendered":"<p>Chaussettes pour hommes en coton Classico bleu royal.<\/p>\n<p>Chaussettes bleu roi pour homme \u2013 une affirmation de classe italienne Les chaussettes bleu roi pour homme de Carlo Lanza allient style classique et coupe moderne, directement issues des ateliers italiens.<\/p>","protected":false},"featured_media":544281,"template":"","meta":[],"product_brand":[],"product_cat":[925,134],"product_tag":[],"class_list":{"0":"post-544280","1":"product","2":"type-product","3":"status-publish","4":"has-post-thumbnail","6":"product_cat-socken","7":"product_cat-sokken","8":"pa_merk-carlolanza","10":"first","11":"instock","12":"taxable","13":"shipping-taxable","14":"purchasable","15":"product-type-variable"},"df_price":17.95,"df_sale_price":"","df_regular_price":17.95,"df_image_link":"https:\/\/harristweed-shop.be\/wp-content\/uploads\/2026\/02\/91c450ece189d7e853f30dbf588c6069_Heren_Sokken_Katoen_Classico_Royal_Blue-300x300.jpeg","_links":{"self":[{"href":"https:\/\/harristweed-shop.be\/fr\/wp-json\/wp\/v2\/product\/544280","targetHints":{"allow":["GET"]}}],"collection":[{"href":"https:\/\/harristweed-shop.be\/fr\/wp-json\/wp\/v2\/product"}],"about":[{"href":"https:\/\/harristweed-shop.be\/fr\/wp-json\/wp\/v2\/types\/product"}],"wp:featuredmedia":[{"embeddable":true,"href":"https:\/\/harristweed-shop.be\/fr\/wp-json\/wp\/v2\/media\/544281"}],"wp:attachment":[{"href":"https:\/\/harristweed-shop.be\/fr\/wp-json\/wp\/v2\/media?parent=544280"}],"wp:term":[{"taxonomy":"product_brand","embeddable":true,"href":"https:\/\/harristweed-shop.be\/fr\/wp-json\/wp\/v2\/product_brand?post=544280"},{"taxonomy":"product_cat","embeddable":true,"href":"https:\/\/harristweed-shop.be\/fr\/wp-json\/wp\/v2\/product_cat?post=544280"},{"taxonomy":"product_tag","embeddable":true,"href":"https:\/\/harristweed-shop.be\/fr\/wp-json\/wp\/v2\/product_tag?post=544280"}],"curies":[{"name":"wp","href":"https:\/\/api.w.org\/{rel}","templated":true}]}}