{"id":544275,"date":"2026-02-24T12:05:19","date_gmt":"2026-02-24T12:05:19","guid":{"rendered":"https:\/\/harristweed-shop.be\/product\/heren-sokken-katoen-azzurro-baby-blue\/"},"modified":"2026-04-21T16:37:07","modified_gmt":"2026-04-21T16:37:07","slug":"heren-sokken-katoen-azzurro-baby-blue","status":"publish","type":"product","link":"https:\/\/harristweed-shop.be\/fr\/produit\/chaussettes-en-coton-pour-homme-bleu-ciel-azzurro\/","title":{"rendered":"Chaussettes pour homme en coton bleu clair azzurro"},"content":{"rendered":"<p>Ces chaussettes bleu ciel en coton de la ligne Azzurro de Carlo Lanza incarnent l&#039;\u00e9l\u00e9gance discr\u00e8te. Leur teinte claire apporte une touche de fra\u00eecheur \u00e0 votre tenue et est id\u00e9ale pour le printemps et l&#039;\u00e9t\u00e9. Confectionn\u00e9es en coton \u00e9gyptien, une mati\u00e8re luxueuse reconnue pour sa respirabilit\u00e9, sa douceur et sa r\u00e9sistance, elles offrent un confort exceptionnel gr\u00e2ce \u00e0 leur couture de pointe r\u00e9alis\u00e9e \u00e0 la main et leur bord-c\u00f4te plus haut, sans points de pression ni affaissement. Fabriqu\u00e9es en Italie avec un souci du d\u00e9tail irr\u00e9prochable, ces chaussettes pour homme font l&#039;objet d&#039;un contr\u00f4le qualit\u00e9 rigoureux. Lav\u00e9es et repass\u00e9es avant l&#039;emballage, elles vous garantissent une qualit\u00e9 optimale. Elles s&#039;accordent facilement avec un jean, un pantalon en lin ou un costume l\u00e9ger. Envie de chaussettes \u00e9l\u00e9gantes pour homme\u00a0? Optez pour cette paire bleu ciel\u00a0: raffin\u00e9e, fra\u00eeche et empreinte de caract\u00e8re italien. Conseils d&#039;entretien\u00a0: lavage \u00e0 30\u00a0\u00b0C, \u00e0 l&#039;envers, s\u00e9chage \u00e0 l&#039;air libre.<\/p>\n<p>Toutes les chaussettes et bas haut de gamme de la marque Carlo Lanza sont confectionn\u00e9s artisanalement avec le plus grand soin dans une usine italienne. Ici, la fabrication de chaussettes est un v\u00e9ritable art. Au sein de cette entreprise familiale, seuls les tissus les plus fins au monde sont utilis\u00e9s pour garantir la qualit\u00e9 de leurs produits. Cependant, ces mati\u00e8res \u00e9tant d\u00e9licates, il est important de manipuler et de nettoyer vos chaussettes et bas haut de gamme avec pr\u00e9caution.<\/p>\n<p>Nos chaussettes de qualit\u00e9 finissent souvent par se retrouver dans le tas de linge sale et, malheureusement, elles ne re\u00e7oivent pas beaucoup d&#039;attention. Cependant, nous souhaitons vous donner quelques conseils pour laver vos chaussettes et pr\u00e9server ainsi leur belle couleur. Si vous suivez les conseils ci-dessous apr\u00e8s avoir achet\u00e9 nos chaussettes, vous constaterez qu&#039;ils prolongeront leur dur\u00e9e de vie\u00a0:<\/p>\n<ul>\n<li>Lavez vos chaussettes \u00e0 une temp\u00e9rature maximale de 30 degr\u00e9s.<\/li>\n<li>Il est pr\u00e9f\u00e9rable de laver ses chaussettes \u00e0 l&#039;envers.<\/li>\n<li>Faites s\u00e9cher vos chaussettes sur l&#039;\u00e9tendoir \u00e0 linge et non dans le s\u00e8che-linge.<\/li>\n<li>\u00c9vitez autant que possible de porter des chaussettes \u00e0 l&#039;int\u00e9rieur. Portez des chaussons ou des tongs confortables pour pr\u00e9server vos chaussettes.<\/li>\n<\/ul>\n<p>Marque : Carlo Lanza<br \/>\nMati\u00e8re : 80% coton \u00e9gyptien | 16% polyamide | 4% \u00e9lasthanne<br \/>\nTraitement suppl\u00e9mentaire : le fil d&#039;\u00e9cosse apporte un \u00e9clat soyeux sur les chaussettes<br \/>\nDisponible dans les tailles : S (39-43) et M (44-48).<br \/>\nLongueur de la chaussette \u00e0 partir du talon : \u00b1 27 cm<br \/>\nD\u00e9tails\u00a0: Bout remaill\u00e9 \u00e0 la main. Le bout et le talon sont renforc\u00e9s de nylon, ce qui les rend tr\u00e8s r\u00e9sistants.<br \/>\nLabel de qualit\u00e9 Oeko Tex\u00ae<br \/>\nFabriqu\u00e9 en Italie<\/p>","protected":false},"excerpt":{"rendered":"<p>Chaussettes pour hommes en coton bleu ciel.<\/p>\n<p>Ces chaussettes en coton bleu ciel de la ligne Azzurro de Carlo Lanza incarnent l&#039;\u00e9l\u00e9gance discr\u00e8te. Leur couleur claire apporte une touche de fra\u00eecheur \u00e0 votre tenue et est id\u00e9ale pour le printemps et l&#039;\u00e9t\u00e9.<\/p>","protected":false},"featured_media":544278,"template":"","meta":[],"product_brand":[],"product_cat":[925,134],"product_tag":[],"class_list":{"0":"post-544275","1":"product","2":"type-product","3":"status-publish","4":"has-post-thumbnail","6":"product_cat-socken","7":"product_cat-sokken","8":"pa_merk-carlolanza","10":"first","11":"instock","12":"taxable","13":"shipping-taxable","14":"purchasable","15":"product-type-variable"},"df_price":17.95,"df_sale_price":"","df_regular_price":17.95,"df_image_link":"https:\/\/harristweed-shop.be\/wp-content\/uploads\/2026\/02\/882624e31c0c9518726719ae0d8952df_Heren_Sokken_Katoen_Azzurro_Baby_Blue-300x300.jpeg","_links":{"self":[{"href":"https:\/\/harristweed-shop.be\/fr\/wp-json\/wp\/v2\/product\/544275","targetHints":{"allow":["GET"]}}],"collection":[{"href":"https:\/\/harristweed-shop.be\/fr\/wp-json\/wp\/v2\/product"}],"about":[{"href":"https:\/\/harristweed-shop.be\/fr\/wp-json\/wp\/v2\/types\/product"}],"wp:featuredmedia":[{"embeddable":true,"href":"https:\/\/harristweed-shop.be\/fr\/wp-json\/wp\/v2\/media\/544278"}],"wp:attachment":[{"href":"https:\/\/harristweed-shop.be\/fr\/wp-json\/wp\/v2\/media?parent=544275"}],"wp:term":[{"taxonomy":"product_brand","embeddable":true,"href":"https:\/\/harristweed-shop.be\/fr\/wp-json\/wp\/v2\/product_brand?post=544275"},{"taxonomy":"product_cat","embeddable":true,"href":"https:\/\/harristweed-shop.be\/fr\/wp-json\/wp\/v2\/product_cat?post=544275"},{"taxonomy":"product_tag","embeddable":true,"href":"https:\/\/harristweed-shop.be\/fr\/wp-json\/wp\/v2\/product_tag?post=544275"}],"curies":[{"name":"wp","href":"https:\/\/api.w.org\/{rel}","templated":true}]}}