{"id":544261,"date":"2026-02-24T11:06:23","date_gmt":"2026-02-24T11:06:23","guid":{"rendered":"https:\/\/harristweed-shop.be\/product\/heren-sokken-katoen-notte-grey\/"},"modified":"2026-05-05T03:04:31","modified_gmt":"2026-05-05T03:04:31","slug":"heren-sokken-katoen-notte-grey","status":"publish","type":"product","link":"https:\/\/harristweed-shop.be\/fr\/produit\/chaussettes-homme-en-coton-gris-anthracite\/","title":{"rendered":"Chaussettes homme en coton gris Notte"},"content":{"rendered":"<p>Les chaussettes grises de la collection Notte de Carlo Lanza sont un classique incontournable de toute garde-robe masculine. Leur teinte neutre est synonyme de fiabilit\u00e9 et d&#039;\u00e9l\u00e9gance, et s&#039;accorde sans effort avec toutes les tenues, du costume au jean d\u00e9contract\u00e9. Confectionn\u00e9es en coton \u00e9gyptien de haute qualit\u00e9, elles offrent douceur, respirabilit\u00e9 et un maintien durable. Gr\u00e2ce \u00e0 la couture des orteils r\u00e9alis\u00e9e \u00e0 la main et au bord-c\u00f4te sur\u00e9lev\u00e9, elles sont extr\u00eamement confortables et restent bien en place toute la journ\u00e9e. Fabriqu\u00e9es en Italie, comme il se doit pour Carlo Lanza, ces chaussettes sont pr\u00e9lav\u00e9es, repass\u00e9es et soumises \u00e0 des contr\u00f4les qualit\u00e9 rigoureux, vous garantissant un produit d&#039;exception. Choisir les chaussettes pour homme Carlo Lanza, c&#039;est opter pour un savoir-faire et un luxe pr\u00e9sents dans les moindres d\u00e9tails. Les chaussettes grises sont id\u00e9ales pour ceux qui recherchent une \u00e9l\u00e9gance discr\u00e8te sans sacrifier le confort. Associez-les \u00e0 du bleu marine, du noir ou des tons naturels. Pour les conserver longtemps\u00a0: lavez-les \u00e0 30\u00a0\u00b0C, \u00e0 l&#039;envers, et laissez-les s\u00e9cher \u00e0 l&#039;air libre.<\/p>\n<p>Toutes les chaussettes et bas haut de gamme de la marque Carlo Lanza sont confectionn\u00e9s artisanalement avec le plus grand soin dans une usine italienne. Ici, la fabrication de chaussettes est un v\u00e9ritable art. Au sein de cette entreprise familiale, seuls les tissus les plus fins au monde sont utilis\u00e9s pour garantir la qualit\u00e9 de leurs produits. Cependant, ces mati\u00e8res \u00e9tant d\u00e9licates, il est important de manipuler et de nettoyer vos chaussettes et bas haut de gamme avec pr\u00e9caution.<\/p>\n<p>Nos chaussettes de qualit\u00e9 finissent souvent par se retrouver dans le tas de linge sale et, malheureusement, elles ne re\u00e7oivent pas beaucoup d&#039;attention. Cependant, nous souhaitons vous donner quelques conseils pour laver vos chaussettes et pr\u00e9server ainsi leur belle couleur. Si vous suivez les conseils ci-dessous apr\u00e8s avoir achet\u00e9 nos chaussettes, vous constaterez qu&#039;ils prolongeront leur dur\u00e9e de vie\u00a0:<\/p>\n<ul>\n<li>Lavez vos chaussettes \u00e0 une temp\u00e9rature maximale de 30 degr\u00e9s.<\/li>\n<li>Il est pr\u00e9f\u00e9rable de laver ses chaussettes \u00e0 l&#039;envers.<\/li>\n<li>Faites s\u00e9cher vos chaussettes sur l&#039;\u00e9tendoir \u00e0 linge et non dans le s\u00e8che-linge.<\/li>\n<li>\u00c9vitez autant que possible de porter des chaussettes \u00e0 l&#039;int\u00e9rieur. Portez des chaussons ou des tongs confortables pour pr\u00e9server vos chaussettes.<\/li>\n<\/ul>\n<p>Marque : Carlo Lanza<br \/>\nMati\u00e8re : 80% coton \u00e9gyptien | 16% polyamide | 4% \u00e9lasthanne<br \/>\nTraitement suppl\u00e9mentaire : le fil d&#039;\u00e9cosse apporte un \u00e9clat soyeux sur les chaussettes<br \/>\nDisponible dans les tailles : S (39-43) et M (44-48).<br \/>\nLongueur de la chaussette \u00e0 partir du talon : \u00b1 27 cm<br \/>\nD\u00e9tails\u00a0: Bout remaill\u00e9 \u00e0 la main. Le bout et le talon sont renforc\u00e9s de nylon, ce qui les rend tr\u00e8s r\u00e9sistants.<br \/>\nLabel de qualit\u00e9 Oeko Tex\u00ae<br \/>\nFabriqu\u00e9 en Italie<\/p>","protected":false},"excerpt":{"rendered":"<p>Les chaussettes grises de la collection Notte de Carlo Lanza sont un classique incontournable de toute garde-robe masculine. Cette teinte neutre est synonyme de fiabilit\u00e9 et d&#039;\u00e9l\u00e9gance et s&#039;accorde sans effort avec presque toutes les tenues, du costume au jean d\u00e9contract\u00e9.<\/p>","protected":false},"featured_media":544264,"template":"","meta":[],"product_brand":[],"product_cat":[925,134],"product_tag":[],"class_list":{"0":"post-544261","1":"product","2":"type-product","3":"status-publish","4":"has-post-thumbnail","6":"product_cat-socken","7":"product_cat-sokken","8":"pa_merk-carlolanza","10":"first","11":"instock","12":"taxable","13":"shipping-taxable","14":"purchasable","15":"product-type-variable"},"df_price":17.95,"df_sale_price":"","df_regular_price":17.95,"df_image_link":"https:\/\/harristweed-shop.be\/wp-content\/uploads\/2026\/02\/92e8357aa3689f9d100fd54d14c1159c_Heren_Sokken_Katoen_Notte_Grey-300x300.jpeg","_links":{"self":[{"href":"https:\/\/harristweed-shop.be\/fr\/wp-json\/wp\/v2\/product\/544261","targetHints":{"allow":["GET"]}}],"collection":[{"href":"https:\/\/harristweed-shop.be\/fr\/wp-json\/wp\/v2\/product"}],"about":[{"href":"https:\/\/harristweed-shop.be\/fr\/wp-json\/wp\/v2\/types\/product"}],"wp:featuredmedia":[{"embeddable":true,"href":"https:\/\/harristweed-shop.be\/fr\/wp-json\/wp\/v2\/media\/544264"}],"wp:attachment":[{"href":"https:\/\/harristweed-shop.be\/fr\/wp-json\/wp\/v2\/media?parent=544261"}],"wp:term":[{"taxonomy":"product_brand","embeddable":true,"href":"https:\/\/harristweed-shop.be\/fr\/wp-json\/wp\/v2\/product_brand?post=544261"},{"taxonomy":"product_cat","embeddable":true,"href":"https:\/\/harristweed-shop.be\/fr\/wp-json\/wp\/v2\/product_cat?post=544261"},{"taxonomy":"product_tag","embeddable":true,"href":"https:\/\/harristweed-shop.be\/fr\/wp-json\/wp\/v2\/product_tag?post=544261"}],"curies":[{"name":"wp","href":"https:\/\/api.w.org\/{rel}","templated":true}]}}