{"id":544256,"date":"2026-02-24T10:35:27","date_gmt":"2026-02-24T10:35:27","guid":{"rendered":"https:\/\/harristweed-shop.be\/product\/heren-sokken-katoen-bosco-forest-green\/"},"modified":"2026-04-07T07:10:37","modified_gmt":"2026-04-07T07:10:37","slug":"heren-sokken-katoen-bosco-forest-green","status":"publish","type":"product","link":"https:\/\/harristweed-shop.be\/fr\/produit\/chaussettes-homme-en-coton-bosco-vert-foret\/","title":{"rendered":"Chaussettes pour hommes en coton Bosco vert for\u00eat"},"content":{"rendered":"<p><strong>Un vert raffin\u00e9, ancr\u00e9 dans la tranquillit\u00e9.<\/strong><br \/>&nbsp;<br \/>Les chaussettes de la&nbsp;<strong>Bosco<\/strong>Ce coffret s&#039;inspire des couleurs de la for\u00eat\u00a0: vert mousse, vert pin et olive. Des teintes chaudes et profondes qui inspirent la s\u00e9r\u00e9nit\u00e9 tout en apportant du caract\u00e8re \u00e0 votre tenue. Pour celles et ceux qui appr\u00e9cient le raffinement sur une base naturelle.<br \/>&nbsp;<br \/>Bosco signifie litt\u00e9ralement \u201c for\u00eat \u201d en italien, et cela se ressent dans cette collection. Les couleurs s&#039;harmonisent avec aisance aux tons bruns, au bleu fonc\u00e9, au daim ou \u00e0 la laine. Id\u00e9ales pour l&#039;automne et l&#039;hiver, elles se r\u00e9v\u00e8lent \u00e9tonnamment \u00e9l\u00e9gantes en toute saison.<br \/>&nbsp;<br \/>Comme toujours, les chaussettes sont fabriqu\u00e9es \u00e0 partir de&nbsp;<strong>coton \u00e9gyptien de haute qualit\u00e9<\/strong>, tricot\u00e9 dans un atelier familial italien o\u00f9 la coupe, la tenue des couleurs et le souci du d\u00e9tail vont de pair.&nbsp;<strong>\u00c9lasthanne<\/strong>&nbsp;offre un maintien ferme et confortable sans s&#039;affaisser.<br \/>&nbsp;<br \/>Le coton est certifi\u00e9 OEKO-TEX\u00ae Standard 100 et teint sans substances nocives. Les chaussettes sont finies \u00e0 la main, avec une couture invisible aux orteils.<br \/>&nbsp;<br \/>Chaque chaussette est lav\u00e9e et repass\u00e9e avant de quitter l&#039;usine \u2014 pr\u00eate \u00e0 porter.<\/p>\n<p>Toutes les chaussettes et bas haut de gamme de la marque Carlo Lanza sont confectionn\u00e9s artisanalement avec le plus grand soin dans une usine italienne. Ici, la fabrication de chaussettes est un v\u00e9ritable art. Au sein de cette entreprise familiale, seuls les tissus les plus fins au monde sont utilis\u00e9s pour garantir la qualit\u00e9 de leurs produits. Cependant, ces mati\u00e8res \u00e9tant d\u00e9licates, il est important de manipuler et de nettoyer vos chaussettes et bas haut de gamme avec pr\u00e9caution.<\/p>\n<p>Nos chaussettes de qualit\u00e9 finissent souvent par se retrouver dans le tas de linge sale et, malheureusement, elles ne re\u00e7oivent pas beaucoup d&#039;attention. Cependant, nous souhaitons vous donner quelques conseils pour laver vos chaussettes et pr\u00e9server ainsi leur belle couleur. Si vous suivez les conseils ci-dessous apr\u00e8s avoir achet\u00e9 nos chaussettes, vous constaterez qu&#039;ils prolongeront leur dur\u00e9e de vie\u00a0:<\/p>\n<ul>\n<li>Lavez vos chaussettes \u00e0 une temp\u00e9rature maximale de 30 degr\u00e9s.<\/li>\n<li>Il est pr\u00e9f\u00e9rable de laver ses chaussettes \u00e0 l&#039;envers.<\/li>\n<li>Faites s\u00e9cher vos chaussettes sur l&#039;\u00e9tendoir \u00e0 linge et non dans le s\u00e8che-linge.<\/li>\n<li>\u00c9vitez autant que possible de porter des chaussettes \u00e0 l&#039;int\u00e9rieur. Portez des chaussons ou des tongs confortables pour pr\u00e9server vos chaussettes.<\/li>\n<\/ul>\n<p>Marque : Carlo Lanza<br \/>\nMati\u00e8re : 80% coton \u00e9gyptien | 16% polyamide | 4% \u00e9lasthanne<br \/>\nTraitement suppl\u00e9mentaire : le fil d&#039;\u00e9cosse apporte un \u00e9clat soyeux sur les chaussettes<br \/>\nDisponible dans les tailles : S (39-43) et M (44-48).<br \/>\nLongueur de la chaussette \u00e0 partir du talon : \u00b1 27 cm<br \/>\nD\u00e9tails\u00a0: Bout remaill\u00e9 \u00e0 la main. Le bout et le talon sont renforc\u00e9s de nylon, ce qui les rend tr\u00e8s r\u00e9sistants.<br \/>\nLabel de qualit\u00e9 Oeko Tex\u00ae<br \/>\nFabriqu\u00e9 en Italie<\/p>","protected":false},"excerpt":{"rendered":"<p>Chaussettes pour hommes en coton Bosco vert for\u00eat.<\/p>\n<p>Les chaussettes du lot Bosco s&#039;inspirent des couleurs de la for\u00eat\u00a0: vert mousse, vert pin et olive. Des teintes chaudes et profondes qui inspirent la s\u00e9r\u00e9nit\u00e9 tout en apportant du caract\u00e8re \u00e0 votre tenue. Pour celles et ceux qui appr\u00e9cient le raffinement sur une base naturelle.<\/p>","protected":false},"featured_media":544259,"template":"","meta":[],"product_brand":[],"product_cat":[925,134],"product_tag":[],"class_list":{"0":"post-544256","1":"product","2":"type-product","3":"status-publish","4":"has-post-thumbnail","6":"product_cat-socken","7":"product_cat-sokken","8":"pa_merk-carlolanza","10":"first","11":"instock","12":"taxable","13":"shipping-taxable","14":"purchasable","15":"product-type-variable"},"df_price":17.95,"df_sale_price":"","df_regular_price":17.95,"df_image_link":"https:\/\/harristweed-shop.be\/wp-content\/uploads\/2026\/02\/a44b8867b89a99248b0e61d74e32335d_Heren_Sokken_Katoen_Bosco_Forest_Green-300x300.jpeg","_links":{"self":[{"href":"https:\/\/harristweed-shop.be\/fr\/wp-json\/wp\/v2\/product\/544256","targetHints":{"allow":["GET"]}}],"collection":[{"href":"https:\/\/harristweed-shop.be\/fr\/wp-json\/wp\/v2\/product"}],"about":[{"href":"https:\/\/harristweed-shop.be\/fr\/wp-json\/wp\/v2\/types\/product"}],"wp:featuredmedia":[{"embeddable":true,"href":"https:\/\/harristweed-shop.be\/fr\/wp-json\/wp\/v2\/media\/544259"}],"wp:attachment":[{"href":"https:\/\/harristweed-shop.be\/fr\/wp-json\/wp\/v2\/media?parent=544256"}],"wp:term":[{"taxonomy":"product_brand","embeddable":true,"href":"https:\/\/harristweed-shop.be\/fr\/wp-json\/wp\/v2\/product_brand?post=544256"},{"taxonomy":"product_cat","embeddable":true,"href":"https:\/\/harristweed-shop.be\/fr\/wp-json\/wp\/v2\/product_cat?post=544256"},{"taxonomy":"product_tag","embeddable":true,"href":"https:\/\/harristweed-shop.be\/fr\/wp-json\/wp\/v2\/product_tag?post=544256"}],"curies":[{"name":"wp","href":"https:\/\/api.w.org\/{rel}","templated":true}]}}