{"id":544250,"date":"2026-02-24T10:35:23","date_gmt":"2026-02-24T10:35:23","guid":{"rendered":"https:\/\/harristweed-shop.be\/product\/heren-sokken-katoen-terra-brown\/"},"modified":"2026-05-05T03:04:31","modified_gmt":"2026-05-05T03:04:31","slug":"heren-sokken-katoen-terra-brown","status":"publish","type":"product","link":"https:\/\/harristweed-shop.be\/fr\/produit\/chaussettes-en-coton-pour-hommes-couleur-terre-brune\/","title":{"rendered":"Chaussettes homme en coton marron terre"},"content":{"rendered":"<p>Les chaussettes en coton marron de la ligne Terra de Carlo Lanza d\u00e9gagent une chaleur classique et naturelle. Ces chaussettes pour homme sont id\u00e9ales pour ceux qui appr\u00e9cient une \u00e9l\u00e9gance intemporelle alli\u00e9e \u00e0 une allure robuste. Confectionn\u00e9es en coton \u00e9gyptien, elles offrent un confort d&#039;une douceur incomparable et une grande durabilit\u00e9. La couture des orteils, r\u00e9alis\u00e9e \u00e0 la main, assure un maintien parfait dans la chaussure, tandis que le bord-c\u00f4te plus haut garantit un ajustement optimal. Fabriqu\u00e9es en Italie, ces chaussettes sont lav\u00e9es, repass\u00e9es et soumises \u00e0 un contr\u00f4le qualit\u00e9 rigoureux. Choisir Carlo Lanza, c&#039;est opter pour des chaussettes homme alliant luxe, durabilit\u00e9 et style. Faciles \u00e0 associer aux tons naturels, beiges ou bleu marine, ces chaussettes marron se portent aussi bien au quotidien qu&#039;au travail. Conseils d&#039;entretien\u00a0: laver \u00e0 l&#039;envers, \u00e0 30\u00a0\u00b0C maximum, ne pas s\u00e9cher en machine.<\/p>\n<p>Toutes les chaussettes et bas haut de gamme de la marque Carlo Lanza sont confectionn\u00e9s artisanalement avec le plus grand soin dans une usine italienne. Ici, la fabrication de chaussettes est un v\u00e9ritable art. Au sein de cette entreprise familiale, seuls les tissus les plus fins au monde sont utilis\u00e9s pour garantir la qualit\u00e9 de leurs produits. Cependant, ces mati\u00e8res \u00e9tant d\u00e9licates, il est important de manipuler et de nettoyer vos chaussettes et bas haut de gamme avec pr\u00e9caution.<\/p>\n<p>Nos chaussettes de qualit\u00e9 finissent souvent par se retrouver dans le tas de linge sale et, malheureusement, elles ne re\u00e7oivent pas beaucoup d&#039;attention. Cependant, nous souhaitons vous donner quelques conseils pour laver vos chaussettes et pr\u00e9server ainsi leur belle couleur. Si vous suivez les conseils ci-dessous apr\u00e8s avoir achet\u00e9 nos chaussettes, vous constaterez qu&#039;ils prolongeront leur dur\u00e9e de vie\u00a0:<\/p>\n<ul>\n<li>Lavez vos chaussettes \u00e0 une temp\u00e9rature maximale de 30 degr\u00e9s.<\/li>\n<li>Il est pr\u00e9f\u00e9rable de laver ses chaussettes \u00e0 l&#039;envers.<\/li>\n<li>Faites s\u00e9cher vos chaussettes sur l&#039;\u00e9tendoir \u00e0 linge et non dans le s\u00e8che-linge.<\/li>\n<li>\u00c9vitez autant que possible de porter des chaussettes \u00e0 l&#039;int\u00e9rieur. Portez des chaussons ou des tongs confortables pour pr\u00e9server vos chaussettes.<\/li>\n<\/ul>\n<p>Marque : Carlo Lanza<br \/>\nMati\u00e8re : 80% coton \u00e9gyptien | 16% polyamide | 4% \u00e9lasthanne<br \/>\nTraitement suppl\u00e9mentaire : le fil d&#039;\u00e9cosse apporte un \u00e9clat soyeux sur les chaussettes<br \/>\nDisponible dans les tailles : S (39-43) et M (44-48).<br \/>\nLongueur de la chaussette \u00e0 partir du talon : \u00b1 27 cm<br \/>\nD\u00e9tails\u00a0: Bout remaill\u00e9 \u00e0 la main. Le bout et le talon sont renforc\u00e9s de nylon, ce qui les rend tr\u00e8s r\u00e9sistants.<br \/>\nLabel de qualit\u00e9 Oeko Tex\u00ae<br \/>\nFabriqu\u00e9 en Italie<\/p>","protected":false},"excerpt":{"rendered":"<p>Chaussettes pour hommes en coton, couleur terre marron.<\/p>\n<p>Les chaussettes en coton marron de la ligne Terra de Carlo Lanza d\u00e9gagent une chaleur classique et naturelle. Ces chaussettes pour hommes sont id\u00e9ales pour ceux qui appr\u00e9cient une \u00e9l\u00e9gance intemporelle alli\u00e9e \u00e0 un style robuste.<\/p>","protected":false},"featured_media":544253,"template":"","meta":[],"product_brand":[],"product_cat":[925,134],"product_tag":[],"class_list":{"0":"post-544250","1":"product","2":"type-product","3":"status-publish","4":"has-post-thumbnail","6":"product_cat-socken","7":"product_cat-sokken","8":"pa_merk-carlolanza","10":"first","11":"instock","12":"taxable","13":"shipping-taxable","14":"purchasable","15":"product-type-variable"},"df_price":17.95,"df_sale_price":"","df_regular_price":17.95,"df_image_link":"https:\/\/harristweed-shop.be\/wp-content\/uploads\/2026\/02\/9931f1c3175c1679135e0f80492fa2e3_Heren_Sokken_Katoen_Terra_Brown-300x300.jpeg","_links":{"self":[{"href":"https:\/\/harristweed-shop.be\/fr\/wp-json\/wp\/v2\/product\/544250","targetHints":{"allow":["GET"]}}],"collection":[{"href":"https:\/\/harristweed-shop.be\/fr\/wp-json\/wp\/v2\/product"}],"about":[{"href":"https:\/\/harristweed-shop.be\/fr\/wp-json\/wp\/v2\/types\/product"}],"wp:featuredmedia":[{"embeddable":true,"href":"https:\/\/harristweed-shop.be\/fr\/wp-json\/wp\/v2\/media\/544253"}],"wp:attachment":[{"href":"https:\/\/harristweed-shop.be\/fr\/wp-json\/wp\/v2\/media?parent=544250"}],"wp:term":[{"taxonomy":"product_brand","embeddable":true,"href":"https:\/\/harristweed-shop.be\/fr\/wp-json\/wp\/v2\/product_brand?post=544250"},{"taxonomy":"product_cat","embeddable":true,"href":"https:\/\/harristweed-shop.be\/fr\/wp-json\/wp\/v2\/product_cat?post=544250"},{"taxonomy":"product_tag","embeddable":true,"href":"https:\/\/harristweed-shop.be\/fr\/wp-json\/wp\/v2\/product_tag?post=544250"}],"curies":[{"name":"wp","href":"https:\/\/api.w.org\/{rel}","templated":true}]}}