{"id":544245,"date":"2026-02-24T10:35:20","date_gmt":"2026-02-24T10:35:20","guid":{"rendered":"https:\/\/harristweed-shop.be\/product\/heren-sokken-katoen-intrecci-dark-blue\/"},"modified":"2026-05-05T03:04:31","modified_gmt":"2026-05-05T03:04:31","slug":"heren-sokken-katoen-intrecci-dark-blue","status":"publish","type":"product","link":"https:\/\/harristweed-shop.be\/fr\/produit\/chaussettes-en-coton-pour-hommes-intrecci-bleu-fonce\/","title":{"rendered":"Chaussettes homme en coton Intrecci bleu fonc\u00e9"},"content":{"rendered":"<p>Les chaussettes Intrecci bleu fonc\u00e9 de Carlo Lanza allient un raffinement classique \u00e0 un subtil motif tiss\u00e9 qui leur conf\u00e8re une touche d&#039;originalit\u00e9. Ces chaussettes pour homme constituent la base id\u00e9ale de tenues habill\u00e9es comme d\u00e9contract\u00e9es et s&#039;accordent avec presque toutes les chaussures de votre garde-robe. Le coton \u00e9gyptien utilis\u00e9 est un gage de qualit\u00e9. Ce tissu est doux, hautement respirant et conserve longtemps sa couleur profonde. Gr\u00e2ce au talon et \u00e0 la pointe renforc\u00e9s, ainsi qu&#039;\u00e0 la couture des orteils finie \u00e0 la main, vous b\u00e9n\u00e9ficierez d&#039;un confort optimal, sans coutures g\u00eanantes ni bords qui se d\u00e9tendent. Fabriqu\u00e9es en Italie, dans des ateliers o\u00f9 savoir-faire et souci du d\u00e9tail sont indissociables, ces chaussettes sont inspect\u00e9es, repass\u00e9es et pr\u00e9lav\u00e9es individuellement, vous assurant ainsi une tenue impeccable lavage apr\u00e8s lavage. L&#039;achat de chaussettes pour homme exige bien plus qu&#039;un simple accessoire. Ces chaussettes bleu fonc\u00e9 sont un parfait exemple de bon go\u00fbt\u00a0: des finitions impeccables et un confort exceptionnel. Laissez-les s\u00e9cher \u00e0 l&#039;air libre, \u00e9vitez le s\u00e8che-linge et profitez de cette pi\u00e8ce \u00e9l\u00e9gante dans votre tiroir \u00e0 chaussettes pendant de nombreuses ann\u00e9es. Pour les hommes qui veulent porter \u2013 et offrir \u2013 les meilleures chaussettes.<\/p>\n<p>Toutes les chaussettes et bas haut de gamme de la marque Carlo Lanza sont confectionn\u00e9s artisanalement avec le plus grand soin dans une usine italienne. Ici, la fabrication de chaussettes est un v\u00e9ritable art. Au sein de cette entreprise familiale, seuls les tissus les plus fins au monde sont utilis\u00e9s pour garantir la qualit\u00e9 de leurs produits. Cependant, ces mati\u00e8res \u00e9tant d\u00e9licates, il est important de manipuler et de nettoyer vos chaussettes et bas haut de gamme avec pr\u00e9caution.<\/p>\n<p>Nos chaussettes de qualit\u00e9 finissent souvent par se retrouver dans le tas de linge sale et, malheureusement, elles ne re\u00e7oivent pas beaucoup d&#039;attention. Cependant, nous souhaitons vous donner quelques conseils pour laver vos chaussettes et pr\u00e9server ainsi leur belle couleur. Si vous suivez les conseils ci-dessous apr\u00e8s avoir achet\u00e9 nos chaussettes, vous constaterez qu&#039;ils prolongeront leur dur\u00e9e de vie\u00a0:<\/p>\n<ul>\n<li>Lavez vos chaussettes \u00e0 une temp\u00e9rature maximale de 30 degr\u00e9s.<\/li>\n<li>Il est pr\u00e9f\u00e9rable de laver ses chaussettes \u00e0 l&#039;envers.<\/li>\n<li>Faites s\u00e9cher vos chaussettes sur l&#039;\u00e9tendoir \u00e0 linge et non dans le s\u00e8che-linge.<\/li>\n<li>\u00c9vitez autant que possible de porter des chaussettes \u00e0 l&#039;int\u00e9rieur. Portez des chaussons ou des tongs confortables pour pr\u00e9server vos chaussettes.<\/li>\n<\/ul>\n<p>Marque : Carlo Lanza<br \/>\nMati\u00e8re : 80% coton \u00e9gyptien | 16% polyamide | 4% \u00e9lasthanne<br \/>\nTraitement suppl\u00e9mentaire : le fil d&#039;\u00e9cosse apporte un \u00e9clat soyeux sur les chaussettes<br \/>\nDisponible dans les tailles : S (39-43) et M (44-48).<br \/>\nLongueur de la chaussette \u00e0 partir du talon : \u00b1 27 cm<br \/>\nD\u00e9tails\u00a0: Bout remaill\u00e9 \u00e0 la main. Le bout et le talon sont renforc\u00e9s de nylon, ce qui les rend tr\u00e8s r\u00e9sistants.<br \/>\nLabel de qualit\u00e9 Oeko Tex\u00ae<br \/>\nFabriqu\u00e9 en Italie<\/p>","protected":false},"excerpt":{"rendered":"<p>Chaussettes pour hommes en coton Intrecci bleu fonc\u00e9.<\/p>\n<p>Les chaussettes Intrecci bleu fonc\u00e9 de Carlo Lanza allient un raffinement classique \u00e0 un subtil motif tiss\u00e9 qui leur conf\u00e8re une touche d&#039;originalit\u00e9. Ces chaussettes pour homme constituent la base id\u00e9ale de tenues habill\u00e9es comme d\u00e9contract\u00e9es et s&#039;accordent avec presque toutes les chaussures de votre garde-robe.<\/p>","protected":false},"featured_media":544312,"template":"","meta":[],"product_brand":[],"product_cat":[925,134],"product_tag":[],"class_list":{"0":"post-544245","1":"product","2":"type-product","3":"status-publish","4":"has-post-thumbnail","6":"product_cat-socken","7":"product_cat-sokken","8":"pa_merk-carlolanza","10":"first","11":"instock","12":"taxable","13":"shipping-taxable","14":"purchasable","15":"product-type-variable"},"df_price":17.95,"df_sale_price":"","df_regular_price":17.95,"df_image_link":"https:\/\/harristweed-shop.be\/wp-content\/uploads\/2026\/02\/1e3a59cd9038ffd120a80d3f973155c9_Heren_Sokken_Katoen_Intrecci_Dark_Blue_2-300x300.jpeg","_links":{"self":[{"href":"https:\/\/harristweed-shop.be\/fr\/wp-json\/wp\/v2\/product\/544245","targetHints":{"allow":["GET"]}}],"collection":[{"href":"https:\/\/harristweed-shop.be\/fr\/wp-json\/wp\/v2\/product"}],"about":[{"href":"https:\/\/harristweed-shop.be\/fr\/wp-json\/wp\/v2\/types\/product"}],"wp:featuredmedia":[{"embeddable":true,"href":"https:\/\/harristweed-shop.be\/fr\/wp-json\/wp\/v2\/media\/544312"}],"wp:attachment":[{"href":"https:\/\/harristweed-shop.be\/fr\/wp-json\/wp\/v2\/media?parent=544245"}],"wp:term":[{"taxonomy":"product_brand","embeddable":true,"href":"https:\/\/harristweed-shop.be\/fr\/wp-json\/wp\/v2\/product_brand?post=544245"},{"taxonomy":"product_cat","embeddable":true,"href":"https:\/\/harristweed-shop.be\/fr\/wp-json\/wp\/v2\/product_cat?post=544245"},{"taxonomy":"product_tag","embeddable":true,"href":"https:\/\/harristweed-shop.be\/fr\/wp-json\/wp\/v2\/product_tag?post=544245"}],"curies":[{"name":"wp","href":"https:\/\/api.w.org\/{rel}","templated":true}]}}