{"id":544240,"date":"2026-02-24T10:35:15","date_gmt":"2026-02-24T10:35:15","guid":{"rendered":"https:\/\/harristweed-shop.be\/product\/heren-sokken-katoen-intrecci-taupe\/"},"modified":"2026-04-07T07:25:25","modified_gmt":"2026-04-07T07:25:25","slug":"heren-sokken-katoen-intrecci-taupe","status":"publish","type":"product","link":"https:\/\/harristweed-shop.be\/fr\/produit\/chaussettes-en-coton-pour-hommes-intrecci-taupe\/","title":{"rendered":"Chaussettes Homme Coton Intrecci Taupe"},"content":{"rendered":"<p>Les chaussettes taupe de la collection Intrecci de Carlo Lanza offrent un \u00e9quilibre \u00e9l\u00e9gant entre raffinement et confort. Avec leur motif subtil \u2013 un tissage raffin\u00e9 inspir\u00e9 des motifs italiens classiques \u2013 ces chaussettes sont le choix id\u00e9al pour les hommes qui appr\u00e9cient le d\u00e9tail et l&#039;\u00e9l\u00e9gance. Que vous recherchiez des chaussettes habill\u00e9es pour le bureau ou une paire luxueuse pour vos moments de d\u00e9tente, ces chaussettes pour hommes sublimeront n&#039;importe quelle tenue. Chaque chaussette est confectionn\u00e9e en coton \u00e9gyptien de haute qualit\u00e9, une vari\u00e9t\u00e9 de coton reconnue mondialement pour sa r\u00e9sistance, sa douceur et sa respirabilit\u00e9. Ce mat\u00e9riau garantit non seulement un confort optimal, mais aussi une excellente tenue des couleurs et une grande durabilit\u00e9 \u2013 id\u00e9ales au quotidien. Les chaussettes sont \u00e9galement dot\u00e9es d&#039;une couture des orteils r\u00e9alis\u00e9e \u00e0 la main, pour un confort absolu. Un bord-c\u00f4te extra-haut assure un maintien parfait et \u00e9l\u00e9gant. Ces chaussettes taupe pour hommes sont con\u00e7ues pour l&#039;homme moderne qui valorise la qualit\u00e9 et le style. Elles sont fabriqu\u00e9es en Italie, o\u00f9 savoir-faire artisanal et souci du d\u00e9tail se conjuguent harmonieusement. Pour ceux qui recherchent les meilleures chaussettes pour leur garde-robe, ces chaussettes sont un excellent choix : \u00e9l\u00e9gantes, fonctionnelles et d&#039;un style intemporel. Acheter des chaussettes pour homme chez Carlo Lanza devient une exp\u00e9rience \u00e0 part enti\u00e8re. Non seulement gr\u00e2ce \u00e0 leur qualit\u00e9, mais aussi gr\u00e2ce \u00e0 leurs finitions soign\u00e9es. Chaque chaussette est pr\u00e9lav\u00e9e et repass\u00e9e pour \u00e9viter tout r\u00e9tr\u00e9cissement et fait l&#039;objet d&#039;un contr\u00f4le qualit\u00e9 rigoureux avant de quitter l&#039;usine. Pour pr\u00e9server la qualit\u00e9 de ces chaussettes italiennes, nous vous recommandons de les laver \u00e0 l&#039;envers \u00e0 30 degr\u00e9s Celsius maximum. Laissez-les s\u00e9cher \u00e0 l&#039;air libre et \u00e9vitez le s\u00e8che-linge. Ainsi, vous pourrez profiter plus longtemps de votre paire pr\u00e9f\u00e9r\u00e9e. Les chaussettes taupe Intrecci constituent \u00e9galement un cadeau \u00e9l\u00e9gant pour les hommes qui appr\u00e9cient la qualit\u00e9. Un ajout raffin\u00e9 \u00e0 toute collection de chaussettes \u2013 et une mani\u00e8re subtile d&#039;affirmer votre style personnel.<\/p>\n<p>Toutes les chaussettes et bas haut de gamme de la marque Carlo Lanza sont confectionn\u00e9s artisanalement avec le plus grand soin dans une usine italienne. Ici, la fabrication de chaussettes est un v\u00e9ritable art. Au sein de cette entreprise familiale, seuls les tissus les plus fins au monde sont utilis\u00e9s pour garantir la qualit\u00e9 de leurs produits. Cependant, ces mati\u00e8res \u00e9tant d\u00e9licates, il est important de manipuler et de nettoyer vos chaussettes et bas haut de gamme avec pr\u00e9caution.<\/p>\n<p>Nos chaussettes de qualit\u00e9 finissent souvent par se retrouver dans le tas de linge sale et, malheureusement, elles ne re\u00e7oivent pas beaucoup d&#039;attention. Cependant, nous souhaitons vous donner quelques conseils pour laver vos chaussettes et pr\u00e9server ainsi leur belle couleur. Si vous suivez les conseils ci-dessous apr\u00e8s avoir achet\u00e9 nos chaussettes, vous constaterez qu&#039;ils prolongeront leur dur\u00e9e de vie\u00a0:<\/p>\n<ul>\n<li>Lavez vos chaussettes \u00e0 une temp\u00e9rature maximale de 30 degr\u00e9s.<\/li>\n<li>Il est pr\u00e9f\u00e9rable de laver ses chaussettes \u00e0 l&#039;envers.<\/li>\n<li>Faites s\u00e9cher vos chaussettes sur l&#039;\u00e9tendoir \u00e0 linge et non dans le s\u00e8che-linge.<\/li>\n<li>\u00c9vitez autant que possible de porter des chaussettes \u00e0 l&#039;int\u00e9rieur. Portez des chaussons ou des tongs confortables pour pr\u00e9server vos chaussettes.<\/li>\n<\/ul>\n<p>Marque : Carlo Lanza<br \/>\nMati\u00e8re : 80% coton \u00e9gyptien | 16% polyamide | 4% \u00e9lasthanne<br \/>\nTraitement suppl\u00e9mentaire : le fil d&#039;\u00e9cosse apporte un \u00e9clat soyeux sur les chaussettes<br \/>\nDisponible dans les tailles : S (39-43) et M (44-48).<br \/>\nLongueur de la chaussette \u00e0 partir du talon : \u00b1 27 cm<br \/>\nD\u00e9tails\u00a0: Bout remaill\u00e9 \u00e0 la main. Le bout et le talon sont renforc\u00e9s de nylon, ce qui les rend tr\u00e8s r\u00e9sistants.<br \/>\nLabel de qualit\u00e9 Oeko Tex\u00ae<br \/>\nFabriqu\u00e9 en Italie<\/p>","protected":false},"excerpt":{"rendered":"<p>Chaussettes Homme Coton Intrecci Taupe.<\/p>\n<p>Les chaussettes taupe de la collection Intrecci de Carlo Lanza offrent un \u00e9quilibre \u00e9l\u00e9gant entre raffinement et confort. Avec leur motif subtil \u2013 un tissage raffin\u00e9 inspir\u00e9 des motifs italiens classiques \u2013 ces chaussettes sont un choix id\u00e9al pour les hommes qui appr\u00e9cient le d\u00e9tail et l&#039;\u00e9l\u00e9gance.<\/p>","protected":false},"featured_media":544243,"template":"","meta":[],"product_brand":[],"product_cat":[925,134],"product_tag":[],"class_list":{"0":"post-544240","1":"product","2":"type-product","3":"status-publish","4":"has-post-thumbnail","6":"product_cat-socken","7":"product_cat-sokken","8":"pa_merk-carlolanza","10":"first","11":"instock","12":"taxable","13":"shipping-taxable","14":"purchasable","15":"product-type-variable"},"df_price":17.95,"df_sale_price":"","df_regular_price":17.95,"df_image_link":"https:\/\/harristweed-shop.be\/wp-content\/uploads\/2026\/02\/85ce0f225226923b898d6ccf057f92f1_Heren_Sokken_Katoen_Intrecci_Taupe-300x300.jpeg","_links":{"self":[{"href":"https:\/\/harristweed-shop.be\/fr\/wp-json\/wp\/v2\/product\/544240","targetHints":{"allow":["GET"]}}],"collection":[{"href":"https:\/\/harristweed-shop.be\/fr\/wp-json\/wp\/v2\/product"}],"about":[{"href":"https:\/\/harristweed-shop.be\/fr\/wp-json\/wp\/v2\/types\/product"}],"wp:featuredmedia":[{"embeddable":true,"href":"https:\/\/harristweed-shop.be\/fr\/wp-json\/wp\/v2\/media\/544243"}],"wp:attachment":[{"href":"https:\/\/harristweed-shop.be\/fr\/wp-json\/wp\/v2\/media?parent=544240"}],"wp:term":[{"taxonomy":"product_brand","embeddable":true,"href":"https:\/\/harristweed-shop.be\/fr\/wp-json\/wp\/v2\/product_brand?post=544240"},{"taxonomy":"product_cat","embeddable":true,"href":"https:\/\/harristweed-shop.be\/fr\/wp-json\/wp\/v2\/product_cat?post=544240"},{"taxonomy":"product_tag","embeddable":true,"href":"https:\/\/harristweed-shop.be\/fr\/wp-json\/wp\/v2\/product_tag?post=544240"}],"curies":[{"name":"wp","href":"https:\/\/api.w.org\/{rel}","templated":true}]}}