{"id":544230,"date":"2026-02-24T10:04:26","date_gmt":"2026-02-24T10:04:26","guid":{"rendered":"https:\/\/harristweed-shop.be\/product\/heren-sokken-katoen-just-married-sand\/"},"modified":"2026-04-07T07:25:23","modified_gmt":"2026-04-07T07:25:23","slug":"heren-sokken-katoen-just-married-sand","status":"publish","type":"product","link":"https:\/\/harristweed-shop.be\/fr\/produit\/chaussettes-homme-en-coton-couleur-sable-pour-jeunes-maries\/","title":{"rendered":"Chaussettes pour homme en coton, couleur sable, pour jeunes mari\u00e9s"},"content":{"rendered":"<p>Chaussettes \u2018\u00a0Just Married\u00a0\u2019 \u2013 Sable pour votre mariage  La teinte sable la plus douce pour un jour inoubliable\u00a0: les chaussettes couleur sable de Carlo Lanza compl\u00e8tent \u00e0 merveille votre tenue de mariage. Confectionn\u00e9es en Italie en coton \u00e9gyptien respirant, ces chaussettes de luxe sont r\u00e9alis\u00e9es avec un souci du d\u00e9tail et un confort optimal. Leur couleur sable s\u2019harmonise parfaitement avec les couleurs de costumes actuelles, pour une tenue impeccable. L\u2019inscription discr\u00e8te \u00ab\u00a0Just Married\u00a0\u00bb apporte la touche finale. La polyvalence de ces chaussettes les rend uniques. \u00c9l\u00e9gantes le jour de votre mariage, elles se porteront aussi tr\u00e8s bien par la suite, gr\u00e2ce \u00e0 leur design classique et leurs finitions haut de gamme. Conseils d\u2019entretien\u00a0: Laver \u00e0 l\u2019envers \u00e0 30\u00a0\u00b0C et s\u00e9cher \u00e0 l\u2019air libre pour \u00e9viter la d\u00e9coloration et la d\u00e9formation. \u00c9viter le s\u00e8che-linge pour pr\u00e9server leur beaut\u00e9. En qu\u00eate d\u2019un cadeau, de chaussettes ou de chaussettes pour homme\u00a0? Carlo Lanza est la marque qu\u2019il vous faut. Ces chaussettes de mariage sont \u00e9l\u00e9gantes, confortables et r\u00e9sistantes.<\/p>\n<p>Toutes les chaussettes et bas haut de gamme de la marque Carlo Lanza sont confectionn\u00e9s artisanalement avec le plus grand soin dans une usine italienne. Ici, la fabrication de chaussettes est un v\u00e9ritable art. Au sein de cette entreprise familiale, seuls les tissus les plus fins au monde sont utilis\u00e9s pour garantir la qualit\u00e9 de leurs produits. Cependant, ces mati\u00e8res \u00e9tant d\u00e9licates, il est important de manipuler et de nettoyer vos chaussettes et bas haut de gamme avec pr\u00e9caution.<\/p>\n<p>Nos chaussettes de qualit\u00e9 finissent souvent par se retrouver dans le tas de linge sale et, malheureusement, elles ne re\u00e7oivent pas beaucoup d&#039;attention. Cependant, nous souhaitons vous donner quelques conseils pour laver vos chaussettes et pr\u00e9server ainsi leur belle couleur. Si vous suivez les conseils ci-dessous apr\u00e8s avoir achet\u00e9 nos chaussettes, vous constaterez qu&#039;ils prolongeront leur dur\u00e9e de vie\u00a0:<\/p>\n<ul>\n<li>Lavez vos chaussettes \u00e0 une temp\u00e9rature maximale de 30 degr\u00e9s.<\/li>\n<li>Il est pr\u00e9f\u00e9rable de laver ses chaussettes \u00e0 l&#039;envers.<\/li>\n<li>Faites s\u00e9cher vos chaussettes sur l&#039;\u00e9tendoir \u00e0 linge et non dans le s\u00e8che-linge.<\/li>\n<li>\u00c9vitez autant que possible de porter des chaussettes \u00e0 l&#039;int\u00e9rieur. Portez des chaussons ou des tongs confortables pour pr\u00e9server vos chaussettes.<\/li>\n<\/ul>\n<p>Marque : Carlo Lanza<br \/>\nMati\u00e8re : 80% coton \u00e9gyptien | 16% polyamide | 4% \u00e9lasthanne<br \/>\nTraitement suppl\u00e9mentaire : le fil d&#039;\u00e9cosse apporte un \u00e9clat soyeux sur les chaussettes<br \/>\nLongueur de la chaussette \u00e0 partir du talon : \u00b1 27 cm<br \/>\nD\u00e9tails\u00a0: Bout remaill\u00e9 \u00e0 la main. Le bout et le talon sont renforc\u00e9s de nylon, ce qui les rend tr\u00e8s r\u00e9sistants.<br \/>\nLabel de qualit\u00e9 Oeko Tex\u00ae<br \/>\nFabriqu\u00e9 en Italie<\/p><\/p>","protected":false},"excerpt":{"rendered":"<p>Chaussettes en coton pour hommes, couleur sable, pour jeunes mari\u00e9s.<\/p>\n<p>Chaussettes \u00ab\u00a0Just Married\u00a0\u00bb \u2013 Sable pour votre mariage  La teinte sable la plus douce pour un jour inoubliable\u00a0: les chaussettes couleur sable de Carlo Lanza compl\u00e8tent \u00e0 merveille toutes vos tenues de mariage. Confectionn\u00e9es en Italie dans un coton \u00e9gyptien respirant, ces chaussettes de luxe allient confort et \u00e9l\u00e9gance, avec un souci du d\u00e9tail et un confort absolu.<\/p>","protected":false},"featured_media":544231,"template":"","meta":[],"product_brand":[],"product_cat":[925,134],"product_tag":[],"class_list":{"0":"post-544230","1":"product","2":"type-product","3":"status-publish","4":"has-post-thumbnail","6":"product_cat-socken","7":"product_cat-sokken","8":"pa_merk-carlolanza","10":"first","11":"instock","12":"taxable","13":"shipping-taxable","14":"purchasable","15":"product-type-simple"},"df_price":17.95,"df_sale_price":"","df_regular_price":17.95,"df_image_link":"https:\/\/harristweed-shop.be\/wp-content\/uploads\/2026\/02\/51f10a553da18f923ba20daeaeabcf53_Heren_Sokken_Katoen_Just_Married_Sand-300x300.jpeg","_links":{"self":[{"href":"https:\/\/harristweed-shop.be\/fr\/wp-json\/wp\/v2\/product\/544230","targetHints":{"allow":["GET"]}}],"collection":[{"href":"https:\/\/harristweed-shop.be\/fr\/wp-json\/wp\/v2\/product"}],"about":[{"href":"https:\/\/harristweed-shop.be\/fr\/wp-json\/wp\/v2\/types\/product"}],"wp:featuredmedia":[{"embeddable":true,"href":"https:\/\/harristweed-shop.be\/fr\/wp-json\/wp\/v2\/media\/544231"}],"wp:attachment":[{"href":"https:\/\/harristweed-shop.be\/fr\/wp-json\/wp\/v2\/media?parent=544230"}],"wp:term":[{"taxonomy":"product_brand","embeddable":true,"href":"https:\/\/harristweed-shop.be\/fr\/wp-json\/wp\/v2\/product_brand?post=544230"},{"taxonomy":"product_cat","embeddable":true,"href":"https:\/\/harristweed-shop.be\/fr\/wp-json\/wp\/v2\/product_cat?post=544230"},{"taxonomy":"product_tag","embeddable":true,"href":"https:\/\/harristweed-shop.be\/fr\/wp-json\/wp\/v2\/product_tag?post=544230"}],"curies":[{"name":"wp","href":"https:\/\/api.w.org\/{rel}","templated":true}]}}