{"id":544227,"date":"2026-02-24T10:04:24","date_gmt":"2026-02-24T10:04:24","guid":{"rendered":"https:\/\/harristweed-shop.be\/product\/heren-sokken-katoen-just-married-mauve\/"},"modified":"2026-04-07T07:25:24","modified_gmt":"2026-04-07T07:25:24","slug":"heren-sokken-katoen-just-married-mauve","status":"publish","type":"product","link":"https:\/\/harristweed-shop.be\/fr\/produit\/chaussettes-homme-en-coton-mauve-juste-marie\/","title":{"rendered":"Chaussettes pour homme en coton, motif \u00ab\u00a0Just Married\u00a0\u00bb, mauve"},"content":{"rendered":"<p>Chaussettes \u2018\u00a0Just Married\u00a0\u2019 \u2013 Mauve pour un style de mariage \u00e9l\u00e9gant. \u00c0 la fois audacieuses et intemporelles, les chaussettes \u00ab\u00a0Just Married\u00a0\u00bb mauve sont parfaites pour les futurs mari\u00e9s qui souhaitent affirmer leur personnalit\u00e9. Confectionn\u00e9es en Italie, ces chaussettes luxueuses sont r\u00e9alis\u00e9es en coton \u00e9gyptien respirant, avec un souci du d\u00e9tail et du confort. Leur couleur mauve s&#039;harmonise parfaitement avec les costumes actuels, cr\u00e9ant ainsi une tenue compl\u00e8te. Le discret message \u00ab\u00a0Just Married\u00a0\u00bb sur la chaussette apporte la touche finale. La polyvalence de ces chaussettes est leur atout majeur. \u00c9l\u00e9gantes le jour de votre mariage, elles se porteront aussi tr\u00e8s bien par la suite gr\u00e2ce \u00e0 leur design classique et leur confection de haute qualit\u00e9. Conseils d&#039;entretien\u00a0: Laver \u00e0 l&#039;envers \u00e0 30\u00a0\u00b0C et s\u00e9cher \u00e0 l&#039;air libre pour \u00e9viter la d\u00e9coloration et la d\u00e9formation. \u00c9viter le s\u00e8che-linge pour pr\u00e9server la beaut\u00e9 de vos chaussettes. Vous cherchez des chaussettes, des chaussettes \u00ab\u00a0Just Married\u00a0\u00bb ou simplement acheter des chaussettes\u00a0? Carlo Lanza est la marque qu&#039;il vous faut. Ces chaussettes de mariage sont \u00e9l\u00e9gantes, confortables et r\u00e9sistantes.<\/p>\n<p>Toutes les chaussettes et bas haut de gamme de la marque Carlo Lanza sont confectionn\u00e9s artisanalement avec le plus grand soin dans une usine italienne. Ici, la fabrication de chaussettes est un v\u00e9ritable art. Au sein de cette entreprise familiale, seuls les tissus les plus fins au monde sont utilis\u00e9s pour garantir la qualit\u00e9 de leurs produits. Cependant, ces mati\u00e8res \u00e9tant d\u00e9licates, il est important de manipuler et de nettoyer vos chaussettes et bas haut de gamme avec pr\u00e9caution.<\/p>\n<p>Nos chaussettes de qualit\u00e9 finissent souvent par se retrouver dans le tas de linge sale et, malheureusement, elles ne re\u00e7oivent pas beaucoup d&#039;attention. Cependant, nous souhaitons vous donner quelques conseils pour laver vos chaussettes et pr\u00e9server ainsi leur belle couleur. Si vous suivez les conseils ci-dessous apr\u00e8s avoir achet\u00e9 nos chaussettes, vous constaterez qu&#039;ils prolongeront leur dur\u00e9e de vie\u00a0:<\/p>\n<ul>\n<li>Lavez vos chaussettes \u00e0 une temp\u00e9rature maximale de 30 degr\u00e9s.<\/li>\n<li>Il est pr\u00e9f\u00e9rable de laver ses chaussettes \u00e0 l&#039;envers.<\/li>\n<li>Faites s\u00e9cher vos chaussettes sur l&#039;\u00e9tendoir \u00e0 linge et non dans le s\u00e8che-linge.<\/li>\n<li>\u00c9vitez autant que possible de porter des chaussettes \u00e0 l&#039;int\u00e9rieur. Portez des chaussons ou des tongs confortables pour pr\u00e9server vos chaussettes.<\/li>\n<\/ul>\n<p>Marque : Carlo Lanza<br \/>\nMati\u00e8re : 80% coton \u00e9gyptien | 16% polyamide | 4% \u00e9lasthanne<br \/>\nTraitement suppl\u00e9mentaire : le fil d&#039;\u00e9cosse apporte un \u00e9clat soyeux sur les chaussettes<br \/>\nLongueur de la chaussette \u00e0 partir du talon : \u00b1 27 cm<br \/>\nD\u00e9tails\u00a0: Bout remaill\u00e9 \u00e0 la main. Le bout et le talon sont renforc\u00e9s de nylon, ce qui les rend tr\u00e8s r\u00e9sistants.<br \/>\nLabel de qualit\u00e9 Oeko Tex\u00ae<br \/>\nFabriqu\u00e9 en Italie<\/p>","protected":false},"excerpt":{"rendered":"<p>Chaussettes pour hommes en coton, couleur mauve \u00ab\u00a0Just Married\u00a0\u00bb.<\/p>\n<p>Chaussettes Just Married \u2013 Mauve pour un style de mariage affirm\u00e9. \u00c0 la fois audacieuses et intemporelles, les chaussettes Just Married mauve sont parfaites pour les futurs mari\u00e9s qui souhaitent affirmer leur personnalit\u00e9. Confectionn\u00e9es en Italie, ces chaussettes luxueuses sont r\u00e9alis\u00e9es en coton \u00e9gyptien respirant, avec un souci du d\u00e9tail et du confort.<\/p>","protected":false},"featured_media":544228,"template":"","meta":[],"product_brand":[],"product_cat":[925,134],"product_tag":[],"class_list":{"0":"post-544227","1":"product","2":"type-product","3":"status-publish","4":"has-post-thumbnail","6":"product_cat-socken","7":"product_cat-sokken","8":"pa_merk-carlolanza","10":"first","11":"instock","12":"taxable","13":"shipping-taxable","14":"purchasable","15":"product-type-simple"},"df_price":17.95,"df_sale_price":"","df_regular_price":17.95,"df_image_link":"https:\/\/harristweed-shop.be\/wp-content\/uploads\/2026\/02\/2898fc52df29e53865a26050882928fa_Heren_Sokken_Katoen_Just_Married_Mauve-300x300.jpeg","_links":{"self":[{"href":"https:\/\/harristweed-shop.be\/fr\/wp-json\/wp\/v2\/product\/544227","targetHints":{"allow":["GET"]}}],"collection":[{"href":"https:\/\/harristweed-shop.be\/fr\/wp-json\/wp\/v2\/product"}],"about":[{"href":"https:\/\/harristweed-shop.be\/fr\/wp-json\/wp\/v2\/types\/product"}],"wp:featuredmedia":[{"embeddable":true,"href":"https:\/\/harristweed-shop.be\/fr\/wp-json\/wp\/v2\/media\/544228"}],"wp:attachment":[{"href":"https:\/\/harristweed-shop.be\/fr\/wp-json\/wp\/v2\/media?parent=544227"}],"wp:term":[{"taxonomy":"product_brand","embeddable":true,"href":"https:\/\/harristweed-shop.be\/fr\/wp-json\/wp\/v2\/product_brand?post=544227"},{"taxonomy":"product_cat","embeddable":true,"href":"https:\/\/harristweed-shop.be\/fr\/wp-json\/wp\/v2\/product_cat?post=544227"},{"taxonomy":"product_tag","embeddable":true,"href":"https:\/\/harristweed-shop.be\/fr\/wp-json\/wp\/v2\/product_tag?post=544227"}],"curies":[{"name":"wp","href":"https:\/\/api.w.org\/{rel}","templated":true}]}}