{"id":544220,"date":"2026-02-24T10:04:19","date_gmt":"2026-02-24T10:04:19","guid":{"rendered":"https:\/\/harristweed-shop.be\/product\/heren-sokken-katoen-just-married-blue-grey\/"},"modified":"2026-04-21T16:37:07","modified_gmt":"2026-04-21T16:37:07","slug":"heren-sokken-katoen-just-married-blue-grey","status":"publish","type":"product","link":"https:\/\/harristweed-shop.be\/fr\/produit\/chaussettes-homme-en-coton-bleu-et-gris-pour-jeunes-maries\/","title":{"rendered":"Chaussettes homme en coton, motif \u00ab\u00a0Just Married\u00a0\u00bb, bleu et gris"},"content":{"rendered":"<p>Chaussettes \u201c\u00a0Just Married\u00a0\u201d \u2013 Bleu-gris, \u00e9l\u00e9gance italienne. Le bleu-gris est une des couleurs les plus raffin\u00e9es du moment. Nos chaussettes \u00ab\u00a0Just Married\u00a0\u00bb dans cette teinte apportent une touche subtile \u00e0 tout costume de mariage moderne. Chaque chaussette est confectionn\u00e9e en luxueux coton \u00e9gyptien, tricot\u00e9e avec soin en Italie, et arbore un message \u00ab\u00a0Just Married\u00a0\u00bb discr\u00e8tement tricot\u00e9. Gr\u00e2ce \u00e0 leur mati\u00e8re respirante et \u00e0 leur finition soign\u00e9e, vous les porterez avec plaisir, du \u00ab\u00a0oui\u00a0\u00bb \u00e0 la derni\u00e8re danse. Con\u00e7ues pour durer et rester confortables, ces chaussettes se glissent parfaitement sous les costumes de mariage les plus courants et conservent leur \u00e9l\u00e9gance gr\u00e2ce \u00e0 leur col robuste et leur couture plate aux orteils. Conseils d\u2019entretien\u00a0: Lavez les chaussettes \u00e0 30\u00a0\u00b0C maximum, \u00e0 l\u2019envers, et laissez-les s\u00e9cher \u00e0 l\u2019air libre. Ainsi, elles conserveront leur couleur et leur confort, mariage apr\u00e8s mariage. Vous recherchez des chaussettes de la meilleure qualit\u00e9\u00a0? Des chaussettes en laine\u00a0? Alors ces chaussettes de mariage allient confort, luxe et style personnel \u00e0 la perfection.<\/p>\n<p>Toutes les chaussettes et bas haut de gamme de la marque Carlo Lanza sont confectionn\u00e9s artisanalement avec le plus grand soin dans une usine italienne. Ici, la fabrication de chaussettes est un v\u00e9ritable art. Au sein de cette entreprise familiale, seuls les tissus les plus fins au monde sont utilis\u00e9s pour garantir la qualit\u00e9 de leurs produits. Cependant, ces mati\u00e8res \u00e9tant d\u00e9licates, il est important de manipuler et de nettoyer vos chaussettes et bas haut de gamme avec pr\u00e9caution.<\/p>\n<p>Nos chaussettes de qualit\u00e9 finissent souvent par se retrouver dans le tas de linge sale et, malheureusement, elles ne re\u00e7oivent pas beaucoup d&#039;attention. Cependant, nous souhaitons vous donner quelques conseils pour laver vos chaussettes et pr\u00e9server ainsi leur belle couleur. Si vous suivez les conseils ci-dessous apr\u00e8s avoir achet\u00e9 nos chaussettes, vous constaterez qu&#039;ils prolongeront leur dur\u00e9e de vie\u00a0:<\/p>\n<ul>\n<li>Lavez vos chaussettes \u00e0 une temp\u00e9rature maximale de 30 degr\u00e9s.<\/li>\n<li>Il est pr\u00e9f\u00e9rable de laver ses chaussettes \u00e0 l&#039;envers.<\/li>\n<li>Faites s\u00e9cher vos chaussettes sur l&#039;\u00e9tendoir \u00e0 linge et non dans le s\u00e8che-linge.<\/li>\n<li>\u00c9vitez autant que possible de porter des chaussettes \u00e0 l&#039;int\u00e9rieur. Portez des chaussons ou des tongs confortables pour pr\u00e9server vos chaussettes.<\/li>\n<\/ul>\n<p>Marque : Carlo Lanza<br \/>\nMati\u00e8re : 80% coton \u00e9gyptien | 16% polyamide | 4% \u00e9lasthanne<br \/>\nTraitement suppl\u00e9mentaire : le fil d&#039;\u00e9cosse apporte un \u00e9clat soyeux sur les chaussettes<br \/>\nLongueur de la chaussette \u00e0 partir du talon : \u00b1 27 cm<br \/>\nD\u00e9tails\u00a0: Bout remaill\u00e9 \u00e0 la main. Le bout et le talon sont renforc\u00e9s de nylon, ce qui les rend tr\u00e8s r\u00e9sistants.<br \/>\nLabel de qualit\u00e9 Oeko Tex\u00ae<br \/>\nFabriqu\u00e9 en Italie<\/p>","protected":false},"excerpt":{"rendered":"<p>Chaussettes pour homme en coton, mod\u00e8le \u00ab\u00a0Just Married\u00a0\u00bb, bleu-gris.<\/p>\n<p>Chaussettes \u201c\u00a0Just Married\u00a0\u201d \u2013 Bleu-gris, \u00e9l\u00e9gance italienne. Le bleu-gris est une des couleurs les plus raffin\u00e9es du moment. Nos chaussettes \u00ab\u00a0Just Married\u00a0\u00bb dans cette nuance apportent une touche subtile \u00e0 tout costume de mariage moderne. Chaque chaussette est confectionn\u00e9e en luxueux coton \u00e9gyptien, tricot\u00e9e avec soin en Italie, et arbore un message \u00ab\u00a0Just Married\u00a0\u00bb discr\u00e8tement tricot\u00e9.<\/p>","protected":false},"featured_media":544221,"template":"","meta":[],"product_brand":[],"product_cat":[925,134],"product_tag":[],"class_list":{"0":"post-544220","1":"product","2":"type-product","3":"status-publish","4":"has-post-thumbnail","6":"product_cat-socken","7":"product_cat-sokken","8":"pa_merk-carlolanza","10":"first","11":"instock","12":"taxable","13":"shipping-taxable","14":"purchasable","15":"product-type-simple"},"df_price":17.95,"df_sale_price":"","df_regular_price":17.95,"df_image_link":"https:\/\/harristweed-shop.be\/wp-content\/uploads\/2026\/02\/b93441bfe19817f44e8b977c24e17bff_Heren_Sokken_Katoen_Just_Married_Blue_Grey-300x300.jpeg","_links":{"self":[{"href":"https:\/\/harristweed-shop.be\/fr\/wp-json\/wp\/v2\/product\/544220","targetHints":{"allow":["GET"]}}],"collection":[{"href":"https:\/\/harristweed-shop.be\/fr\/wp-json\/wp\/v2\/product"}],"about":[{"href":"https:\/\/harristweed-shop.be\/fr\/wp-json\/wp\/v2\/types\/product"}],"wp:featuredmedia":[{"embeddable":true,"href":"https:\/\/harristweed-shop.be\/fr\/wp-json\/wp\/v2\/media\/544221"}],"wp:attachment":[{"href":"https:\/\/harristweed-shop.be\/fr\/wp-json\/wp\/v2\/media?parent=544220"}],"wp:term":[{"taxonomy":"product_brand","embeddable":true,"href":"https:\/\/harristweed-shop.be\/fr\/wp-json\/wp\/v2\/product_brand?post=544220"},{"taxonomy":"product_cat","embeddable":true,"href":"https:\/\/harristweed-shop.be\/fr\/wp-json\/wp\/v2\/product_cat?post=544220"},{"taxonomy":"product_tag","embeddable":true,"href":"https:\/\/harristweed-shop.be\/fr\/wp-json\/wp\/v2\/product_tag?post=544220"}],"curies":[{"name":"wp","href":"https:\/\/api.w.org\/{rel}","templated":true}]}}