{"id":544215,"date":"2026-02-24T10:04:14","date_gmt":"2026-02-24T10:04:14","guid":{"rendered":"https:\/\/harristweed-shop.be\/product\/heren-sokken-katoen-just-married-mid-grey\/"},"modified":"2026-04-21T16:37:06","modified_gmt":"2026-04-21T16:37:06","slug":"heren-sokken-katoen-just-married-mid-grey","status":"publish","type":"product","link":"https:\/\/harristweed-shop.be\/fr\/produit\/chaussettes-homme-en-coton-gris-moyen-modele-just-married\/","title":{"rendered":"Chaussettes homme en coton, mod\u00e8le \u00ab\u00a0Just Married\u00a0\u00bb, gris moyen"},"content":{"rendered":"<p>Chaussettes \u201c\u00a0Just Married\u00a0\u201d \u2013 Gris moyen, \u00e9l\u00e9gance ind\u00e9niable. Que vous recherchiez un look formel ou une touche de modernit\u00e9, les chaussettes \u00ab\u00a0Just Married\u00a0\u00bb gris moyen de Carlo Lanza offrent un \u00e9quilibre parfait. Le gris est un classique revisit\u00e9, et ces chaussettes s&#039;accordent \u00e0 merveille avec les costumes clairs comme fonc\u00e9s. Chaque chaussette est confectionn\u00e9e dans un coton \u00e9gyptien de la plus haute qualit\u00e9 et dot\u00e9e d&#039;un bord-c\u00f4te confortable et d&#039;une pointe sans couture. Le discret message \u00ab\u00a0Just Married\u00a0\u00bb est tricot\u00e9 avec soin, pour que votre amour vous accompagne tout au long de ce jour si sp\u00e9cial. Conseils d&#039;entretien\u00a0: Pour pr\u00e9server la beaut\u00e9 de vos chaussettes, lavez-les \u00e0 30\u00a0degr\u00e9s, \u00e0 l&#039;envers. Laissez-les s\u00e9cher \u00e0 l&#039;air libre et \u00e9vitez les frottements. Elles resteront ainsi aussi \u00e9l\u00e9gantes que les souvenirs de cette journ\u00e9e inoubliable. Vous recherchez des bas pour homme, des chaussettes haut de gamme ou souhaitez commander des chaussettes\u00a0? Optez pour la qualit\u00e9 et l&#039;\u00e9l\u00e9gance avec Carlo Lanza \u2013 des chaussettes pour homme o\u00f9 rien n&#039;est laiss\u00e9 au hasard.<\/p>\n<p>Toutes les chaussettes et bas haut de gamme de la marque Carlo Lanza sont confectionn\u00e9s artisanalement avec le plus grand soin dans une usine italienne. Ici, la fabrication de chaussettes est un v\u00e9ritable art. Au sein de cette entreprise familiale, seuls les tissus les plus fins au monde sont utilis\u00e9s pour garantir la qualit\u00e9 de leurs produits. Cependant, ces mati\u00e8res \u00e9tant d\u00e9licates, il est important de manipuler et de nettoyer vos chaussettes et bas haut de gamme avec pr\u00e9caution.<\/p>\n<p>Nos chaussettes de qualit\u00e9 finissent souvent par se retrouver dans le tas de linge sale et, malheureusement, elles ne re\u00e7oivent pas beaucoup d&#039;attention. Cependant, nous souhaitons vous donner quelques conseils pour laver vos chaussettes et pr\u00e9server ainsi leur belle couleur. Si vous suivez les conseils ci-dessous apr\u00e8s avoir achet\u00e9 nos chaussettes, vous constaterez qu&#039;ils prolongeront leur dur\u00e9e de vie\u00a0:<\/p>\n<ul>\n<li>Lavez vos chaussettes \u00e0 une temp\u00e9rature maximale de 30 degr\u00e9s.<\/li>\n<li>Il est pr\u00e9f\u00e9rable de laver ses chaussettes \u00e0 l&#039;envers.<\/li>\n<li>Faites s\u00e9cher vos chaussettes sur l&#039;\u00e9tendoir \u00e0 linge et non dans le s\u00e8che-linge.<\/li>\n<li>\u00c9vitez autant que possible de porter des chaussettes \u00e0 l&#039;int\u00e9rieur. Portez des chaussons ou des tongs confortables pour pr\u00e9server vos chaussettes.<\/li>\n<\/ul>\n<p>Marque : Carlo Lanza<br \/>Mati\u00e8re : 80% coton \u00e9gyptien | 16% polyamide | 4% \u00e9lasthanne<br \/>Traitement suppl\u00e9mentaire : le fil d&#039;\u00e9cosse apporte un \u00e9clat soyeux sur les chaussettes<br \/>Longueur de la chaussette \u00e0 partir du talon : \u00b1 27 cm<br \/>D\u00e9tails\u00a0: Bout remaill\u00e9 \u00e0 la main. Le bout et le talon sont renforc\u00e9s de nylon, ce qui les rend tr\u00e8s r\u00e9sistants.<br \/>Label de qualit\u00e9 Oeko Tex\u00ae<br \/>Fabriqu\u00e9 en Italie<\/p>","protected":false},"excerpt":{"rendered":"<p>Chaussettes en coton pour homme, mod\u00e8le \u00ab\u00a0Just Married\u00a0\u00bb, gris moyen.<\/p>\n<p>Chaussettes Just Married \u2013 Gris moyen, pour un style affirm\u00e9. Que vous recherchiez une allure formelle ou une touche de modernit\u00e9, les chaussettes Just Married gris moyen de Carlo Lanza offrent un \u00e9quilibre parfait. Le gris est un classique ind\u00e9modable, et les chaussettes Just Married gris moyen s&#039;accordent \u00e0 merveille avec les costumes clairs comme fonc\u00e9s.<\/p>","protected":false},"featured_media":544216,"template":"","meta":[],"product_brand":[],"product_cat":[925,134],"product_tag":[],"class_list":{"0":"post-544215","1":"product","2":"type-product","3":"status-publish","4":"has-post-thumbnail","6":"product_cat-socken","7":"product_cat-sokken","8":"pa_merk-carlolanza","10":"first","11":"instock","12":"taxable","13":"shipping-taxable","14":"purchasable","15":"product-type-simple"},"df_price":17.95,"df_sale_price":"","df_regular_price":17.95,"df_image_link":"https:\/\/harristweed-shop.be\/wp-content\/uploads\/2026\/02\/33d02c7796975037e9c9908f2d5da285_Heren_Sokken_Katoen_Just_Married_Mid_Grey-300x300.jpeg","_links":{"self":[{"href":"https:\/\/harristweed-shop.be\/fr\/wp-json\/wp\/v2\/product\/544215","targetHints":{"allow":["GET"]}}],"collection":[{"href":"https:\/\/harristweed-shop.be\/fr\/wp-json\/wp\/v2\/product"}],"about":[{"href":"https:\/\/harristweed-shop.be\/fr\/wp-json\/wp\/v2\/types\/product"}],"wp:featuredmedia":[{"embeddable":true,"href":"https:\/\/harristweed-shop.be\/fr\/wp-json\/wp\/v2\/media\/544216"}],"wp:attachment":[{"href":"https:\/\/harristweed-shop.be\/fr\/wp-json\/wp\/v2\/media?parent=544215"}],"wp:term":[{"taxonomy":"product_brand","embeddable":true,"href":"https:\/\/harristweed-shop.be\/fr\/wp-json\/wp\/v2\/product_brand?post=544215"},{"taxonomy":"product_cat","embeddable":true,"href":"https:\/\/harristweed-shop.be\/fr\/wp-json\/wp\/v2\/product_cat?post=544215"},{"taxonomy":"product_tag","embeddable":true,"href":"https:\/\/harristweed-shop.be\/fr\/wp-json\/wp\/v2\/product_tag?post=544215"}],"curies":[{"name":"wp","href":"https:\/\/api.w.org\/{rel}","templated":true}]}}