{"id":544197,"date":"2026-02-21T11:44:43","date_gmt":"2026-02-21T11:44:43","guid":{"rendered":"https:\/\/harristweed-shop.be\/product\/harris-tweed-travel-messenger-bag-in-pastel-pink\/"},"modified":"2026-04-19T13:34:22","modified_gmt":"2026-04-19T13:34:22","slug":"harris-tweed-travel-messenger-bag-in-pastel-pink","status":"publish","type":"product","link":"https:\/\/harristweed-shop.be\/fr\/produit\/sac-messager-de-voyage-harris-en-tweed-rose-pastel\/","title":{"rendered":"Sac messager de voyage en tweed Harris rose pastel"},"content":{"rendered":"<p>Notre sac polochon en Harris Tweed est le sac polyvalent par excellence, que ce soit pour vos trajets quotidiens, vos voyages ou votre travail au bureau.\n<\/p>\n<p>\nCe sac messager est dot\u00e9 d&#039;une poche zipp\u00e9e s\u00e9curis\u00e9e \u00e0 l&#039;avant et d&#039;une poche ouverte facilement accessible \u00e0 l&#039;arri\u00e8re. Le compartiment principal spacieux se ferme par une fermeture \u00e9clair et comprend deux poches pour bouteilles d&#039;eau, une grande poche zipp\u00e9e et une poche ouverte rembourr\u00e9e pouvant accueillir un ordinateur portable de 15 pouces.\n<\/p>\n<p>\nPour plus de praticit\u00e9, une sangle \u00e0 l&#039;arri\u00e8re permet de glisser le sac sur la poign\u00e9e d&#039;une valise et de le maintenir en place, facilitant ainsi vos d\u00e9placements dans les a\u00e9roports et les rues de la ville. Confectionn\u00e9 en toile de coton r\u00e9sistante et en authentique Harris Tweed, le sac Harris Tweed se porte \u00e0 la main gr\u00e2ce \u00e0 ses deux poign\u00e9es sup\u00e9rieures ou \u00e0 l&#039;\u00e9paule gr\u00e2ce \u00e0 sa bandouli\u00e8re rembourr\u00e9e et r\u00e9glable.\n<\/p>\n<p>\nDimensions : 44 cm x 35 cm x 12 cm<\/p>","protected":false},"excerpt":{"rendered":"<p>Sac messager de voyage en tweed Harris rose pastel.<\/p>\n<p>Notre sac polochon en Harris Tweed est le sac polyvalent par excellence, que ce soit pour vos trajets quotidiens, vos voyages ou votre travail au bureau.<\/p>","protected":false},"featured_media":544198,"template":"","meta":[],"product_brand":[],"product_cat":[903,904,1163,1139,1162,1138,1221,901,808],"product_tag":[],"class_list":{"0":"post-544197","1":"product","2":"type-product","3":"status-publish","4":"has-post-thumbnail","6":"product_cat-handtas","7":"product_cat-handtaschen","8":"product_cat-harris-tweed-handtasche","9":"product_cat-harris-tweed-handtassen","10":"product_cat-harris-tweed-taschen","11":"product_cat-harris-tweed-tassen","12":"product_cat-tas-harris-tweed","13":"product_cat-taschen","14":"product_cat-tassen","15":"pa_merk-maccessori","17":"first","18":"instock","19":"taxable","20":"shipping-taxable","21":"purchasable","22":"product-type-simple"},"df_price":139.95,"df_sale_price":"","df_regular_price":139.95,"df_image_link":"https:\/\/harristweed-shop.be\/wp-content\/uploads\/2026\/02\/7eaa291c7daf5faf9580008ac2d0ad03_Harris_Tweed_Travel_Messenger_Bag_In_Pastel_Pink-300x300.jpeg","_links":{"self":[{"href":"https:\/\/harristweed-shop.be\/fr\/wp-json\/wp\/v2\/product\/544197","targetHints":{"allow":["GET"]}}],"collection":[{"href":"https:\/\/harristweed-shop.be\/fr\/wp-json\/wp\/v2\/product"}],"about":[{"href":"https:\/\/harristweed-shop.be\/fr\/wp-json\/wp\/v2\/types\/product"}],"wp:featuredmedia":[{"embeddable":true,"href":"https:\/\/harristweed-shop.be\/fr\/wp-json\/wp\/v2\/media\/544198"}],"wp:attachment":[{"href":"https:\/\/harristweed-shop.be\/fr\/wp-json\/wp\/v2\/media?parent=544197"}],"wp:term":[{"taxonomy":"product_brand","embeddable":true,"href":"https:\/\/harristweed-shop.be\/fr\/wp-json\/wp\/v2\/product_brand?post=544197"},{"taxonomy":"product_cat","embeddable":true,"href":"https:\/\/harristweed-shop.be\/fr\/wp-json\/wp\/v2\/product_cat?post=544197"},{"taxonomy":"product_tag","embeddable":true,"href":"https:\/\/harristweed-shop.be\/fr\/wp-json\/wp\/v2\/product_tag?post=544197"}],"curies":[{"name":"wp","href":"https:\/\/api.w.org\/{rel}","templated":true}]}}