{"id":544183,"date":"2026-02-19T16:38:16","date_gmt":"2026-02-19T16:38:16","guid":{"rendered":"https:\/\/harristweed-shop.be\/product\/barbour-broughton-quilted-jacket-navy\/"},"modified":"2026-04-07T07:41:13","modified_gmt":"2026-04-07T07:41:13","slug":"barbour-broughton-quilted-jacket-navy","status":"publish","type":"product","link":"https:\/\/harristweed-shop.be\/fr\/produit\/veste-matelassee-barbour-broughton-bleu-marine\/","title":{"rendered":"Veste matelass\u00e9e Barbour Broughton bleu marine"},"content":{"rendered":"<p>Gilet cir\u00e9 olive<\/p>","protected":false},"excerpt":{"rendered":"<p>Veste matelass\u00e9e Barbour Broughton bleu marine.<\/p>\n<p>La veste matelass\u00e9e Barbour Broughton offre une chaleur l\u00e9g\u00e8re gr\u00e2ce \u00e0 des coutures de 6 cm d&#039;\u00e9paisseur dans un mat\u00e9riau doux, compl\u00e9t\u00e9es par des d\u00e9tails en microfibre su\u00e9d\u00e9e pour une finition raffin\u00e9e.<\/p>","protected":false},"featured_media":544189,"template":"","meta":[],"product_brand":[],"product_cat":[1107,1113,1112,530,87,482,531],"product_tag":[],"class_list":{"0":"post-544183","1":"product","2":"type-product","3":"status-publish","4":"has-post-thumbnail","6":"product_cat-barbour","7":"product_cat-barbour-heren-jassen","8":"product_cat-barbour-jassen","9":"product_cat-heren-jassen-en-jacks","10":"product_cat-jassen-en-jacks","11":"product_cat-mantel-und-jacken","12":"product_cat-mantel-und-jacken-fur-herren","13":"pa_merk-barbour","15":"first","16":"instock","17":"taxable","18":"shipping-taxable","19":"purchasable","20":"product-type-variable"},"df_price":239.95,"df_sale_price":"","df_regular_price":239.95,"df_image_link":"https:\/\/harristweed-shop.be\/wp-content\/uploads\/2026\/02\/203c6c1de4164146c6c5aed8f14a81b4_Barbour_Broughton_Quilted_Jacket_Navy-225x300.jpeg","_links":{"self":[{"href":"https:\/\/harristweed-shop.be\/fr\/wp-json\/wp\/v2\/product\/544183","targetHints":{"allow":["GET"]}}],"collection":[{"href":"https:\/\/harristweed-shop.be\/fr\/wp-json\/wp\/v2\/product"}],"about":[{"href":"https:\/\/harristweed-shop.be\/fr\/wp-json\/wp\/v2\/types\/product"}],"wp:featuredmedia":[{"embeddable":true,"href":"https:\/\/harristweed-shop.be\/fr\/wp-json\/wp\/v2\/media\/544189"}],"wp:attachment":[{"href":"https:\/\/harristweed-shop.be\/fr\/wp-json\/wp\/v2\/media?parent=544183"}],"wp:term":[{"taxonomy":"product_brand","embeddable":true,"href":"https:\/\/harristweed-shop.be\/fr\/wp-json\/wp\/v2\/product_brand?post=544183"},{"taxonomy":"product_cat","embeddable":true,"href":"https:\/\/harristweed-shop.be\/fr\/wp-json\/wp\/v2\/product_cat?post=544183"},{"taxonomy":"product_tag","embeddable":true,"href":"https:\/\/harristweed-shop.be\/fr\/wp-json\/wp\/v2\/product_tag?post=544183"}],"curies":[{"name":"wp","href":"https:\/\/api.w.org\/{rel}","templated":true}]}}