{"id":544171,"date":"2026-02-19T16:38:09","date_gmt":"2026-02-19T16:38:09","guid":{"rendered":"https:\/\/harristweed-shop.be\/product\/barbour-treeport-long-sleeved-tailored-shirt-sea-green\/"},"modified":"2026-05-05T03:05:26","modified_gmt":"2026-05-05T03:05:26","slug":"barbour-treeport-long-sleeved-tailored-shirt-sea-green","status":"publish","type":"product","link":"https:\/\/harristweed-shop.be\/fr\/produit\/chemise-barbour-treeport-a-manches-longues-coupe-cintree-vert-deau\/","title":{"rendered":"Chemise cintr\u00e9e \u00e0 manches longues Barbour Treeport vert d&#039;eau"},"content":{"rendered":"<p>La chemise Barbour Treeport \u00e0 manches longues est aussi bien adapt\u00e9e aux occasions formelles que d\u00e9contract\u00e9es et se distingue par sa polyvalence. Confectionn\u00e9e dans un m\u00e9lange de coton simple, elle offre une texture subtile gr\u00e2ce \u00e0 son toucher doux et agr\u00e9able. <\/p>\n<p>Les d\u00e9tails les plus simples, comme le logo Barbour brod\u00e9 sur le diamant, t\u00e9moignent du savoir-faire et du soin apport\u00e9s \u00e0 chaque article Barbour.\n<\/p>\n<p>\nExt\u00e9rieur : coton 50%, lyocell 50%<br \/>\n<br \/>Ann\u00e9es 40 environ, tissage popeline, finition douce au toucher<br \/>\n<br \/>Logo Barbour enti\u00e8rement brod\u00e9 avec \u00e9cusson sur la poitrine gauche.<br \/>\n<br \/>Lavage en machine \u00e0 30\u00b0C<br \/>\n<br \/>Laver avec des couleurs similaires<\/p>","protected":false},"excerpt":{"rendered":"<p>Chemise cintr\u00e9e \u00e0 manches longues Barbour Treeport, vert mer.<\/p>\n<p>Adapt\u00e9e aussi bien aux occasions formelles que d\u00e9contract\u00e9es, la chemise cintr\u00e9e \u00e0 manches longues Barbour Treeport est un mod\u00e8le polyvalent.<\/p>","protected":false},"featured_media":544178,"template":"","meta":[],"product_brand":[],"product_cat":[1107,1190,1111,1110,86,506],"product_tag":[],"class_list":{"0":"post-544171","1":"product","2":"type-product","3":"status-publish","4":"has-post-thumbnail","6":"product_cat-barbour","7":"product_cat-barbour-hemden","8":"product_cat-barbour-heren-shirts","9":"product_cat-barbour-shirts","10":"product_cat-shirts-en-overhemden","11":"product_cat-shirts-und-hemden","12":"pa_merk-barbour","14":"first","15":"instock","16":"taxable","17":"shipping-taxable","18":"purchasable","19":"product-type-variable"},"df_price":99.95,"df_sale_price":"","df_regular_price":99.95,"df_image_link":"https:\/\/harristweed-shop.be\/wp-content\/uploads\/2026\/02\/45ffde0a45647b32257c98aa1a2f9841_Barbour_Treeport_Long_Sleeved_Tailored_Shirt_Sea_Green-225x300.jpeg","_links":{"self":[{"href":"https:\/\/harristweed-shop.be\/fr\/wp-json\/wp\/v2\/product\/544171","targetHints":{"allow":["GET"]}}],"collection":[{"href":"https:\/\/harristweed-shop.be\/fr\/wp-json\/wp\/v2\/product"}],"about":[{"href":"https:\/\/harristweed-shop.be\/fr\/wp-json\/wp\/v2\/types\/product"}],"wp:featuredmedia":[{"embeddable":true,"href":"https:\/\/harristweed-shop.be\/fr\/wp-json\/wp\/v2\/media\/544178"}],"wp:attachment":[{"href":"https:\/\/harristweed-shop.be\/fr\/wp-json\/wp\/v2\/media?parent=544171"}],"wp:term":[{"taxonomy":"product_brand","embeddable":true,"href":"https:\/\/harristweed-shop.be\/fr\/wp-json\/wp\/v2\/product_brand?post=544171"},{"taxonomy":"product_cat","embeddable":true,"href":"https:\/\/harristweed-shop.be\/fr\/wp-json\/wp\/v2\/product_cat?post=544171"},{"taxonomy":"product_tag","embeddable":true,"href":"https:\/\/harristweed-shop.be\/fr\/wp-json\/wp\/v2\/product_tag?post=544171"}],"curies":[{"name":"wp","href":"https:\/\/api.w.org\/{rel}","templated":true}]}}