{"id":544129,"date":"2026-02-19T16:36:22","date_gmt":"2026-02-19T16:36:22","guid":{"rendered":"https:\/\/harristweed-shop.be\/product\/barbour-kenton-checked-tailord-shirt-dress-tartan\/"},"modified":"2026-04-07T07:41:13","modified_gmt":"2026-04-07T07:41:13","slug":"barbour-kenton-checked-tailord-shirt-dress-tartan","status":"publish","type":"product","link":"https:\/\/harristweed-shop.be\/fr\/produit\/robe-chemise-cintree-a-carreaux-tartan-barbour-kenton\/","title":{"rendered":"Robe-chemise tailleur \u00e0 carreaux Barbour Kenton Tartan"},"content":{"rendered":"<p>Raffin\u00e9e, \u00e9l\u00e9gante et d&#039;une allure naturelle, la chemise \u00e0 manches longues Barbour Kenton est con\u00e7ue pour faire sensation. Orn\u00e9e du tartan Barbour classique et arrivant \u00e0 mi-mollet, elle pr\u00e9sente des d\u00e9tails soign\u00e9s tels qu&#039;un col italien discret, des poignets biseaut\u00e9s et d&#039;\u00e9l\u00e9gants plis au dos pour une coupe ajust\u00e9e. Des empi\u00e8cements en velours c\u00f4tel\u00e9 aux poignets et \u00e0 l&#039;int\u00e9rieur du col lui conf\u00e8rent un style distinctif et affirm\u00e9. Alliance parfaite d&#039;\u00e9l\u00e9gance intemporelle et de modernit\u00e9, elle est id\u00e9ale en toute occasion.\n<\/p>\n<p>\nTissu principal : coton 100%<br \/>\n<br \/>Quelques ann\u00e9es 40, oxford \u00e0 la coupe impeccable, finition ultra douce.<br \/>\n<br \/>\n\u00c9tiquette de la marque Barbour sur la couture lat\u00e9rale gauche.<br \/>\n<br \/>\nLavage en machine \u00e0 30\u00b0C<br \/>\nLaver avec des couleurs similaires<\/p>","protected":false},"excerpt":{"rendered":"<p>Robe-chemise Barbour Kenton \u00e0 carreaux tartan.<\/p>\n<p>Dot\u00e9e d&#039;un motif tartan Barbour classique et d&#039;une longueur mi-mollet, elle pr\u00e9sente des d\u00e9tails soign\u00e9s tels qu&#039;un col l\u00e9g\u00e8rement \u00e9chancr\u00e9, des poignets cisel\u00e9s et d&#039;\u00e9l\u00e9gants plis au dos pour une coupe ajust\u00e9e.<\/p>","protected":false},"featured_media":544137,"template":"","meta":[],"product_brand":[],"product_cat":[1107,1190,1111,1110,86,506],"product_tag":[],"class_list":{"0":"post-544129","1":"product","2":"type-product","3":"status-publish","4":"has-post-thumbnail","6":"product_cat-barbour","7":"product_cat-barbour-hemden","8":"product_cat-barbour-heren-shirts","9":"product_cat-barbour-shirts","10":"product_cat-shirts-en-overhemden","11":"product_cat-shirts-und-hemden","12":"pa_merk-barbour","14":"first","15":"instock","16":"taxable","17":"shipping-taxable","18":"purchasable","19":"product-type-variable"},"df_price":139.95,"df_sale_price":"","df_regular_price":139.95,"df_image_link":"https:\/\/harristweed-shop.be\/wp-content\/uploads\/2026\/02\/754e1841ca72a8a68bd5888f01b58630_Barbour_Kenton_Checked_Tailord_Shirt_Dress_Tartan-225x300.jpeg","_links":{"self":[{"href":"https:\/\/harristweed-shop.be\/fr\/wp-json\/wp\/v2\/product\/544129","targetHints":{"allow":["GET"]}}],"collection":[{"href":"https:\/\/harristweed-shop.be\/fr\/wp-json\/wp\/v2\/product"}],"about":[{"href":"https:\/\/harristweed-shop.be\/fr\/wp-json\/wp\/v2\/types\/product"}],"wp:featuredmedia":[{"embeddable":true,"href":"https:\/\/harristweed-shop.be\/fr\/wp-json\/wp\/v2\/media\/544137"}],"wp:attachment":[{"href":"https:\/\/harristweed-shop.be\/fr\/wp-json\/wp\/v2\/media?parent=544129"}],"wp:term":[{"taxonomy":"product_brand","embeddable":true,"href":"https:\/\/harristweed-shop.be\/fr\/wp-json\/wp\/v2\/product_brand?post=544129"},{"taxonomy":"product_cat","embeddable":true,"href":"https:\/\/harristweed-shop.be\/fr\/wp-json\/wp\/v2\/product_cat?post=544129"},{"taxonomy":"product_tag","embeddable":true,"href":"https:\/\/harristweed-shop.be\/fr\/wp-json\/wp\/v2\/product_tag?post=544129"}],"curies":[{"name":"wp","href":"https:\/\/api.w.org\/{rel}","templated":true}]}}