{"id":544098,"date":"2026-02-19T16:35:29","date_gmt":"2026-02-19T16:35:29","guid":{"rendered":"https:\/\/harristweed-shop.be\/product\/wax-diamond-quilted-lincoln-gilet-olive\/"},"modified":"2026-05-05T03:06:42","modified_gmt":"2026-05-05T03:06:42","slug":"wax-diamond-quilted-lincoln-gilet-olive","status":"publish","type":"product","link":"https:\/\/harristweed-shop.be\/fr\/produit\/gilet-lincoln-matelasse-en-losanges-de-cire-olive\/","title":{"rendered":"Gilet Lincoln matelass\u00e9 en cire \u00e0 losanges, couleur olive"},"content":{"rendered":"<p>Notre gilet matelass\u00e9 cir\u00e9 est dot\u00e9 d&#039;une doublure en coton \u00e0 carreaux 100%. Son enveloppe ext\u00e9rieure en coton cir\u00e9 100% haute r\u00e9sistance le rend imperm\u00e9able et coupe-vent. Le matelassage en carreaux de 3,8 cm (1,5 pouce) est r\u00e9alis\u00e9 sur cette enveloppe.<\/p>\n<p>Parmi les autres caract\u00e9ristiques, citons 2 poches chauffe-mains, 2 poches plaqu\u00e9es sur le devant, une fermeture \u00e9clair robuste \u00e0 double sens avec bouton-pression, un col en velours c\u00f4tel\u00e9, 1 poche int\u00e9rieure et une doublure en nylon 100%, qui assure une libert\u00e9 de mouvement optimale, de la chaleur et du confort.<\/p>\n<p>Fabriqu\u00e9 selon les normes les plus strictes par un fabricant de v\u00eatements de campagne et de derby de haute qualit\u00e9.<\/p>\n<p>Nettoyage de votre gilet matelass\u00e9 avec couche de cire\u00a0:<br \/>\u2013 Enlevez les salet\u00e9s superficielles \u00e0 l&#039;aide d&#039;une brosse\u00a0: utilisez une brosse douce pour enlever les salet\u00e9s superficielles, en particulier autour des coutures et des surpiq\u00fbres. Garder le gilet propre contribue \u00e0 pr\u00e9server la couche de cire.<br \/>Pour nettoyer les taches, tamponnez-les d\u00e9licatement avec un chiffon humide et du savon doux. \u00c9vitez de laver vigoureusement afin de pr\u00e9server la couche de cire.<br \/>\u2013 Rincer d\u00e9licatement\u00a0: si n\u00e9cessaire, rincer l\u00e9g\u00e8rement \u00e0 l\u2019eau froide et laisser s\u00e9cher le gilet \u00e0 l\u2019air libre, loin des sources de chaleur.<\/p>\n<p>Comment restaurer la couche imperm\u00e9able de votre gilet matelass\u00e9\u00a0:<br \/>\u2013 Choisissez le bon produit\u00a0: Optez pour un spray ou un imperm\u00e9abilisant \u00e0 base de cire sp\u00e9cialement con\u00e7u pour les gilets matelass\u00e9s afin d\u2019assurer une imperm\u00e9abilit\u00e9 maximale.<br \/>\u2013 Appliquer dans un endroit bien a\u00e9r\u00e9\u00a0: \u00c9talez le gilet \u00e0 plat ou suspendez-le dans un endroit ventil\u00e9 pour faciliter l\u2019application de la cire.<br \/>\u2013 Chauffer la cire : Chauffez la cire dans de l&#039;eau chaude pour la r\u00e9partir plus uniform\u00e9ment.<br \/>\u2013 Appliquez la cire\u00a0: concentrez-vous sur les coutures et les zones \u00e0 forte usure et appliquez la cire soigneusement pour une couverture compl\u00e8te.<br \/>\u2013 Laissez p\u00e9n\u00e9trer : Laissez la cire p\u00e9n\u00e9trer pendant 12 heures afin qu&#039;elle puisse impr\u00e9gner compl\u00e8tement le tissu.<br \/>\u2013 Polir la surface\u00a0: Polissez le gilet apr\u00e8s s\u00e9chage pour enlever l\u2019exc\u00e9dent de cire et obtenir une finition lisse.<br \/>\u2013 Prot\u00e9gez votre gilet rembourr\u00e9 avec une couche de cire<br \/>\u2013 Rangement appropri\u00e9\u00a0: Suspendez votre gilet matelass\u00e9 sur un cintre large dans un endroit frais et sec pour \u00e9viter que la couche de cire ne se d\u00e9tache.<br \/>\u2013 \u00c9vitez les lavages excessifs\u00a0: ne lavez pas votre gilet trop souvent\u00a0; nettoyez les taches localement pour pr\u00e9server la couche de cire.<br \/>\u2013 R\u00e9parer les dommages imm\u00e9diatement\u00a0: R\u00e9parez imm\u00e9diatement les petites fissures pour \u00e9viter des probl\u00e8mes plus importants.<br \/>\u2013 Imperm\u00e9abilisation r\u00e9guli\u00e8re : Impr\u00e9gnez le gilet tous les 6 \u00e0 12 mois, selon l\u2019utilisation, pour assurer une imperm\u00e9abilit\u00e9 continue.<\/p>","protected":false},"excerpt":{"rendered":"<p>Gilet Lincoln matelass\u00e9 en cire \u00e0 losanges, couleur olive.<\/p>\n<p>Notre gilet matelass\u00e9 cir\u00e9 est dot\u00e9 d&#039;une doublure en coton \u00e0 carreaux 100%. Son enveloppe ext\u00e9rieure en coton cir\u00e9 100% haute r\u00e9sistance le rend imperm\u00e9able et coupe-vent. Le matelassage en carreaux de 3,8 cm (1,5 pouce) est r\u00e9alis\u00e9 sur cette enveloppe.<\/p>","protected":false},"featured_media":544106,"template":"","meta":[],"product_brand":[],"product_cat":[1060,530,87,482,531,1026],"product_tag":[],"class_list":{"0":"post-544098","1":"product","2":"type-product","3":"status-publish","4":"has-post-thumbnail","6":"product_cat-bodywarmer","7":"product_cat-heren-jassen-en-jacks","8":"product_cat-jassen-en-jacks","9":"product_cat-mantel-und-jacken","10":"product_cat-mantel-und-jacken-fur-herren","11":"product_cat-wax-jackets","12":"pa_merk-walker-hawkes","14":"first","15":"instock","16":"taxable","17":"shipping-taxable","18":"purchasable","19":"product-type-variable"},"df_price":119.95,"df_sale_price":"","df_regular_price":119.95,"df_image_link":"https:\/\/harristweed-shop.be\/wp-content\/uploads\/2026\/02\/5d775f11c87981eb2b7d58fb88678b08_Wax_Diamond_Quilted_Lincoln_Gilet_Olive-225x300.jpeg","_links":{"self":[{"href":"https:\/\/harristweed-shop.be\/fr\/wp-json\/wp\/v2\/product\/544098","targetHints":{"allow":["GET"]}}],"collection":[{"href":"https:\/\/harristweed-shop.be\/fr\/wp-json\/wp\/v2\/product"}],"about":[{"href":"https:\/\/harristweed-shop.be\/fr\/wp-json\/wp\/v2\/types\/product"}],"wp:featuredmedia":[{"embeddable":true,"href":"https:\/\/harristweed-shop.be\/fr\/wp-json\/wp\/v2\/media\/544106"}],"wp:attachment":[{"href":"https:\/\/harristweed-shop.be\/fr\/wp-json\/wp\/v2\/media?parent=544098"}],"wp:term":[{"taxonomy":"product_brand","embeddable":true,"href":"https:\/\/harristweed-shop.be\/fr\/wp-json\/wp\/v2\/product_brand?post=544098"},{"taxonomy":"product_cat","embeddable":true,"href":"https:\/\/harristweed-shop.be\/fr\/wp-json\/wp\/v2\/product_cat?post=544098"},{"taxonomy":"product_tag","embeddable":true,"href":"https:\/\/harristweed-shop.be\/fr\/wp-json\/wp\/v2\/product_tag?post=544098"}],"curies":[{"name":"wp","href":"https:\/\/api.w.org\/{rel}","templated":true}]}}