{"id":544088,"date":"2026-02-19T14:34:51","date_gmt":"2026-02-19T14:34:51","guid":{"rendered":"https:\/\/harristweed-shop.be\/product\/barbour-wax-cap-light-moss\/"},"modified":"2026-04-07T07:55:18","modified_gmt":"2026-04-07T07:55:18","slug":"barbour-wax-cap-light-moss","status":"publish","type":"product","link":"https:\/\/harristweed-shop.be\/fr\/produit\/bouchon-en-cire-barbour-mousse-legere\/","title":{"rendered":"Barbour Wax Cap Light Moss"},"content":{"rendered":"<p>Pour une touche d&#039;\u00e9l\u00e9gance \u00e0 votre tenue du week-end, optez pour cette casquette en coton cir\u00e9. Cet accessoire raffin\u00e9 et imperm\u00e9able arbore les d\u00e9tails embl\u00e9matiques de Barbour, du motif tartan \u00e0 l&#039;int\u00e9rieur au logo ton sur ton brod\u00e9 sur le devant. La touche finale parfaite pour un look d\u00e9contract\u00e9 et styl\u00e9.<\/p>\n<p>Mati\u00e8re ext\u00e9rieure : coton 100% (cir\u00e9)<br \/>\nDoublure : polyester 100%<br \/>\nR\u00e9sistant \u00e0 l&#039;eau<br \/>\nBroderie Barbour ton sur ton sur le c\u00f4t\u00e9 droit, \u00e9tiquette tiss\u00e9e de la marque et fermeture Barbour<br \/>\nLongueur du rabat : 7 cm<br \/>\nNettoyer uniquement avec une \u00e9ponge<\/p>","protected":false},"excerpt":{"rendered":"<p>Bouchon de cire Barbour, mousse claire.<\/p>\n<p>Pour une touche d&#039;\u00e9l\u00e9gance \u00e0 votre tenue de week-end, optez pour cette casquette en coton cir\u00e9. Cet accessoire raffin\u00e9 et imperm\u00e9able arbore les d\u00e9tails embl\u00e9matiques de Barbour, du motif tartan \u00e0 l&#039;int\u00e9rieur au logo ton sur ton brod\u00e9 sur le devant. <\/p>","protected":false},"featured_media":544089,"template":"","meta":[],"product_brand":[],"product_cat":[1107,1191,1116,542,83,877,885],"product_tag":[],"class_list":{"0":"post-544088","1":"product","2":"type-product","3":"status-publish","4":"has-post-thumbnail","6":"product_cat-barbour","7":"product_cat-barbour-accessoires","8":"product_cat-barbour-hoeden-petten-en-caps","9":"product_cat-hute-und-caps","10":"product_cat-petten-en-caps","11":"product_cat-wachs-baseballmutze","12":"product_cat-wax-baseball-caps","13":"pa_merk-barbour","15":"first","16":"instock","17":"taxable","18":"shipping-taxable","19":"purchasable","20":"product-type-simple"},"df_price":59.95,"df_sale_price":"","df_regular_price":59.95,"df_image_link":"https:\/\/harristweed-shop.be\/wp-content\/uploads\/2026\/02\/8c8153f0ee5d17b5b138a1a59bdfd5b8_Barbour_Wax_Cap_Light_Moss-300x300.jpeg","_links":{"self":[{"href":"https:\/\/harristweed-shop.be\/fr\/wp-json\/wp\/v2\/product\/544088","targetHints":{"allow":["GET"]}}],"collection":[{"href":"https:\/\/harristweed-shop.be\/fr\/wp-json\/wp\/v2\/product"}],"about":[{"href":"https:\/\/harristweed-shop.be\/fr\/wp-json\/wp\/v2\/types\/product"}],"wp:featuredmedia":[{"embeddable":true,"href":"https:\/\/harristweed-shop.be\/fr\/wp-json\/wp\/v2\/media\/544089"}],"wp:attachment":[{"href":"https:\/\/harristweed-shop.be\/fr\/wp-json\/wp\/v2\/media?parent=544088"}],"wp:term":[{"taxonomy":"product_brand","embeddable":true,"href":"https:\/\/harristweed-shop.be\/fr\/wp-json\/wp\/v2\/product_brand?post=544088"},{"taxonomy":"product_cat","embeddable":true,"href":"https:\/\/harristweed-shop.be\/fr\/wp-json\/wp\/v2\/product_cat?post=544088"},{"taxonomy":"product_tag","embeddable":true,"href":"https:\/\/harristweed-shop.be\/fr\/wp-json\/wp\/v2\/product_tag?post=544088"}],"curies":[{"name":"wp","href":"https:\/\/api.w.org\/{rel}","templated":true}]}}