{"id":544036,"date":"2026-02-13T15:34:22","date_gmt":"2026-02-13T15:34:22","guid":{"rendered":"https:\/\/harristweed-shop.be\/product\/harris-tweed-dalston-waistcoat-midnight-blue\/"},"modified":"2026-05-05T03:06:42","modified_gmt":"2026-05-05T03:06:42","slug":"harris-tweed-dalston-waistcoat-midnight-blue","status":"publish","type":"product","link":"https:\/\/harristweed-shop.be\/fr\/produit\/gilet-en-tweed-harris-dalston-bleu-nuit\/","title":{"rendered":"Gilet Dalston en tweed Harris bleu nuit"},"content":{"rendered":"<p>Un savoir-faire exceptionnel, du tissage artisanal du tweed \u00e0 la fabrication. Nous avons con\u00e7u ce gilet avec soin, en veillant \u00e0 son style, sa durabilit\u00e9 et sa qualit\u00e9. Le Harris Tweed est un tissu haut de gamme, fabriqu\u00e9 \u00e0 la main en \u00c9cosse \u00e0 partir de pure laine vierge \u2013 c&#039;est-\u00e0-dire une laine jamais utilis\u00e9e auparavant. Il est largement consid\u00e9r\u00e9 comme l&#039;un des tissus les plus luxueux au monde et est le seul tissu b\u00e9n\u00e9ficiant d&#039;une protection l\u00e9gale garantissant sa qualit\u00e9 sup\u00e9rieure.<\/p>\n<p>Chaque rouleau produit est inspect\u00e9 par un membre de la Harris Tweed Authority avant d&#039;\u00eatre estampill\u00e9 \u00e0 la main et exp\u00e9di\u00e9. Ainsi, en achetant un produit Harris Tweed, vous avez la garantie d&#039;une confection artisanale irr\u00e9prochable\u00a0! Chez Walker &amp; Hawkes, nous cr\u00e9ons des v\u00eatements en tweed depuis plus de 20\u00a0ans. Associ\u00e9 au c\u00e9l\u00e8bre tissu Harris Tweed, nous sommes convaincus que vous appr\u00e9cierez le luxe de notre gilet Dalston.<\/p>\n<p>Sa coupe classique et r\u00e9guli\u00e8re assure une libert\u00e9 de mouvement totale. Une fermeture r\u00e9glable au dos permet d&#039;ajuster la taille.<br \/>\u2013 La doublure int\u00e9rieure est en polyester 100%.<br \/>\u2013 4 boutons en cuir v\u00e9ritable, avec un bouton de rechange.<br \/>\u2013 2 poches passepoil\u00e9es doubles sur le devant.<br \/>\u2013 Ceinture ajustable. <\/p>\n<p>Le poids naturel de la laine vous garde au chaud et permet de la porter sous une veste par temps froid. Les propri\u00e9t\u00e9s respirantes du tweed, associ\u00e9es \u00e0 sa coupe sans manches, rendent ce gilet id\u00e9al pour les beaux jours. Adapt\u00e9 \u00e0 de nombreuses occasions, il se porte aussi bien avec une chemise et un blazer pour une tenue plus habill\u00e9e, qu&#039;en version d\u00e9contract\u00e9e pour vos sorties. D\u00e9perlant, il absorbe jusqu&#039;\u00e0 30 % de son poids en humidit\u00e9 sans laisser passer l&#039;eau. Cette propri\u00e9t\u00e9 favorise \u00e9galement l&#039;absorption de la transpiration et vous garde au frais en \u00e9t\u00e9. Adapt\u00e9 \u00e0 toutes les conditions climatiques, il se porte aussi bien avec une chemise en \u00e9t\u00e9 qu&#039;avec notre blazer assorti en hiver. Infroissable, gr\u00e2ce \u00e0 son \u00e9lasticit\u00e9 naturelle, ce v\u00eatement en tweed ne se froisse pas.<\/p>\n<p>Nous proposons une gamme de couleurs. Choisissez une teinte naturelle qui \u00e9voque \u00e0 merveille l&#039;atmosph\u00e8re des paysages \u00e9cossais. Ou optez pour un style plus contemporain avec nos couleurs vives. Compl\u00e9tez votre \u00e9l\u00e9gante tenue champ\u00eatre avec nos autres v\u00eatements en Harris Tweed. Blazers, gants et chapeaux assortis sont \u00e9galement disponibles.<\/p>\n<p>Nettoyage \u00e0 sec uniquement pour pr\u00e9server la qualit\u00e9.<\/p>","protected":false},"excerpt":{"rendered":"<p>Gilet Harris Tweed Dalston bleu nuit 610.<\/p>\n<p>Chaque rouleau produit est inspect\u00e9 par un membre de la Harris Tweed Authority avant d&#039;\u00eatre estampill\u00e9 \u00e0 la main et exp\u00e9di\u00e9. Ainsi, en achetant un produit Harris Tweed, vous avez la garantie d&#039;une confection artisanale irr\u00e9prochable\u00a0! Chez Walker &amp; Hawkes, nous cr\u00e9ons des v\u00eatements en tweed depuis plus de 20\u00a0ans. Associ\u00e9 au c\u00e9l\u00e8bre tissu Harris Tweed, nous sommes convaincus que vous appr\u00e9cierez le luxe de notre gilet Dalston.<\/p>","protected":false},"featured_media":544048,"template":"","meta":[],"product_brand":[],"product_cat":[1088,1156,510,1078,512,88,511],"product_tag":[],"class_list":{"0":"post-544036","1":"product","2":"type-product","3":"status-publish","4":"has-post-thumbnail","6":"product_cat-harris-tweed-vestjes-en-gilets-heren","7":"product_cat-harris-tweed-westen-und-gilets-herren","8":"product_cat-heren-vestjes","9":"product_cat-heren-vestjes-harris-tweed","10":"product_cat-herren-westen-und-gilets","11":"product_cat-vestjes-en-gilets","12":"product_cat-westen-und-gilets","13":"pa_merk-harristweed","15":"first","16":"instock","17":"taxable","18":"shipping-taxable","19":"purchasable","20":"product-type-variable"},"df_price":179.95,"df_sale_price":"","df_regular_price":179.95,"df_image_link":"https:\/\/harristweed-shop.be\/wp-content\/uploads\/2026\/02\/ba9c1ea76a77bff54d5b7c29b4e5b307_Harris_Tweed_Dalston_Waistcoat_Midnight_Blue-225x300.jpeg","_links":{"self":[{"href":"https:\/\/harristweed-shop.be\/fr\/wp-json\/wp\/v2\/product\/544036","targetHints":{"allow":["GET"]}}],"collection":[{"href":"https:\/\/harristweed-shop.be\/fr\/wp-json\/wp\/v2\/product"}],"about":[{"href":"https:\/\/harristweed-shop.be\/fr\/wp-json\/wp\/v2\/types\/product"}],"wp:featuredmedia":[{"embeddable":true,"href":"https:\/\/harristweed-shop.be\/fr\/wp-json\/wp\/v2\/media\/544048"}],"wp:attachment":[{"href":"https:\/\/harristweed-shop.be\/fr\/wp-json\/wp\/v2\/media?parent=544036"}],"wp:term":[{"taxonomy":"product_brand","embeddable":true,"href":"https:\/\/harristweed-shop.be\/fr\/wp-json\/wp\/v2\/product_brand?post=544036"},{"taxonomy":"product_cat","embeddable":true,"href":"https:\/\/harristweed-shop.be\/fr\/wp-json\/wp\/v2\/product_cat?post=544036"},{"taxonomy":"product_tag","embeddable":true,"href":"https:\/\/harristweed-shop.be\/fr\/wp-json\/wp\/v2\/product_tag?post=544036"}],"curies":[{"name":"wp","href":"https:\/\/api.w.org\/{rel}","templated":true}]}}