{"id":544027,"date":"2026-02-13T15:05:33","date_gmt":"2026-02-13T15:05:33","guid":{"rendered":"https:\/\/harristweed-shop.be\/product\/mens-harris-tweed-gloves-in-chestnut-blue-tartan\/"},"modified":"2026-04-07T07:55:27","modified_gmt":"2026-04-07T07:55:27","slug":"mens-harris-tweed-gloves-in-chestnut-blue-tartan","status":"publish","type":"product","link":"https:\/\/harristweed-shop.be\/fr\/produit\/gants-en-tweed-harris-pour-homme-motif-tartan-bleu-chataigne\/","title":{"rendered":"Gants pour hommes en tweed Harris \u00e0 carreaux bleu ch\u00e2taigne"},"content":{"rendered":"<p>Notre collection de gants pour hommes allie des \u00e9l\u00e9ments classiques et modernes. Ces gants, confectionn\u00e9s avec soin, sont r\u00e9alis\u00e9s en Harris Tweed\u00ae authentique et doux, et int\u00e8grent la technologie tactile au bout des doigts.\n<\/p>\n<p>\nPetit \u2013 L : 24 cm, l : 10,5 cm<br \/>\n<br \/>Moyen \u2013 L : 24,5 cm, l : 11 cm<br \/>\n<br \/>Grand \u2013 L : 25 cm, l : 11,5 cm<\/p>","protected":false},"excerpt":{"rendered":"<p>Gants pour hommes en tweed Harris \u00e0 carreaux marron-bleu.<\/p>\n<p>Ces gants magnifiquement confectionn\u00e9s sont fabriqu\u00e9s en tissu Harris Tweed\u00ae doux et authentique et sont dot\u00e9s d&#039;une technologie tactile au bout des doigts.<\/p>","protected":false},"featured_media":544032,"template":"","meta":[],"product_brand":[],"product_cat":[869,926,886,1136,1172,1238,105],"product_tag":[],"class_list":{"0":"post-544027","1":"product","2":"type-product","3":"status-publish","4":"has-post-thumbnail","6":"product_cat-handschoenen","7":"product_cat-handschoenen-shawls-shawls","8":"product_cat-handschuhe","9":"product_cat-harris-tweed-handschoenen","10":"product_cat-harris-tweed-handschuhe","11":"product_cat-islander","12":"product_cat-shawls","13":"pa_merk-harristweed","15":"first","16":"instock","17":"taxable","18":"shipping-taxable","19":"purchasable","20":"product-type-variable"},"df_price":59.95,"df_sale_price":"","df_regular_price":59.95,"df_image_link":"https:\/\/harristweed-shop.be\/wp-content\/uploads\/2026\/02\/881f303141051f6d9862e9f7664b8059_Men_s_Harris_Tweed_Gloves_In_Chestnut_Blue_Tartan-300x300.jpeg","_links":{"self":[{"href":"https:\/\/harristweed-shop.be\/fr\/wp-json\/wp\/v2\/product\/544027","targetHints":{"allow":["GET"]}}],"collection":[{"href":"https:\/\/harristweed-shop.be\/fr\/wp-json\/wp\/v2\/product"}],"about":[{"href":"https:\/\/harristweed-shop.be\/fr\/wp-json\/wp\/v2\/types\/product"}],"wp:featuredmedia":[{"embeddable":true,"href":"https:\/\/harristweed-shop.be\/fr\/wp-json\/wp\/v2\/media\/544032"}],"wp:attachment":[{"href":"https:\/\/harristweed-shop.be\/fr\/wp-json\/wp\/v2\/media?parent=544027"}],"wp:term":[{"taxonomy":"product_brand","embeddable":true,"href":"https:\/\/harristweed-shop.be\/fr\/wp-json\/wp\/v2\/product_brand?post=544027"},{"taxonomy":"product_cat","embeddable":true,"href":"https:\/\/harristweed-shop.be\/fr\/wp-json\/wp\/v2\/product_cat?post=544027"},{"taxonomy":"product_tag","embeddable":true,"href":"https:\/\/harristweed-shop.be\/fr\/wp-json\/wp\/v2\/product_tag?post=544027"}],"curies":[{"name":"wp","href":"https:\/\/api.w.org\/{rel}","templated":true}]}}