{"id":544003,"date":"2026-02-13T13:34:37","date_gmt":"2026-02-13T13:34:37","guid":{"rendered":"https:\/\/harristweed-shop.be\/product\/ladies-harris-tweed-gloves-beige-dogtooth\/"},"modified":"2026-04-30T15:34:10","modified_gmt":"2026-04-30T15:34:10","slug":"ladies-harris-tweed-gloves-beige-dogtooth","status":"publish","type":"product","link":"https:\/\/harristweed-shop.be\/fr\/produit\/gants-en-tweed-harris-pour-femme-beige-a-motif-pied-de-chien\/","title":{"rendered":"Gants pour femme en tweed Harris beige \u00e0 motif pied-de-poule"},"content":{"rendered":"<p>D\u00e9couvrez l&#039;\u00e9l\u00e9gance ultime avec nos magnifiques gants pour femmes, astucieusement con\u00e7us avec une technologie tactile parfaitement int\u00e9gr\u00e9e au cuir souple.\n<\/p>\n<p>\nL&#039;empeigne, en authentique Harris Tweed\u00ae tiss\u00e9 avec soin dans les H\u00e9brides ext\u00e9rieures, offre une sensation de luxe et apporte une touche intemporelle et raffin\u00e9e \u00e0 votre tenue d&#039;hiver. La semelle, en cuir v\u00e9ritable, garantit style et durabilit\u00e9.\n<\/p>\n<p>\nPetit \u2013 L : 22,5 cm, l : 9 cm<br \/>\n<br \/>Moyen \u2013 L : 23 cm, l : 9,2 cm<br \/>\n<br \/>Grand \u2013 L : 23,2 cm, l : 9,8 cm<br \/>\n<br \/>Tr\u00e8s grand \u2013 L : 23,5 cm, l : 10,2 cm<\/p>","protected":false},"excerpt":{"rendered":"<p>Gants pour femmes en tweed Harris beige pied-de-poule.<\/p>\n<p>D\u00e9couvrez l&#039;alliance parfaite de l&#039;\u00e9l\u00e9gance classique, des mati\u00e8res nobles et du savoir-faire traditionnel avec les gants pour femme Glen Appin, confectionn\u00e9s en authentique laine Harris Tweed. \u00c9l\u00e9gants et fonctionnels, ces gants sont un indispensable pour l&#039;hiver. Pr\u00e9sent\u00e9s dans un coffret cadeau.<\/p>","protected":false},"featured_media":544009,"template":"","meta":[],"product_brand":[],"product_cat":[869,926,886,1136,1172,105],"product_tag":[],"class_list":{"0":"post-544003","1":"product","2":"type-product","3":"status-publish","4":"has-post-thumbnail","6":"product_cat-handschoenen","7":"product_cat-handschoenen-shawls-shawls","8":"product_cat-handschuhe","9":"product_cat-harris-tweed-handschoenen","10":"product_cat-harris-tweed-handschuhe","11":"product_cat-shawls","12":"pa_merk-islander","14":"first","15":"instock","16":"taxable","17":"shipping-taxable","18":"purchasable","19":"product-type-variable"},"df_price":59.95,"df_sale_price":"","df_regular_price":59.95,"df_image_link":"https:\/\/harristweed-shop.be\/wp-content\/uploads\/2026\/02\/82f59821b7d7f64df8e8d6a7af26373d_Ladies_Harris_Tweed_Gloves_Beige_Dogtooth-300x300.jpeg","_links":{"self":[{"href":"https:\/\/harristweed-shop.be\/fr\/wp-json\/wp\/v2\/product\/544003","targetHints":{"allow":["GET"]}}],"collection":[{"href":"https:\/\/harristweed-shop.be\/fr\/wp-json\/wp\/v2\/product"}],"about":[{"href":"https:\/\/harristweed-shop.be\/fr\/wp-json\/wp\/v2\/types\/product"}],"wp:featuredmedia":[{"embeddable":true,"href":"https:\/\/harristweed-shop.be\/fr\/wp-json\/wp\/v2\/media\/544009"}],"wp:attachment":[{"href":"https:\/\/harristweed-shop.be\/fr\/wp-json\/wp\/v2\/media?parent=544003"}],"wp:term":[{"taxonomy":"product_brand","embeddable":true,"href":"https:\/\/harristweed-shop.be\/fr\/wp-json\/wp\/v2\/product_brand?post=544003"},{"taxonomy":"product_cat","embeddable":true,"href":"https:\/\/harristweed-shop.be\/fr\/wp-json\/wp\/v2\/product_cat?post=544003"},{"taxonomy":"product_tag","embeddable":true,"href":"https:\/\/harristweed-shop.be\/fr\/wp-json\/wp\/v2\/product_tag?post=544003"}],"curies":[{"name":"wp","href":"https:\/\/api.w.org\/{rel}","templated":true}]}}