{"id":543995,"date":"2026-02-13T13:04:55","date_gmt":"2026-02-13T13:04:55","guid":{"rendered":"https:\/\/harristweed-shop.be\/product\/harris-tweed-clutch-the-leather-medium-satchel-islander-dark-green-herringbone\/"},"modified":"2026-04-07T07:55:25","modified_gmt":"2026-04-07T07:55:25","slug":"harris-tweed-clutch-the-leather-medium-satchel-islander-dark-green-herringbone","status":"publish","type":"product","link":"https:\/\/harristweed-shop.be\/fr\/produit\/pochette-harris-en-tweed-sacoche-moyenne-en-cuir-islander-vert-fonce-a-chevrons\/","title":{"rendered":"Pochette en tweed Harris, Sacoche moyenne en cuir, Islander, motif chevrons vert fonc\u00e9"},"content":{"rendered":"<p>Le sac Medium Satchel est compact, pratique et \u00e9l\u00e9gant. Confectionn\u00e9 en cuir microfibre et en Harris Tweed\u00ae, il offre un \u00e9quilibre parfait entre durabilit\u00e9 et raffinement. <\/p>\n<p>Avec sa forme structur\u00e9e, ce sac allie sans effort fonctionnalit\u00e9 et \u00e9l\u00e9gance, ce qui en fait un accessoire polyvalent parfaitement adapt\u00e9 \u00e0 vos besoins quotidiens.\n<\/p>\n<p>\nL : 24 cm H : 16 cm P : 7 cm<\/p>","protected":false},"excerpt":{"rendered":"<p>Pochette en tweed Harris, Sacoche moyenne en cuir, Islander, motif chevrons vert fonc\u00e9.<\/p>\n<p>Le sac Medium Satchel est compact, pratique et \u00e9l\u00e9gant. Confectionn\u00e9 en cuir microfibre et en Harris Tweed\u00ae, il offre un \u00e9quilibre parfait entre durabilit\u00e9 et raffinement.<\/p>","protected":false},"featured_media":543996,"template":"","meta":[],"product_brand":[],"product_cat":[899,638,903,904,1163,1139,1162,1138,900,1221,901,808,898],"product_tag":[],"class_list":{"0":"post-543995","1":"product","2":"type-product","3":"status-publish","4":"has-post-thumbnail","6":"product_cat-geschenke","7":"product_cat-gifts","8":"product_cat-handtas","9":"product_cat-handtaschen","10":"product_cat-harris-tweed-handtasche","11":"product_cat-harris-tweed-handtassen","12":"product_cat-harris-tweed-taschen","13":"product_cat-harris-tweed-tassen","14":"product_cat-reisetaschen","15":"product_cat-tas-harris-tweed","16":"product_cat-taschen","17":"product_cat-tassen","18":"product_cat-tassen-gifts","19":"pa_merk-islander","21":"first","22":"instock","23":"taxable","24":"shipping-taxable","25":"purchasable","26":"product-type-simple"},"df_price":139.95,"df_sale_price":"","df_regular_price":139.95,"df_image_link":"https:\/\/harristweed-shop.be\/wp-content\/uploads\/2026\/02\/cc72063f213380820dd894572747f229_Harris_Tweed_Clutch__The_Leather_Medium_Satchel__Islander__Dark_Green_Herringbone-300x300.jpeg","_links":{"self":[{"href":"https:\/\/harristweed-shop.be\/fr\/wp-json\/wp\/v2\/product\/543995","targetHints":{"allow":["GET"]}}],"collection":[{"href":"https:\/\/harristweed-shop.be\/fr\/wp-json\/wp\/v2\/product"}],"about":[{"href":"https:\/\/harristweed-shop.be\/fr\/wp-json\/wp\/v2\/types\/product"}],"wp:featuredmedia":[{"embeddable":true,"href":"https:\/\/harristweed-shop.be\/fr\/wp-json\/wp\/v2\/media\/543996"}],"wp:attachment":[{"href":"https:\/\/harristweed-shop.be\/fr\/wp-json\/wp\/v2\/media?parent=543995"}],"wp:term":[{"taxonomy":"product_brand","embeddable":true,"href":"https:\/\/harristweed-shop.be\/fr\/wp-json\/wp\/v2\/product_brand?post=543995"},{"taxonomy":"product_cat","embeddable":true,"href":"https:\/\/harristweed-shop.be\/fr\/wp-json\/wp\/v2\/product_cat?post=543995"},{"taxonomy":"product_tag","embeddable":true,"href":"https:\/\/harristweed-shop.be\/fr\/wp-json\/wp\/v2\/product_tag?post=543995"}],"curies":[{"name":"wp","href":"https:\/\/api.w.org\/{rel}","templated":true}]}}