{"id":543980,"date":"2026-02-13T12:34:23","date_gmt":"2026-02-13T12:34:23","guid":{"rendered":"https:\/\/harristweed-shop.be\/product\/harris-tweed-the-rosie-trainer-shoe-islander-tartan\/"},"modified":"2026-04-30T11:41:31","modified_gmt":"2026-04-30T11:41:31","slug":"harris-tweed-the-rosie-trainer-shoe-islander-tartan","status":"publish","type":"product","link":"https:\/\/harristweed-shop.be\/fr\/produit\/harris-tweed-la-chaussure-de-sport-rosie-tartan-insulaire\/","title":{"rendered":"Harris Tweed The Rosie Trainer Shoe Islander Tartan"},"content":{"rendered":"<p><span style=\"font-family: Poppins, sans-serif;font-size: 14px\">Ces brogues sont le basique id\u00e9al de la saison, avec un design \u00e9l\u00e9gant et un confort optimal. Elles sont dot\u00e9es d&#039;une semelle \u00e9paisse en EVA et caoutchouc avec une adh\u00e9rence robuste pour un confort, un maintien et une durabilit\u00e9 accrus.<\/span><\/p>\n<p>Tige en cuir italien et tissu Harris Tweed\u00ae<br \/>- Int\u00e9rieur enti\u00e8rement doubl\u00e9 de cuir<br \/>Semelle en EVA et caoutchouc<\/p>\n<p>Conversions de tailles\u00a0:<br \/>Royaume-Uni3\/UE36\/US5<br \/>UK4 \/ EU37 \/ US6<br \/>UK5 \/ EU38 \/ US7<br \/>UK6 \/ EU39 \/ US8<br \/>UK7 \/ EU40 \/ US9<br \/>UK8 \/ EU41 \/ US10<br \/>UK9 \/ EU42 \/ US11<\/p><\/p>","protected":false},"excerpt":{"rendered":"<p>Chaussures d&#039;entra\u00eenement Rosie en tweed Harris, motif tartan Islander.<\/p>\n<p>Ces brogues sont le basique parfait pour cette saison, avec un design \u00e9l\u00e9gant et un confort optimal.<\/p>","protected":false},"featured_media":543988,"template":"","meta":[],"product_brand":[],"product_cat":[1227,1228,1223,1225,1238],"product_tag":[],"class_list":{"0":"post-543980","1":"product","2":"type-product","3":"status-publish","4":"has-post-thumbnail","6":"product_cat-harris-tweed-damen-schuhe","7":"product_cat-harris-tweed-damesschoenen","8":"product_cat-harris-tweed-schoenen","9":"product_cat-harris-tweed-schuhe","10":"product_cat-islander","11":"pa_merk-islander","13":"first","14":"instock","15":"taxable","16":"shipping-taxable","17":"purchasable","18":"product-type-variable"},"df_price":119.95,"df_sale_price":"","df_regular_price":119.95,"df_image_link":"https:\/\/harristweed-shop.be\/wp-content\/uploads\/2026\/02\/f739ce262a827dc6d274e5452dfaa596_Harris_Tweed_The_Rosie_Trainer_Shoe_Islander_Tartan-300x300.jpeg","_links":{"self":[{"href":"https:\/\/harristweed-shop.be\/fr\/wp-json\/wp\/v2\/product\/543980","targetHints":{"allow":["GET"]}}],"collection":[{"href":"https:\/\/harristweed-shop.be\/fr\/wp-json\/wp\/v2\/product"}],"about":[{"href":"https:\/\/harristweed-shop.be\/fr\/wp-json\/wp\/v2\/types\/product"}],"wp:featuredmedia":[{"embeddable":true,"href":"https:\/\/harristweed-shop.be\/fr\/wp-json\/wp\/v2\/media\/543988"}],"wp:attachment":[{"href":"https:\/\/harristweed-shop.be\/fr\/wp-json\/wp\/v2\/media?parent=543980"}],"wp:term":[{"taxonomy":"product_brand","embeddable":true,"href":"https:\/\/harristweed-shop.be\/fr\/wp-json\/wp\/v2\/product_brand?post=543980"},{"taxonomy":"product_cat","embeddable":true,"href":"https:\/\/harristweed-shop.be\/fr\/wp-json\/wp\/v2\/product_cat?post=543980"},{"taxonomy":"product_tag","embeddable":true,"href":"https:\/\/harristweed-shop.be\/fr\/wp-json\/wp\/v2\/product_tag?post=543980"}],"curies":[{"name":"wp","href":"https:\/\/api.w.org\/{rel}","templated":true}]}}