{"id":543967,"date":"2026-02-13T11:03:37","date_gmt":"2026-02-13T11:03:37","guid":{"rendered":"https:\/\/harristweed-shop.be\/product\/linnen-dames-vestje-lea-in-nature\/"},"modified":"2026-04-07T08:10:54","modified_gmt":"2026-04-07T08:10:54","slug":"linnen-dames-vestje-lea-in-nature","status":"publish","type":"product","link":"https:\/\/harristweed-shop.be\/fr\/produit\/gilet-en-lin-pour-femme-style-nature\/","title":{"rendered":"Gilet en lin pour femme Lea In Nature"},"content":{"rendered":"<p>Le cardigan \u201c\u00a0Lea\u00a0\u201d en lin pour femme, d&#039;inspiration britannique classique, est un incontournable polyvalent qui se porte aussi bien seul qu&#039;avec un blazer. Le lin est la mati\u00e8re id\u00e9ale pour l&#039;\u00e9t\u00e9\u00a0: confortable, respirant et d&#039;une \u00e9l\u00e9gance naturelle gr\u00e2ce \u00e0 ses plis caract\u00e9ristiques.<\/p>\n<p>\u2013 Fermeture \u00e0 quatre boutons<br \/>\u2013 \u00c9tiquette nominative<br \/>\u2013 Deux poches lat\u00e9rales et une poche poitrine<\/p>\n<p>Mensurations du mannequin\u00a0: Le mannequin mesure 176\u00a0cm et porte une taille\u00a036 sur la photo.<br \/>Coupe : L\u00e9g\u00e8rement ajust\u00e9e, mod\u00e8le court<br \/>Dimensions du produit\u00a0: Pour la taille 36, les mesures sont les suivantes\u00a0: Longueur dos\u00a0: 50\u00a0cm \u2013 Largeur poitrine (demi-tour de poitrine)\u00a0: 46,6\u00a0cm \u2013 Largeur taille (demi-tour de taille)\u00a0: 42,3\u00a0cm<\/p>\n<p>Tissu ext\u00e9rieur : lin 100%<br \/>Doublure : 55% polyester, 45% viscose<\/p>","protected":false},"excerpt":{"rendered":"<p>Gilet en lin pour femme Lea In Nature 2890-261.<\/p>\n<p>Le cardigan classique britannique en lin \u201c Lea \u201d est un mod\u00e8le polyvalent et tr\u00e8s appr\u00e9ci\u00e9, qui peut se porter seul ou avec un blazer.<\/p>","protected":false},"featured_media":543978,"template":"","meta":[],"product_brand":[],"product_cat":[594,593,1242,88,511],"product_tag":[],"class_list":{"0":"post-543967","1":"product","2":"type-product","3":"status-publish","4":"has-post-thumbnail","6":"product_cat-damen-westen-und-gilets","7":"product_cat-dames-vestjes","8":"product_cat-dames-vestjes-linnen-en-zijde","9":"product_cat-vestjes-en-gilets","10":"product_cat-westen-und-gilets","11":"pa_merk-wellington","13":"first","14":"instock","15":"taxable","16":"shipping-taxable","17":"purchasable","18":"product-type-variable"},"df_price":149.95,"df_sale_price":"","df_regular_price":149.95,"df_image_link":"https:\/\/harristweed-shop.be\/wp-content\/uploads\/2026\/02\/6bfaba0b9e9ed610063adb3e3c491fe6_Linnen_Dames_Vestje_Lea_In_Nature-225x300.jpeg","_links":{"self":[{"href":"https:\/\/harristweed-shop.be\/fr\/wp-json\/wp\/v2\/product\/543967","targetHints":{"allow":["GET"]}}],"collection":[{"href":"https:\/\/harristweed-shop.be\/fr\/wp-json\/wp\/v2\/product"}],"about":[{"href":"https:\/\/harristweed-shop.be\/fr\/wp-json\/wp\/v2\/types\/product"}],"wp:featuredmedia":[{"embeddable":true,"href":"https:\/\/harristweed-shop.be\/fr\/wp-json\/wp\/v2\/media\/543978"}],"wp:attachment":[{"href":"https:\/\/harristweed-shop.be\/fr\/wp-json\/wp\/v2\/media?parent=543967"}],"wp:term":[{"taxonomy":"product_brand","embeddable":true,"href":"https:\/\/harristweed-shop.be\/fr\/wp-json\/wp\/v2\/product_brand?post=543967"},{"taxonomy":"product_cat","embeddable":true,"href":"https:\/\/harristweed-shop.be\/fr\/wp-json\/wp\/v2\/product_cat?post=543967"},{"taxonomy":"product_tag","embeddable":true,"href":"https:\/\/harristweed-shop.be\/fr\/wp-json\/wp\/v2\/product_tag?post=543967"}],"curies":[{"name":"wp","href":"https:\/\/api.w.org\/{rel}","templated":true}]}}