{"id":543964,"date":"2026-02-13T08:29:52","date_gmt":"2026-02-13T08:29:52","guid":{"rendered":"https:\/\/harristweed-shop.be\/product\/harris-tweed-oxna-travel-bag-mustard-check\/"},"modified":"2026-04-07T08:10:47","modified_gmt":"2026-04-07T08:10:47","slug":"harris-tweed-oxna-travel-bag-mustard-check","status":"publish","type":"product","link":"https:\/\/harristweed-shop.be\/fr\/produit\/sac-de-voyage-harris-tweed-oxna-a-carreaux-moutarde\/","title":{"rendered":"Sac de voyage Oxna en Harris Tweed \u2013 Motif moutarde"},"content":{"rendered":"<p>\u2013 Disponible en Harris Tweed s\u00e9lectionn\u00e9<br \/>\u2013 Tiss\u00e9 \u00e0 la main en pure laine 100%<br \/>\u2013 Finition cuir<br \/>- Doublure effet daim<br \/>\u2013 Petite poche zipp\u00e9e \u00e0 l&#039;int\u00e9rieur<br \/>\u2013 \u00c9quip\u00e9 d&#039;une bandouli\u00e8re amovible (105 cm de long)<br \/>\u2013 Dimensions : 48 cm (L) x 32 cm (H) x 17 cm (P)<br \/>\u2013 Hauteur de la poign\u00e9e : 22 cm<\/p>","protected":false},"excerpt":{"rendered":"<p>Sac de voyage Oxna en Harris Tweed \u2013 Motif moutarde.<\/p>\n<p>\u2013 Harris Tweed \u2013 Laine 100%<br \/>\n\u2013 Doublure \u2013 Polyester 100% (effet daim)<br \/>\n\u2013 Finition \u2013 Cuir 100%<\/p>","protected":false},"featured_media":543965,"template":"","meta":[],"product_brand":[],"product_cat":[1212,1167,1140,1162,1138,902,809,1221,901,808],"product_tag":[],"class_list":{"0":"post-543964","1":"product","2":"type-product","3":"status-publish","4":"has-post-thumbnail","6":"product_cat-harris-tweed","7":"product_cat-harris-tweed-reisetaschen","8":"product_cat-harris-tweed-reistassen","9":"product_cat-harris-tweed-taschen","10":"product_cat-harris-tweed-tassen","11":"product_cat-reisetaschen-taschen","12":"product_cat-reistas","13":"product_cat-tas-harris-tweed","14":"product_cat-taschen","15":"product_cat-tassen","16":"pa_merk-harristweed","18":"first","19":"instock","20":"taxable","21":"shipping-taxable","22":"purchasable","23":"product-type-simple"},"df_price":279.95,"df_sale_price":"","df_regular_price":279.95,"df_image_link":"https:\/\/harristweed-shop.be\/wp-content\/uploads\/2026\/02\/d6d2718d4e2b67b38d10447a06cadd58_Harris_Tweed_Oxna_Travel_Bag_Mustard_Check-300x300.jpeg","_links":{"self":[{"href":"https:\/\/harristweed-shop.be\/fr\/wp-json\/wp\/v2\/product\/543964","targetHints":{"allow":["GET"]}}],"collection":[{"href":"https:\/\/harristweed-shop.be\/fr\/wp-json\/wp\/v2\/product"}],"about":[{"href":"https:\/\/harristweed-shop.be\/fr\/wp-json\/wp\/v2\/types\/product"}],"wp:featuredmedia":[{"embeddable":true,"href":"https:\/\/harristweed-shop.be\/fr\/wp-json\/wp\/v2\/media\/543965"}],"wp:attachment":[{"href":"https:\/\/harristweed-shop.be\/fr\/wp-json\/wp\/v2\/media?parent=543964"}],"wp:term":[{"taxonomy":"product_brand","embeddable":true,"href":"https:\/\/harristweed-shop.be\/fr\/wp-json\/wp\/v2\/product_brand?post=543964"},{"taxonomy":"product_cat","embeddable":true,"href":"https:\/\/harristweed-shop.be\/fr\/wp-json\/wp\/v2\/product_cat?post=543964"},{"taxonomy":"product_tag","embeddable":true,"href":"https:\/\/harristweed-shop.be\/fr\/wp-json\/wp\/v2\/product_tag?post=543964"}],"curies":[{"name":"wp","href":"https:\/\/api.w.org\/{rel}","templated":true}]}}