{"id":543931,"date":"2026-02-12T11:29:57","date_gmt":"2026-02-12T11:29:57","guid":{"rendered":"https:\/\/harristweed-shop.be\/product\/harris-tweed-jacket-amy-red-tartan\/"},"modified":"2026-05-05T03:07:31","modified_gmt":"2026-05-05T03:07:31","slug":"harris-tweed-jacket-amy-red-tartan","status":"publish","type":"product","link":"https:\/\/harristweed-shop.be\/fr\/produit\/veste-en-tweed-harris-a-carreaux-rouges-amy\/","title":{"rendered":"Veste femme en Harris Tweed Amy \u2013 Tartan rouge"},"content":{"rendered":"<p>La couleur et la texture sont les atouts majeurs de cette veste. Le tartan \u00e9clatant est mis en valeur par la douceur et le raffinement des finitions en velours. Ces qualit\u00e9s f\u00e9minines garantissent que cette pi\u00e8ce restera un incontournable de votre garde-robe pour de nombreuses ann\u00e9es. Les d\u00e9tails, tels que les boutons recouverts de velours, les finitions des poches et le col, sont tous confectionn\u00e9s dans un velours de haute qualit\u00e9.<\/p>\n<p>\u2013 Harris Tweed \u00e0 carreaux rouges<br \/>\u2013 Tiss\u00e9 \u00e0 la main en pure laine 100%<br \/>Col, boutons et garnitures en velours de coton rouge<br \/>Fermeture enti\u00e8rement boutonn\u00e9e<br \/>\u2013 Doublure \u00e0 motifs cachemire rouges<\/p>","protected":false},"excerpt":{"rendered":"<p>Veste femme Harris Tweed Amy \u2013 Tartan rouge.<\/p>\n<p>\u2013 Harris Tweed \u2013 Laine 100%<br \/>\n\u2013 Doublure \u2013 ac\u00e9tate 50%\/viscose 50%<br \/>\n\u2013 Finition \u2013 Velours de coton 100%<br \/>\n\u2013 Le v\u00eatement est muni d&#039;une \u00e9tiquette confirmant l&#039;authenticit\u00e9 du tissu comme \u00e9tant du v\u00e9ritable Harris Tweed<br \/>\nNettoyage \u00e0 sec uniquement<\/p>","protected":false},"featured_media":543949,"template":"","meta":[],"product_brand":[],"product_cat":[1159,592,353,1084,15,478],"product_tag":[],"class_list":{"0":"post-543931","1":"product","2":"type-product","3":"status-publish","4":"has-post-thumbnail","6":"product_cat-harris-tweed-blazer-damen","7":"product_cat-harris-tweed-blazer-fur-damen","8":"product_cat-harris-tweed-dames-jasjes","9":"product_cat-harris-tweed-jasjes-dames","10":"product_cat-harris-tweed-colberts","11":"product_cat-tweed-sakkos","12":"pa_merk-harristweed","14":"first","15":"instock","16":"taxable","17":"shipping-taxable","18":"purchasable","19":"product-type-variable"},"df_price":398,"df_sale_price":"","df_regular_price":398,"df_image_link":"https:\/\/harristweed-shop.be\/wp-content\/uploads\/2026\/02\/4d2c104dfbac82d0983e1fa5f350e28a_Harris_Tweed_Jacket_Amy_Red_Tartan-225x300.jpeg","_links":{"self":[{"href":"https:\/\/harristweed-shop.be\/fr\/wp-json\/wp\/v2\/product\/543931","targetHints":{"allow":["GET"]}}],"collection":[{"href":"https:\/\/harristweed-shop.be\/fr\/wp-json\/wp\/v2\/product"}],"about":[{"href":"https:\/\/harristweed-shop.be\/fr\/wp-json\/wp\/v2\/types\/product"}],"wp:featuredmedia":[{"embeddable":true,"href":"https:\/\/harristweed-shop.be\/fr\/wp-json\/wp\/v2\/media\/543949"}],"wp:attachment":[{"href":"https:\/\/harristweed-shop.be\/fr\/wp-json\/wp\/v2\/media?parent=543931"}],"wp:term":[{"taxonomy":"product_brand","embeddable":true,"href":"https:\/\/harristweed-shop.be\/fr\/wp-json\/wp\/v2\/product_brand?post=543931"},{"taxonomy":"product_cat","embeddable":true,"href":"https:\/\/harristweed-shop.be\/fr\/wp-json\/wp\/v2\/product_cat?post=543931"},{"taxonomy":"product_tag","embeddable":true,"href":"https:\/\/harristweed-shop.be\/fr\/wp-json\/wp\/v2\/product_tag?post=543931"}],"curies":[{"name":"wp","href":"https:\/\/api.w.org\/{rel}","templated":true}]}}