{"id":543842,"date":"2026-02-10T10:38:28","date_gmt":"2026-02-10T10:38:28","guid":{"rendered":"https:\/\/harristweed-shop.be\/product\/harris-tweed-highland-messenger-bag-in-country-green\/"},"modified":"2026-04-07T08:25:17","modified_gmt":"2026-04-07T08:25:17","slug":"harris-tweed-highland-messenger-bag-in-country-green","status":"publish","type":"product","link":"https:\/\/harristweed-shop.be\/fr\/produit\/sac-messager-harris-tweed-highland-vert-campagne\/","title":{"rendered":"Sac messager Highland en tweed Harris vert campagne"},"content":{"rendered":"<p>Le sac messager Highland est une version moderne de notre sac messager classique pour femme, alliant l&#039;intemporalit\u00e9 du tweed Harris \u00e0 des d\u00e9tails \u00e9l\u00e9gants. Compact et spacieux \u00e0 la fois, il est dot\u00e9 d&#039;une poign\u00e9e et d&#039;une bandouli\u00e8re amovibles. <\/p>\n<p>Ce sac en tweed Harris est dot\u00e9 de compartiments int\u00e9rieurs pratiques, ouverts et ferm\u00e9s, ainsi que d&#039;une poche zipp\u00e9e \u00e0 l&#039;arri\u00e8re, ce qui le rend id\u00e9al au quotidien. Alliant avec \u00e9l\u00e9gance tradition et modernit\u00e9, c&#039;est un accessoire polyvalent qui s&#039;accordera avec toutes vos tenues. <\/p>\n<p>Dimensions : 24 cm x 22 cm x 12,5 cm<\/p>","protected":false},"excerpt":{"rendered":"<p>Sac messager Harris Tweed Highland couleur vert campagne.<\/p>\n<p>Le sac Highland Messenger est une version moderne de notre sac messager classique pour femmes, alliant le tweed Harris intemporel \u00e0 des d\u00e9tails \u00e9l\u00e9gants.<\/p>","protected":false},"featured_media":543843,"template":"","meta":[],"product_brand":[],"product_cat":[903,904,1212,1163,1139,1162,1138,1221,901,808],"product_tag":[],"class_list":{"0":"post-543842","1":"product","2":"type-product","3":"status-publish","4":"has-post-thumbnail","6":"product_cat-handtas","7":"product_cat-handtaschen","8":"product_cat-harris-tweed","9":"product_cat-harris-tweed-handtasche","10":"product_cat-harris-tweed-handtassen","11":"product_cat-harris-tweed-taschen","12":"product_cat-harris-tweed-tassen","13":"product_cat-tas-harris-tweed","14":"product_cat-taschen","15":"product_cat-tassen","16":"pa_merk-maccessori","18":"first","19":"instock","20":"taxable","21":"shipping-taxable","22":"purchasable","23":"product-type-simple"},"df_price":119.95,"df_sale_price":"","df_regular_price":119.95,"df_image_link":"https:\/\/harristweed-shop.be\/wp-content\/uploads\/2026\/02\/0787c1f6e0bf0aa1c13a3fea07ca45da_Harris_Tweed_Highland_Messenger_Bag_In_Country_Green-300x300.jpeg","_links":{"self":[{"href":"https:\/\/harristweed-shop.be\/fr\/wp-json\/wp\/v2\/product\/543842","targetHints":{"allow":["GET"]}}],"collection":[{"href":"https:\/\/harristweed-shop.be\/fr\/wp-json\/wp\/v2\/product"}],"about":[{"href":"https:\/\/harristweed-shop.be\/fr\/wp-json\/wp\/v2\/types\/product"}],"wp:featuredmedia":[{"embeddable":true,"href":"https:\/\/harristweed-shop.be\/fr\/wp-json\/wp\/v2\/media\/543843"}],"wp:attachment":[{"href":"https:\/\/harristweed-shop.be\/fr\/wp-json\/wp\/v2\/media?parent=543842"}],"wp:term":[{"taxonomy":"product_brand","embeddable":true,"href":"https:\/\/harristweed-shop.be\/fr\/wp-json\/wp\/v2\/product_brand?post=543842"},{"taxonomy":"product_cat","embeddable":true,"href":"https:\/\/harristweed-shop.be\/fr\/wp-json\/wp\/v2\/product_cat?post=543842"},{"taxonomy":"product_tag","embeddable":true,"href":"https:\/\/harristweed-shop.be\/fr\/wp-json\/wp\/v2\/product_tag?post=543842"}],"curies":[{"name":"wp","href":"https:\/\/api.w.org\/{rel}","templated":true}]}}