{"id":543729,"date":"2026-02-10T10:07:23","date_gmt":"2026-02-10T10:07:23","guid":{"rendered":"https:\/\/harristweed-shop.be\/product\/harris-tweed-bifold-wallet-in-blue\/"},"modified":"2026-04-07T08:25:19","modified_gmt":"2026-04-07T08:25:19","slug":"harris-tweed-bifold-wallet-in-blue","status":"publish","type":"product","link":"https:\/\/harristweed-shop.be\/fr\/produit\/portefeuille-harris-en-tweed-bleu-a-deux-volets\/","title":{"rendered":"Portefeuille Harris Tweed bleu \u00e0 deux volets"},"content":{"rendered":"<p>Ce portefeuille pliable pour homme vous permet d&#039;emporter vos essentiels avec \u00e9l\u00e9gance. Le portefeuille pliable en tweed Harris pr\u00e9sente un design minimaliste et peut contenir huit cartes et deux billets. <\/p>\n<p>Notre portefeuille polyvalent en tweed Harris ajoute une touche de luxe \u00e0 votre garde-robe quotidienne. <\/p>\n<p>La couleur de la finition en cuir v\u00e9g\u00e9talien varie en fonction de la couleur du Harris Tweed choisie\u00a0:\n<\/p>\n<p>Cuir v\u00e9gan marron : \u00e0 carreaux bleu-marron et vert campagne.<\/p>\n<p>Cuir v\u00e9gan noir : bleu, \u00e0 carreaux bleus, safran et anthracite.<\/p>\n<p>Dimensions du portefeuille pliable pour homme : 9 cm x 11 cm x 1 cm.<\/p>","protected":false},"excerpt":{"rendered":"<p>Portefeuille \u00e0 deux volets en tweed Harris bleu.<\/p>\n<p>Ce portefeuille pliable pour homme vous permet d&#039;emporter vos essentiels avec \u00e9l\u00e9gance. Le portefeuille pliable en tweed Harris pr\u00e9sente un design minimaliste et peut contenir huit cartes et deux billets.<\/p>","protected":false},"featured_media":543824,"template":"","meta":[],"product_brand":[],"product_cat":[1212,1169,1241,1219,1218,1142,1162,1138,1066,901,808],"product_tag":[],"class_list":{"0":"post-543729","1":"product","2":"type-product","3":"status-publish","4":"has-post-thumbnail","6":"product_cat-harris-tweed","7":"product_cat-harris-tweed-geldborsen","8":"product_cat-harris-tweed-kreditkartenetui-harris-tweed-taschen","9":"product_cat-harris-tweed-kreditkartenetui","10":"product_cat-harris-tweed-pasjeshouder","11":"product_cat-harris-tweed-portemonnees","12":"product_cat-harris-tweed-taschen","13":"product_cat-harris-tweed-tassen","14":"product_cat-portemonnee","15":"product_cat-taschen","16":"product_cat-tassen","17":"pa_merk-maccessori","19":"first","20":"instock","21":"taxable","22":"shipping-taxable","23":"purchasable","24":"product-type-simple"},"df_price":29.95,"df_sale_price":"","df_regular_price":29.95,"df_image_link":"https:\/\/harristweed-shop.be\/wp-content\/uploads\/2026\/02\/d809c76d7791fcc403eaecc01c168ab3_Harris_Tweed_Bifold_Wallet_In_Blue_1-300x300.jpeg","_links":{"self":[{"href":"https:\/\/harristweed-shop.be\/fr\/wp-json\/wp\/v2\/product\/543729","targetHints":{"allow":["GET"]}}],"collection":[{"href":"https:\/\/harristweed-shop.be\/fr\/wp-json\/wp\/v2\/product"}],"about":[{"href":"https:\/\/harristweed-shop.be\/fr\/wp-json\/wp\/v2\/types\/product"}],"wp:featuredmedia":[{"embeddable":true,"href":"https:\/\/harristweed-shop.be\/fr\/wp-json\/wp\/v2\/media\/543824"}],"wp:attachment":[{"href":"https:\/\/harristweed-shop.be\/fr\/wp-json\/wp\/v2\/media?parent=543729"}],"wp:term":[{"taxonomy":"product_brand","embeddable":true,"href":"https:\/\/harristweed-shop.be\/fr\/wp-json\/wp\/v2\/product_brand?post=543729"},{"taxonomy":"product_cat","embeddable":true,"href":"https:\/\/harristweed-shop.be\/fr\/wp-json\/wp\/v2\/product_cat?post=543729"},{"taxonomy":"product_tag","embeddable":true,"href":"https:\/\/harristweed-shop.be\/fr\/wp-json\/wp\/v2\/product_tag?post=543729"}],"curies":[{"name":"wp","href":"https:\/\/api.w.org\/{rel}","templated":true}]}}