{"id":543712,"date":"2026-02-10T10:07:01","date_gmt":"2026-02-10T10:07:01","guid":{"rendered":"https:\/\/harristweed-shop.be\/product\/harris-tweed-pop-up-card-holder-in-green-purple-plaid\/"},"modified":"2026-04-07T08:41:14","modified_gmt":"2026-04-07T08:41:14","slug":"harris-tweed-pop-up-card-holder-in-green-purple-plaid","status":"publish","type":"product","link":"https:\/\/harristweed-shop.be\/fr\/produit\/porte-cartes-pop-up-en-tweed-harris-a-carreaux-verts-et-violets\/","title":{"rendered":"Porte-cartes pop-up en tweed Harris \u00e0 carreaux verts et violets"},"content":{"rendered":"<p>Notre porte-cartes pop-up en Harris Tweed d\u00e9plie vos cartes d&#039;une simple pression sur un bouton et les prot\u00e8ge du piratage RFID gr\u00e2ce \u00e0 son bo\u00eetier en aluminium. <\/p>\n<p>Le portefeuille en tweed Harris peut contenir 7 \u00e0 8 cartes et est id\u00e9al pour un rangement compact et un acc\u00e8s rapide \u00e0 vos cartes. <\/p>\n<p>Dimensions : 9,7 cm x 6,7 cm x 1,5 cm<\/p>","protected":false},"excerpt":{"rendered":"<p>Porte-cartes pop-up en tweed Harris \u00e0 carreaux verts et violets.<\/p>\n<p>Notre porte-cartes pop-up en Harris Tweed d\u00e9plie vos cartes d&#039;une simple pression sur un bouton et les prot\u00e8ge du piratage RFID gr\u00e2ce \u00e0 son bo\u00eetier en aluminium.<\/p>","protected":false},"featured_media":543800,"template":"","meta":[],"product_brand":[],"product_cat":[1212,1169,1219,1218,1142,1162,1138,1066,901,808],"product_tag":[],"class_list":{"0":"post-543712","1":"product","2":"type-product","3":"status-publish","4":"has-post-thumbnail","6":"product_cat-harris-tweed","7":"product_cat-harris-tweed-geldborsen","8":"product_cat-harris-tweed-kreditkartenetui","9":"product_cat-harris-tweed-pasjeshouder","10":"product_cat-harris-tweed-portemonnees","11":"product_cat-harris-tweed-taschen","12":"product_cat-harris-tweed-tassen","13":"product_cat-portemonnee","14":"product_cat-taschen","15":"product_cat-tassen","16":"pa_merk-maccessori","18":"first","19":"instock","20":"taxable","21":"shipping-taxable","22":"purchasable","23":"product-type-simple"},"df_price":29.95,"df_sale_price":"","df_regular_price":29.95,"df_image_link":"https:\/\/harristweed-shop.be\/wp-content\/uploads\/2026\/02\/f3aedfc14497a1d1e6e02f953c7339ab_Harris_Tweed_Pop_Up_Card_Holder_In_Green_Purple_Plaid-300x300.jpeg","_links":{"self":[{"href":"https:\/\/harristweed-shop.be\/fr\/wp-json\/wp\/v2\/product\/543712","targetHints":{"allow":["GET"]}}],"collection":[{"href":"https:\/\/harristweed-shop.be\/fr\/wp-json\/wp\/v2\/product"}],"about":[{"href":"https:\/\/harristweed-shop.be\/fr\/wp-json\/wp\/v2\/types\/product"}],"wp:featuredmedia":[{"embeddable":true,"href":"https:\/\/harristweed-shop.be\/fr\/wp-json\/wp\/v2\/media\/543800"}],"wp:attachment":[{"href":"https:\/\/harristweed-shop.be\/fr\/wp-json\/wp\/v2\/media?parent=543712"}],"wp:term":[{"taxonomy":"product_brand","embeddable":true,"href":"https:\/\/harristweed-shop.be\/fr\/wp-json\/wp\/v2\/product_brand?post=543712"},{"taxonomy":"product_cat","embeddable":true,"href":"https:\/\/harristweed-shop.be\/fr\/wp-json\/wp\/v2\/product_cat?post=543712"},{"taxonomy":"product_tag","embeddable":true,"href":"https:\/\/harristweed-shop.be\/fr\/wp-json\/wp\/v2\/product_tag?post=543712"}],"curies":[{"name":"wp","href":"https:\/\/api.w.org\/{rel}","templated":true}]}}